{"id":22457,"date":"2024-10-27T23:29:36","date_gmt":"2024-10-27T23:29:36","guid":{"rendered":"https:\/\/ozlemozyasar.com\/?page_id=22457"},"modified":"2025-08-07T17:57:56","modified_gmt":"2025-08-07T17:57:56","slug":"mesafeli-satis-sozlesmesi","status":"publish","type":"page","link":"https:\/\/ozlemozyasar.com\/en\/mesafeli-satis-sozlesmesi\/","title":{"rendered":"Mesafeli Sat\u0131\u015f S\u00f6zle\u015fmesi"},"content":{"rendered":"<p style=\"font-weight: 400;\"><strong>Mesafeli Sat\u0131\u015f S\u00f6zle\u015fmesi<\/strong><\/p>\n<p style=\"font-weight: 400;\">\u0130\u015fbu s\u00f6zle\u015fme, ALICI\u2019n\u0131n internet sitesinden \u00fcye olduktan ya da \u00fcyelik ger\u00e7ekle\u015ftirmeksizin i\u015flem yapt\u0131\u011f\u0131 halleri de kapsamak \u00fczere SATICI&#8217;ya ait\u00a0<a href=\"https:\/\/ozlemozyasar.com\/en\/\"><strong>www.ozlemozyasar.com<\/strong><\/a>\u00a0adl\u0131 internet sitesi \u00fczerinden sipari\u015f vererek sat\u0131n almak istedi\u011fi a\u015fa\u011f\u0131da belirtilen \u00fcr\u00fcnlerin ALICI&#8217;ya sat\u0131\u015f\u0131 ile teslimi ve di\u011fer hususlara ili\u015fkin olarak taraflar\u0131n hak ve y\u00fck\u00fcml\u00fcl\u00fcklerini d\u00fczenler. ALICI bu s\u00f6zle\u015fmeyi internet sitesinde onaylad\u0131ktan sonra, sipari\u015f verdi\u011fi \u00fcr\u00fcn\/\u00fcr\u00fcnlerin bedelini ve masraflar\u0131n\u0131 se\u00e7ti\u011fi \u00f6deme y\u00f6ntemi ile tahsil olunur.<\/p>\n<p style=\"font-weight: 400;\">\u00a0<a href=\"https:\/\/ozlemozyasar.com\/en\/\"><strong>www.ozlemozyasar.com<\/strong><\/a> adl\u0131 internet sitesine \u00fcye olan yahut \u00fcyelik ger\u00e7ekle\u015ftirmeden al\u0131\u015fveri\u015f yapan t\u00fcm ALICI\u2019lar ya da ALICI adaylar\u0131, taraf\u0131m\u0131zca d\u00fczenlenmi\u015f olan a\u015fa\u011f\u0131daki sat\u0131\u015f s\u00f6zle\u015fmemizin t\u00fcm maddelerini ba\u015fka bir ihbara gerek kalmadan okumu\u015f ve kabul etmi\u015f say\u0131l\u0131r.<\/p>\n<p style=\"font-weight: 400;\"><strong>MADDE 1: TARAFLAR<\/strong><\/p>\n<p style=\"font-weight: 400;\">\u0130\u015fbu s\u00f6zle\u015fme SATICI \u201c\u00d6zlem Derundere \u2013 VKN:7170117526\u201d ile ALICI olarak\u00a0<a href=\"https:\/\/ozlemozyasar.com\/en\/\"><strong>www.ozlemozyasar.com<\/strong><\/a>\u00a0al\u0131\u015fveri\u015f sitesinden \u00fcye olarak ya da \u00fcyelik ger\u00e7ekle\u015ftirmeksizin sipari\u015f verenler aras\u0131nda kurulmu\u015f say\u0131lmakta olup, s\u00f6zle\u015fme i\u00e7inde m\u00fc\u015ftereken TARAFLAR olarak an\u0131lacakt\u0131r. \u0130\u015fbu internet sitesi \u00fczerinden \u00fcye olarak ya da \u00fcyelik ger\u00e7ekle\u015ftirmeksizin sipari\u015f http:\/\/www.byozlem.com\/veren herkesin adres ve ileti\u015fim bilgileri esas al\u0131n\u0131r.<\/p>\n<p style=\"font-weight: 400;\"><strong>Madde 2: S\u00d6ZLE\u015eME KONUSU \u00dcR\u00dcN B\u0130LG\u0130LER\u0130<\/strong><\/p>\n<p style=\"font-weight: 400;\">Sat\u0131\u015f i\u015flemine konu olan \u00fcr\u00fcn\u00fcn cinsi, kodu, adedi, sat\u0131\u015f bedeli, \u00f6deme \u015fekli, teslim \u015fekli sipari\u015f i\u015fleminin sonland\u0131\u011f\u0131 an mevcut olan bilgilerden olu\u015fmaktad\u0131r.<\/p>\n<p style=\"font-weight: 400;\"><strong>MADDE 3: GENEL H\u00dcK\u00dcMLER<\/strong><\/p>\n<p style=\"font-weight: 400;\">3.1. Al\u0131c\u0131, s\u00f6zle\u015fmeye konu olan \u00fcr\u00fcn\/\u00fcr\u00fcnlerin \u00f6zellikleri, temel nitelikleri, sat\u0131\u015f bedeli ve \u00f6deme \u015fekli ile teslimata ili\u015fkin t\u00fcm \u00f6n bilgileri okudu\u011funu ve t\u00fcm bu bilgiler hakk\u0131nda bilgi sahibi oldu\u011funu ve elektronik ortamda gerekli onay\u0131 verdi\u011fini kabul ve beyan etmektedir.<\/p>\n<p style=\"font-weight: 400;\">3.2. S\u00f6zle\u015fmeye konu \u00fcr\u00fcn\/\u00fcr\u00fcnler, yasal 30 g\u00fcnl\u00fck s\u00fcreyi a\u015fmamak kayd\u0131yla her bir \u00fcr\u00fcn\/\u00fcr\u00fcnler i\u00e7in ALICI&#8217;n\u0131n belirtti\u011fi teslimat adresinin uzakl\u0131\u011f\u0131na ba\u011fl\u0131 olarak \u00f6n bilgiler i\u00e7inde belirtilen s\u00fcre i\u00e7inde ALICI veya ALICI taraf\u0131ndan teslim olunmas\u0131n\u0131 talep etti\u011fi adresteki ki\u015fi\/kurulu\u015fa teslim edilir. \u0130\u015f bu s\u00fcre ALICI\u2019ya bilgi verilerek 7 g\u00fcn daha uzat\u0131labilir. M\u00fccbir sebepler sakl\u0131d\u0131r.<\/p>\n<p style=\"font-weight: 400;\">3.3. S\u00f6zle\u015fmeye konu olan \u00fcr\u00fcn\/\u00fcr\u00fcnlerin ALICI taraf\u0131ndan teslim olunmas\u0131 talep edilen ba\u015fka bir ki\u015fi\/kurulu\u015fa teslim edilecek olmas\u0131 halinde, teslim edilecek ki\u015fi\/kurulu\u015fun teslimat\u0131 kabul etmemesi ya da teslim edecek ki\u015fi\/kurulu\u015fun yerinde bulunamamas\u0131 sebebiyle SATICI sorumlu de\u011fildir.<\/p>\n<p style=\"font-weight: 400;\">3.4. ALICI taraf\u0131ndan <a href=\"https:\/\/ozlemozyasar.com\/en\/\"><strong>www.ozlemozyasar.com<\/strong><\/a>\u00a0\u00a0al\u0131\u015fveri\u015f sitesinden \u00fcye olarak ya da \u00fcyelik ger\u00e7ekle\u015ftirmeksizin sipari\u015f edilen \u00fcr\u00fcn\u00fc\/\u00fcr\u00fcnleri ALICI\u2019ya ya da ALICI\u2019n\u0131n taraf\u0131m\u0131za bildirdi\u011fi adreste teslim alacak bir kimsenin olmamas\u0131 durumunda kargo firmas\u0131 ile temas kurarak \u00fcr\u00fcnlerin sevkiyat\u0131n\u0131 takip etmek ALICI&#8217;n\u0131n sorumlulu\u011fundad\u0131r.<\/p>\n<p style=\"font-weight: 400;\">3.5. ALICI&#8217;n\u0131n \u00fcr\u00fcn\/\u00fcr\u00fcnleri ge\u00e7 teslim almas\u0131ndan kaynaklanan her t\u00fcrl\u00fc zarar ve ziyan ile \u00fcr\u00fcn\/\u00fcr\u00fcnlerin kargo \u015firketinde beklemi\u015f olmas\u0131 ve\/veya kargonun SATICI&#8217;ya iade edilmesinden dolay\u0131 olu\u015fan giderlerden ALICI sorumlu olup belirtilen sebeplerden kaynaklanacak i\u015fbu giderler ALICI\u2019ya aittir.<\/p>\n<p style=\"font-weight: 400;\">3.6. ALICI, \u00fcr\u00fcn\u00fc\/\u00fcr\u00fcnleri teslim ald\u0131\u011f\u0131 anda kontrol etmekle ve \u00fcr\u00fcn\/\u00fcr\u00fcnlerde kargodan kaynaklanan bir sorun tespit etti\u011finde, \u00fcr\u00fcn\u00fc\/\u00fcr\u00fcnleri kabul etmemek ve ilgili kargo firmas\u0131 \u00e7al\u0131\u015fan\u0131\/yetkilisiyle i\u015fbu durumu tutanak alt\u0131na almakla y\u00fck\u00fcml\u00fcd\u00fcr. Aksi halde SATICI sorumluluk kabul etmeyecektir. \u00dcr\u00fcn\u00fcn ALICI taraf\u0131ndan teslim al\u0131nmamas\u0131 ve kargoda oldu\u011fu s\u00fcre i\u00e7erisinde meydana gelen zararlardan SATICI sorumlu de\u011fildir.<\/p>\n<p style=\"font-weight: 400;\">3.7. Aksi a\u00e7\u0131kca belirtilmedi\u011fi s\u00fcrece \u00fcr\u00fcn\/\u00fcr\u00fcnlerin teslimat masraflar\u0131 (kargo \u00fccreti vb.) ALICI&#8217;ya aittir. SATICI\u2019n\u0131n kendi insiyatifine ba\u011fl\u0131 olarak teslimat masraflar\u0131n\u0131n tamam\u0131n\u0131n ya da bir k\u0131sm\u0131n\u0131n ALICI&#8217;ya yans\u0131tmama hakk\u0131 sakl\u0131 olup, SATICI\u2019n\u0131n kendi insiyatifiyle ger\u00e7ekle\u015ftirilmesi halinde genel ge\u00e7er kural anlam\u0131na gelmez.<\/p>\n<p style=\"font-weight: 400;\">3.8. ALICI&#8217;n\u0131n, SATICI taraf\u0131ndan aksi yaz\u0131l\u0131 \u00f6ng\u00f6r\u00fclmemi\u015f ise, \u00fcr\u00fcn\u00fc\/\u00fcr\u00fcnleri teslim almadan \u00f6nce sat\u0131\u015fa konu \u00fcr\u00fcn\/\u00fcr\u00fcnlerin bedelini tamamen \u00f6demi\u015f olmas\u0131 gerekmektedir. Pe\u015fin ger\u00e7ekle\u015ftirilen sat\u0131\u015flarda teslimattan \u00f6nce \u00fcr\u00fcn\/\u00fcr\u00fcnlerin bedelinin SATICI&#8217;ya tamamen \u00f6denmedi\u011fi, taksitli sat\u0131\u015flarda vadesi gelen taksit tutar\u0131 tediye edilmedi\u011fi takdirde SATICI, tek tarafl\u0131 olarak s\u00f6zle\u015fmeyi iptal ya da feshedebilir. Bununla birlikte SATICI \u00fcr\u00fcn\/\u00fcr\u00fcnleri teslim etmekten ka\u00e7\u0131nma hakk\u0131na sahiptir.<\/p>\n<p style=\"font-weight: 400;\">3.9. SATICI, s\u00f6zle\u015fmeye konu \u00fcr\u00fcn\/\u00fcr\u00fcnlerim tam, sa\u011flam, eksiksiz ve sipari\u015fte belirtilen \u00f6zelliklere uygun ve varsa garanti belgeleri, kullan\u0131m talimat\u0131 ve kullan\u0131m k\u0131lavuzlar\u0131 ile teslim edilmesinden sorumludur.<\/p>\n<p style=\"font-weight: 400;\">3.10. \u00dcr\u00fcn\/\u00fcr\u00fcnlerin tesliminden sonra ALICI&#8217;ya ait kredi kart\u0131n\u0131n ALICI&#8217;n\u0131n kusurundan kaynaklanmayan bir \u015fekilde yetkisiz ki\u015filerce haks\u0131z veya hukuka ayk\u0131r\u0131 olarak kullan\u0131lmas\u0131 durumunda ilgili banka veya finans kurulu\u015fun \u00fcr\u00fcn\/\u00fcr\u00fcnlerin bedelini SATICI&#8217;ya \u00f6dememesi halinde, ALICI&#8217;n\u0131n kendisine teslim edilmi\u015f olmas\u0131 kayd\u0131yla \u00fcr\u00fcn\u00fcn 3 g\u00fcn i\u00e7inde SATICI&#8217;ya g\u00f6nderilmesi zorunludur. Bu takdirde kargo ve teslimata ili\u015fkin nakliye giderleri ALICI&#8217;ya aittir.<\/p>\n<p style=\"font-weight: 400;\">3.11. SATICI m\u00fccbir sebepler, kargoya verilmesi veya teslimi engelleyen herhangi bir sebebin meydana gelmesi halinde s\u00f6zle\u015fme konusu \u00fcr\u00fcn\u00fc s\u00fcresi i\u00e7inde teslim edemez ise yahut teslim edemeyece\u011fini \u00f6ng\u00f6rmesi halinde, i\u015fbu durumu ALICI&#8217;ya bildirmekle y\u00fck\u00fcml\u00fcd\u00fcr. Bu takdirde ALICI sipari\u015fin iptal edilmesini, s\u00f6zle\u015fme konusu \u00fcr\u00fcn\/\u00fcr\u00fcnlerin varsa emsali ile de\u011fi\u015ftirilmesini, teslimat i\u015flemlerinin teslimat\u0131 engelleyici ya da teslimat s\u00fcresinin geciktirici durumun ortadan kalkmas\u0131na kadar bekletilmesi haklar\u0131ndan birini kullanabilir.<\/p>\n<p style=\"font-weight: 400;\">3.12. ALICI&#8217;n\u0131n sipari\u015fi iptal etmesi durumunda \u00f6demi\u015f oldu\u011fu tutar 10 g\u00fcn i\u00e7inde kendisine nakden ve defaten \u00f6denir. \u00a0Kredi kart\u0131 ile ger\u00e7ekle\u015ftirilen \u00f6demelerde iade i\u015flemi de ALICI kredi kart\u0131na iade sureti ile yap\u0131l\u0131r ve \u00fcr\u00fcn\/\u00fcr\u00fcnlerin tutar\u0131, sipari\u015fin ALICI taraf\u0131ndan iptal edilmesinden sonra i\u015fbu s\u00f6zle\u015fmede belirtilen s\u00fcre i\u00e7erisinde ilgili bankaya iade edilir. SATICI, i\u015fbu tutar\u0131n bankaya iadesi i\u015flemini ger\u00e7ekle\u015ftirdikten sonra tutar\u0131n ALICI hesaplar\u0131na aktar\u0131lmas\u0131 tamamen banka i\u015flem s\u00fcreci ile ilgili olaca\u011f\u0131ndan muhtemel gecikmeler i\u00e7in ALICI, SATICI&#8217;n\u0131n herhangi bir sorumlulu\u011funun olmad\u0131\u011f\u0131n\u0131 pe\u015finen kabul ve beyan eder.<\/p>\n<p style=\"font-weight: 400;\">3.13. SATICI taraf\u0131ndan s\u00f6zle\u015fme konusu \u00fcr\u00fcn\/\u00fcr\u00fcnlerin tedarik edemeyece\u011finin yahut \u00fcretilemeyece\u011finin anla\u015f\u0131lmas\u0131 halinde, bu durumu \u00f6\u011frendi\u011fi tarihten itibaren \u00fc\u00e7 (3) g\u00fcn i\u00e7inde a\u00e7\u0131k bir \u015fekilde ALICI&#8217;y\u0131 kanunda yaz\u0131l\u0131 \u015fekilde bilgilendirmek ve s\u00f6zl\u00fc veya yaz\u0131l\u0131 onay\u0131n\u0131 almak \u015fart\u0131yla, ayn\u0131 kalite ve ayn\u0131 fiyatta ba\u015fka bir \u00fcr\u00fcn tedarik etmesi durumunda i\u015fbu s\u00f6zle\u015fme konusu edimlerini bu suretle yerine getirmi\u015f say\u0131lacakt\u0131r. ALICI s\u00f6z konusu onay\u0131 verip vermemekte \u00f6zg\u00fcrd\u00fcr. ALICI\u2019n\u0131n onay vermedi\u011fi hallerde s\u00f6z konusu \u00fcr\u00fcn\/\u00fcr\u00fcnlerin sipari\u015fini iptal edebilecek olup i\u015fbu s\u00f6zle\u015fmenin feshine ili\u015fkin akdi-kanuni h\u00fck\u00fcmler uygulan\u0131r.<\/p>\n<p style=\"font-weight: 400;\">3.14.\u00a0\u0130\u015fbu s\u00f6zle\u015fmeden ve\/veya uygulanmas\u0131ndan do\u011fabilecek her t\u00fcrl\u00fc uyu\u015fmazl\u0131\u011f\u0131n \u00e7\u00f6z\u00fcm\u00fcnde SATICI kay\u0131tlar\u0131 delil olu\u015fturur; taraflar\u0131n ilgili emredici kanuni d\u00fczenlemelerden do\u011fan haklar\u0131 sakl\u0131d\u0131r.<\/p>\n<p style=\"font-weight: 400;\"><strong>MADDE 4: CAYMA HAKKI<\/strong><\/p>\n<p style=\"font-weight: 400;\">4.1. ALICI, s\u00f6zle\u015fmeye konu olan sipari\u015f edilen \u00fcr\u00fcn\/\u00fcr\u00fcnlerin kendisine veya g\u00f6sterdi\u011fi adresteki ki\u015fi\/kurulu\u015fa tesliminden itibaren (14) g\u00fcn i\u00e7inde cayma hakk\u0131na sahiptir. Cayma hakk\u0131n\u0131n kullan\u0131lmas\u0131 i\u00e7in bu s\u00fcre i\u00e7inde SATICIYA&#8217;ya ALICI taraf\u0131ndan faks, email veya telefon ile bildirimde bulunulmas\u0131 ve \u00fcr\u00fcn\/\u00fcr\u00fcnlerin ilgili madde h\u00fck\u00fcmleri \u00e7er\u00e7evesinde kullan\u0131lmam\u0131\u015f olmas\u0131 \u015fartt\u0131r. Cayma hakk\u0131n\u0131n kullan\u0131lmas\u0131 halinde, 3. ki\u015fiye veya ALICI&#8217;ya teslim edilen \u00fcr\u00fcn\/\u00fcr\u00fcnlerin SATICI&#8217;ya g\u00f6nderildi\u011fine ili\u015fkin kargo teslim tutana\u011f\u0131 \u00f6rne\u011fi ile fatura asl\u0131n\u0131n iadesi gerekmektedir. Bu belgelerin SATICI\u2019ya ula\u015fmas\u0131n\u0131 takip eden 10 g\u00fcn i\u00e7inde \u00fcr\u00fcn\/\u00fcr\u00fcnlerin bedeli ALICI&#8217;ya iade edilir. Fatura asl\u0131 g\u00f6nderilmez ise KDV ve varsa sair yasal y\u00fck\u00fcml\u00fcl\u00fckler iade edilemeyece\u011finden sorumluluk ALICI\u2019n\u0131nd\u0131r.<\/p>\n<p style=\"font-weight: 400;\">4.2. Cayma hakk\u0131 nedeni ile iade edilen \u00fcr\u00fcn\u00fcn kargo bedeli SATICI taraf\u0131ndan kar\u015f\u0131lan\u0131r. Niteli\u011fi itibariyle iade edilemeyecek \u00fcr\u00fcnler \u00fcr\u00fcnler i\u00e7in cayma hakk\u0131 kullan\u0131lamaz. \u00dcr\u00fcn\u00fcn ambalaj\u0131n\u0131n a\u00e7\u0131lmam\u0131\u015f, bozulmam\u0131\u015f ve \u00fcr\u00fcn\u00fcn kullan\u0131lmam\u0131\u015f olmas\u0131 \u015fart\u0131na ba\u011fl\u0131d\u0131r.<\/p>\n<p style=\"font-weight: 400;\"><strong>MADDE 5: ALICININ KANUN\u0130 BA\u015eVURU YOLLARI<\/strong><\/p>\n<p style=\"font-weight: 400;\">\u0130\u015fbu s\u00f6zle\u015fmeden do\u011fabilecek ihtilaflarda, kanun gere\u011fi her y\u0131l ilan edilen\u00a0 parasal s\u0131n\u0131rlar d\u00e2hilinde \u0130l ve \u0130l\u00e7e T\u00fcketici Hakem Heyetleri, bu s\u0131n\u0131rlar\u0131 a\u015fan durumlarda T\u00fcketici Mahkemeleri g\u00f6revlidir. ALICI kendisinin veya dilerse SATICI&#8217;n\u0131n yerle\u015fim yerindeki Hakem Heyetleri ve T\u00fcketici Mahkemeleri&#8217;ne ba\u015fvurabilir.<\/p>\n<p style=\"font-weight: 400;\">ALICI, SATICI\u2019n\u0131n <a href=\"https:\/\/ozlemozyasar.com\/en\/\"><strong>www.ozlemozyasar.com<\/strong><\/a>\u00a0 adl\u0131 internet sitesinde yer alan i\u015fbu s\u00f6zle\u015fme ve ayr\u0131lmaz par\u00e7as\u0131 olan sipari\u015f\/mesafeli sat\u0131\u015f s\u00f6zle\u015fmesi \u00f6n bilgilendirmelerinde yaz\u0131l\u0131 t\u00fcm ko\u015fullar\u0131 ve a\u00e7\u0131klamalar\u0131 okudu\u011funu, sat\u0131\u015f i\u015flemine konu \u00fcr\u00fcn\/\u00fcr\u00fcnlerin temel \u00f6zellikleri, sat\u0131\u015f bedeli, \u00f6deme \u015fekli, teslimat \u015fekli, SATICI ve sat\u0131\u015fa konu \u00fcr\u00fcn\/\u00fcr\u00fcnler ile ilgili di\u011fer t\u00fcm \u00f6n bilgiler-bilgilendirmeler ve cayma hakk\u0131 ile ki\u015fisel bilgiler-elektronik ileti\u015fim dahil bu i\u015fbu s\u00f6zle\u015fmede yer alan hususlarda \u00f6nceden bilgi sahibi oldu\u011funu, tamam\u0131n\u0131 <a href=\"https:\/\/ozlemozyasar.com\/en\/\"><strong>www.ozlemozyasar.com<\/strong><\/a>\u00a0\u00a0adl\u0131 internet sitesinde elektronik ortamda g\u00f6rd\u00fc\u011f\u00fcn\u00fc ve yine t\u00fcm bunlara elektronik ortamda teyit-onay-kabul-iznini vererek \u00fcr\u00fcn\/\u00fcr\u00fcnleri sipari\u015f ile i\u015fbu s\u00f6zle\u015fmede yer alan t\u00fcm h\u00fck\u00fcmlerini kabul etti\u011fini kabul ve beyan eder.<\/p>\n<p style=\"font-weight: 400;\">","protected":false},"excerpt":{"rendered":"<p>Mesafeli Sat\u0131\u015f S\u00f6zle\u015fmesi \u0130\u015fbu s\u00f6zle\u015fme, ALICI\u2019n\u0131n internet sitesinden \u00fcye olduktan ya da \u00fcyelik ger\u00e7ekle\u015ftirmeksizin i\u015flem yapt\u0131\u011f\u0131 halleri de kapsamak \u00fczere SATICI&#8217;ya ait\u00a0www.ozlemozyasar.com\u00a0adl\u0131 internet sitesi \u00fczerinden sipari\u015f vererek sat\u0131n almak istedi\u011fi a\u015fa\u011f\u0131da belirtilen \u00fcr\u00fcnlerin ALICI&#8217;ya sat\u0131\u015f\u0131 ile teslimi ve di\u011fer hususlara ili\u015fkin olarak taraflar\u0131n hak ve y\u00fck\u00fcml\u00fcl\u00fcklerini d\u00fczenler. ALICI bu s\u00f6zle\u015fmeyi internet sitesinde onaylad\u0131ktan sonra, sipari\u015f [&hellip;]<\/p>\n","protected":false},"author":2,"featured_media":0,"parent":0,"menu_order":0,"comment_status":"closed","ping_status":"closed","template":"","meta":{"_uf_show_specific_survey":0,"_uf_disable_surveys":false,"footnotes":""},"class_list":["post-22457","page","type-page","status-publish","hentry"],"_links":{"self":[{"href":"https:\/\/ozlemozyasar.com\/en\/wp-json\/wp\/v2\/pages\/22457","targetHints":{"allow":["GET"]}}],"collection":[{"href":"https:\/\/ozlemozyasar.com\/en\/wp-json\/wp\/v2\/pages"}],"about":[{"href":"https:\/\/ozlemozyasar.com\/en\/wp-json\/wp\/v2\/types\/page"}],"author":[{"embeddable":true,"href":"https:\/\/ozlemozyasar.com\/en\/wp-json\/wp\/v2\/users\/2"}],"replies":[{"embeddable":true,"href":"https:\/\/ozlemozyasar.com\/en\/wp-json\/wp\/v2\/comments?post=22457"}],"version-history":[{"count":4,"href":"https:\/\/ozlemozyasar.com\/en\/wp-json\/wp\/v2\/pages\/22457\/revisions"}],"predecessor-version":[{"id":24734,"href":"https:\/\/ozlemozyasar.com\/en\/wp-json\/wp\/v2\/pages\/22457\/revisions\/24734"}],"wp:attachment":[{"href":"https:\/\/ozlemozyasar.com\/en\/wp-json\/wp\/v2\/media?parent=22457"}],"curies":[{"name":"wp","href":"https:\/\/api.w.org\/{rel}","templated":true}]}}