{"id":22463,"date":"2024-10-27T23:31:09","date_gmt":"2024-10-27T23:31:09","guid":{"rendered":"https:\/\/ozlemozyasar.com\/?page_id=22463"},"modified":"2025-08-07T17:58:01","modified_gmt":"2025-08-07T17:58:01","slug":"gizlilik-politikasi","status":"publish","type":"page","link":"https:\/\/ozlemozyasar.com\/en\/gizlilik-politikasi\/","title":{"rendered":"Gizlilik Politikas\u0131"},"content":{"rendered":"<p style=\"font-weight: 400;\"><strong>Gizlilik ve G\u00fcvenlik<\/strong><\/p>\n<p style=\"font-weight: 400;\"><strong>\u00a0<\/strong><\/p>\n<p style=\"font-weight: 400;\"><a href=\"https:\/\/ozlemozyasar.com\/en\/\">www.ozlemozyasar.com<\/a> \u2018u ziyaret etmek i\u00e7in herhangi bir ki\u015fisel bilginizi vermeniz gerekmemektedir.<\/p>\n<p style=\"font-weight: 400;\"><a href=\"https:\/\/ozlemozyasar.com\/en\/\">www.ozlemozyasar.com<\/a> &#8216;a \u00fcye olmak ya da al\u0131\u015fveri\u015f yapmak i\u00e7in baz\u0131 ki\u015fisel bilgilerinizi vermeniz gerekmektedir. Ki\u015fisel bilgilerinizin gizlili\u011fi korunmaktad\u0131r. <a href=\"https:\/\/ozlemozyasar.com\/en\/\">www.ozlemozyasar.com<\/a>\u00a0\u00a0internet sitesinin sahibi, bu bilgileri \u00fc\u00e7\u00fcnc\u00fc \u015fah\u0131s, kurum ve kurulu\u015flarla payla\u015fmaz.<\/p>\n<p style=\"font-weight: 400;\">\u00d6zlem Derundere, \u00f6ncelikle m\u00fc\u015fterilerine ve \u00fcyelerine g\u00fcvenli bir al\u0131\u015fveri\u015f ortam\u0131 sa\u011flamay\u0131 ilke edinmi\u015f bir butik olarak \u00e7e\u015fitli ama\u00e7larla ki\u015fisel veriler toplayabilir. Toplanan ki\u015fisel verilerin nas\u0131l ve ne \u015fekilde topland\u0131\u011f\u0131na, bu verilerin nas\u0131l ve ne \u015fekilde korundu\u011funa ili\u015fkin olarak ve 6698 say\u0131l\u0131 Kanun\u2019dan do\u011fan haklar\u0131n\u0131z ve haklar\u0131n\u0131z\u0131 nas\u0131l kullanaca\u011f\u0131n\u0131za y\u00f6nelik detayl\u0131 bilgi i\u00e7in Ki\u015fisel Verilerin Korunmas\u0131 Politikas\u0131n\u0131 inceleyebilirsiniz.<\/p>\n<p style=\"font-weight: 400;\">Al\u0131\u015fveri\u015flerinizde kullan\u0131lan kredi kart\u0131 bilgileriniz\u00a0sunucular\u0131m\u0131zda tutulmamaktad\u0131r. Al\u0131\u015fveri\u015finiz s\u0131ras\u0131nda onay i\u00e7in bankaya y\u00f6nlendirilmektedir.<\/p>\n<p style=\"font-weight: 400;\"><strong>\u00c7erez Politikas\u0131 ve Bilgilendirme<\/strong><\/p>\n<p style=\"font-weight: 400;\"><a href=\"https:\/\/ozlemozyasar.com\/en\/\">www.ozlemozyasar.com<\/a> taraf\u0131ndan gizlili\u011finize ve veri g\u00fcvenli\u011finize \u00f6nem verilmektedir. Bu kapsamda sizleri, \u201c\u00e7erez\u201d (Cookie) politikam\u0131z hakk\u0131nda bilgilendirmek ve ayd\u0131nlatmak i\u00e7in bu metin haz\u0131rlanm\u0131\u015ft\u0131r.<\/p>\n<p style=\"font-weight: 400;\">\u0130nternet siteleri; teknik, i\u015flevsel, deneyim kalitesini artt\u0131rmak ve benzeri bir\u00e7ok sebepten \u201c\u00e7erez\u201d kullanmaktad\u0131r. A\u015fa\u011f\u0131da \u201c\u00e7erez\u201d kullan\u0131m\u0131m\u0131z, kullan\u0131c\u0131lar\u0131n bu \u00e7erezleri \u00e7e\u015fitli yerlerde nas\u0131l y\u00f6netebilece\u011fi a\u00e7\u0131klanmaktad\u0131r. Bu sekmede a\u00e7\u0131klanan bilgiler, Ki\u015fisel Verilerin Korunmas\u0131 Kanunu \u00e7er\u00e7evesinde sitemizden eri\u015filebilen Gizlilik ve G\u00fcvenlik, Kvkk Ayd\u0131nlatma ve A\u00e7\u0131k R\u0131za Metni ile b\u00fct\u00fcn olarak de\u011ferlendirilmelidir.<\/p>\n<p style=\"font-weight: 400;\"><strong>\u00a0<\/strong><\/p>\n<p style=\"font-weight: 400;\">\u00c7erez (Cookie), herhangi bir \u0130nternet sitesi taraf\u0131ndan bilgisayara b\u0131rak\u0131lan bir t\u00fcr tan\u0131mlama dosyas\u0131d\u0131r. \u00c7erez dosyalar\u0131nda oturum bilgileri ve benzeri veriler saklan\u0131r. \u00c7erez kullanan bir site ziyaret edildi\u011finde bu site, eri\u015fimin yap\u0131ld\u0131\u011f\u0131 taray\u0131c\u0131ya sabit diske bir ya da daha fazla \u00e7erez b\u0131rakma konusunda talep g\u00f6nderebilir. \u00c7erezler, siteyi ziyaret eden ki\u015filere ait isim, ya\u015f, adres, cinsiyet gibi ki\u015fisel verileri bar\u0131nd\u0131rmazlar.<\/p>\n<p style=\"font-weight: 400;\"><strong>\u00a0<\/strong><\/p>\n<p style=\"font-weight: 400;\">\u00c7erezler, kullan\u0131m amac\u0131, s\u00fcreleri ve olu\u015fturanlar a\u00e7\u0131s\u0131ndan ayr\u0131l\u0131rlar. \u00c7erezi olu\u015fturan ve yerle\u015ftiren taraf\u0131n kim oldu\u011funa ba\u011fl\u0131 olarak internet sitesi \u00e7erezleri ve \u00fc\u00e7\u00fcnc\u00fc taraf \u00e7erezleri kullan\u0131lmaktad\u0131r. \u00dc\u00e7\u00fcnc\u00fc taraf \u00e7erezleri, internet sitesinin i\u015f ortaklar\u0131na, hizmet sa\u011flay\u0131c\u0131lar\u0131na ve i\u015f birlikteliklerine ba\u011fl\u0131 olarak farkl\u0131 \u015firketler taraf\u0131ndan y\u00f6netilebilmektedir.<\/p>\n<p style=\"font-weight: 400;\">Gerekli durumlarda, sizi tan\u0131mam\u0131zda yard\u0131mc\u0131 olmas\u0131, ki\u015fiselle\u015ftirilmi\u015f \u00fcst\u00fcn bir al\u0131\u015fveri\u015f deneyimi ya\u015faman\u0131z amac\u0131yla \u201c\u00e7erez&#8221; olarak adland\u0131r\u0131lan bilgiler, bilgisayar\u0131n\u0131z taraf\u0131ndan uygun bulunan yere yerle\u015ftirilebilir. \u00c7erez kullan\u0131m\u0131, internet \u00fczerinde standart olarak kabul edilen bir uygulamad\u0131r. \u00c7erezleri alma\/engelleme ayar\u0131n\u0131 dilerseniz internet taray\u0131c\u0131n\u0131zdan de\u011fi\u015ftirebilirsiniz.<\/p>\n<p style=\"font-weight: 400;\">\u0130nternet sitemizin \u00e7al\u0131\u015fmas\u0131 i\u00e7in gerekli olan baz\u0131 konularda \u00e7erez kullan\u0131m\u0131n\u0131 tercihe ba\u011fl\u0131 olarak devre d\u0131\u015f\u0131 b\u0131rakmak, internet sitesinin do\u011fru \u00e7al\u0131\u015fmas\u0131na engel olabilmektedir. Bu tip \u00e7erezler ile ilgili tercihlerinizi de\u011fi\u015ftirdi\u011finizde internet sitemizden edinece\u011finiz bilgi ve ziyaret deneyiminizin aksamaya u\u011framayaca\u011f\u0131n\u0131 garanti edemeyiz.<\/p>\n<p style=\"font-weight: 400;\">\u00c7erezler hakk\u0131nda daha detayl\u0131 bilgi edinmek i\u00e7in l\u00fctfen\u00a0 <a href=\"http:\/\/www.allaboutcookies.org\/\" rel=\"nofollow noopener\" target=\"_blank\">www.allaboutcookies.org<\/a>\u00a0sitesini inceleyiniz.<\/p>\n<p style=\"font-weight: 400;\"><a href=\"https:\/\/ozlemozyasar.com\/en\/\">www.ozlemozyasar.com<\/a> &#8216;a ba\u011flanarak al\u0131\u015fveri\u015f yap\u0131lan bilgisayarlar\u0131n IP adresleri, herhangi bir sahtecilik durumunda yasal mercilere iletilmek \u00fczere kay\u0131t alt\u0131na al\u0131nmaktad\u0131r.<\/p>\n<p style=\"font-weight: 400;\"><strong><u>\u00a0<\/u><\/strong><\/p>\n<p style=\"font-weight: 400;\"><a href=\"https:\/\/ozlemozyasar.com\/en\/\">www.ozlemozyasar.com<\/a> &#8216; u kulland\u0131\u011f\u0131n\u0131zda, yukar\u0131daki h\u00fck\u00fcm ve ko\u015fullar\u0131 okumu\u015f, anlam\u0131\u015f ve kabul etmi\u015f olmaktas\u0131n\u0131z.<\/p>\n<p style=\"font-weight: 400;\">","protected":false},"excerpt":{"rendered":"<p>Gizlilik ve G\u00fcvenlik \u00a0 www.ozlemozyasar.com \u2018u ziyaret etmek i\u00e7in herhangi bir ki\u015fisel bilginizi vermeniz gerekmemektedir. www.ozlemozyasar.com &#8216;a \u00fcye olmak ya da al\u0131\u015fveri\u015f yapmak i\u00e7in baz\u0131 ki\u015fisel bilgilerinizi vermeniz gerekmektedir. Ki\u015fisel bilgilerinizin gizlili\u011fi korunmaktad\u0131r. www.ozlemozyasar.com\u00a0\u00a0internet sitesinin sahibi, bu bilgileri \u00fc\u00e7\u00fcnc\u00fc \u015fah\u0131s, kurum ve kurulu\u015flarla payla\u015fmaz. \u00d6zlem Derundere, \u00f6ncelikle m\u00fc\u015fterilerine ve \u00fcyelerine g\u00fcvenli bir al\u0131\u015fveri\u015f ortam\u0131 sa\u011flamay\u0131 [&hellip;]<\/p>\n","protected":false},"author":2,"featured_media":0,"parent":0,"menu_order":0,"comment_status":"closed","ping_status":"closed","template":"","meta":{"_uf_show_specific_survey":0,"_uf_disable_surveys":false,"footnotes":""},"class_list":["post-22463","page","type-page","status-publish","hentry"],"_links":{"self":[{"href":"https:\/\/ozlemozyasar.com\/en\/wp-json\/wp\/v2\/pages\/22463","targetHints":{"allow":["GET"]}}],"collection":[{"href":"https:\/\/ozlemozyasar.com\/en\/wp-json\/wp\/v2\/pages"}],"about":[{"href":"https:\/\/ozlemozyasar.com\/en\/wp-json\/wp\/v2\/types\/page"}],"author":[{"embeddable":true,"href":"https:\/\/ozlemozyasar.com\/en\/wp-json\/wp\/v2\/users\/2"}],"replies":[{"embeddable":true,"href":"https:\/\/ozlemozyasar.com\/en\/wp-json\/wp\/v2\/comments?post=22463"}],"version-history":[{"count":3,"href":"https:\/\/ozlemozyasar.com\/en\/wp-json\/wp\/v2\/pages\/22463\/revisions"}],"predecessor-version":[{"id":23012,"href":"https:\/\/ozlemozyasar.com\/en\/wp-json\/wp\/v2\/pages\/22463\/revisions\/23012"}],"wp:attachment":[{"href":"https:\/\/ozlemozyasar.com\/en\/wp-json\/wp\/v2\/media?parent=22463"}],"curies":[{"name":"wp","href":"https:\/\/api.w.org\/{rel}","templated":true}]}}