{"id":23336,"date":"2024-12-03T20:39:54","date_gmt":"2024-12-03T20:39:54","guid":{"rendered":"https:\/\/ozlemozyasar.com\/?page_id=23336"},"modified":"2025-08-07T17:43:18","modified_gmt":"2025-08-07T17:43:18","slug":"hakkimizda","status":"publish","type":"page","link":"https:\/\/ozlemozyasar.com\/en\/hakkimizda\/","title":{"rendered":"Hakk\u0131m\u0131zda"},"content":{"rendered":"<div data-elementor-type=\"wp-page\" data-elementor-id=\"23336\" class=\"elementor elementor-23336\" data-elementor-post-type=\"page\">\n\t\t\t\t<div class=\"elementor-element elementor-element-6be406f6 e-flex e-con-boxed e-con e-parent\" data-id=\"6be406f6\" data-element_type=\"container\" data-e-type=\"container\">\n\t\t\t\t\t<div class=\"e-con-inner\">\n\t\t\t\t<div class=\"elementor-element elementor-element-63ff3e69 elementor-widget elementor-widget-heading\" data-id=\"63ff3e69\" data-element_type=\"widget\" data-e-type=\"widget\" data-widget_type=\"heading.default\">\n\t\t\t\t\t<h2 class=\"elementor-heading-title elementor-size-default\">B\u0130Z\nK\u0130M\u0130Z?<\/h2>\t\t\t\t<\/div>\n\t\t\t\t\t<\/div>\n\t\t\t\t<\/div>\n\t\t<div class=\"elementor-element elementor-element-3a61f0d7 e-flex e-con-boxed e-con e-parent\" data-id=\"3a61f0d7\" data-element_type=\"container\" data-e-type=\"container\">\n\t\t\t\t\t<div class=\"e-con-inner\">\n\t\t<div class=\"elementor-element elementor-element-9672881 e-con-full e-flex e-con e-child\" data-id=\"9672881\" data-element_type=\"container\" data-e-type=\"container\">\n\t\t\t\t<div class=\"elementor-element elementor-element-2cf417ec elementor-widget__width-initial elementor-widget elementor-widget-heading\" data-id=\"2cf417ec\" data-element_type=\"widget\" data-e-type=\"widget\" data-widget_type=\"heading.default\">\n\t\t\t\t\t<h2 class=\"elementor-heading-title elementor-size-default\">\u00dcretimin her a\u015famas\u0131nda\n\u00e7evreye \u00f6nem veriyoruz<\/h2>\t\t\t\t<\/div>\n\t\t\t\t<\/div>\n\t\t<div class=\"elementor-element elementor-element-79ab6754 e-con-full e-flex e-con e-child\" data-id=\"79ab6754\" data-element_type=\"container\" data-e-type=\"container\">\n\t\t\t\t<div class=\"elementor-element elementor-element-429d4dab elementor-widget__width-initial elementor-widget elementor-widget-heading\" data-id=\"429d4dab\" data-element_type=\"widget\" data-e-type=\"widget\" data-widget_type=\"heading.default\">\n\t\t\t\t\t<div class=\"elementor-heading-title elementor-size-default\">Biz , moda sekt\u00f6r\u00fcnde modern, yenilik\u00e7i ve kalite pe\u015finde ko\u015fan bir firmay\u0131z. \n2019 y\u0131l\u0131nda \u00d6zlem \u00d6zya\u015far taraf\u0131ndan kurulan \u015firketimiz, Gaziantep merkezlidir. 5 y\u0131l boyunca tasar\u0131m ve haz\u0131r tak\u0131 \u00fcr\u00fcnlerimiz ile hizmet vermeye devam ederken 2024 y\u0131l\u0131nda sizlerin deste\u011fi ile b\u00fcy\u00fcmeye ve kurumsal bir firma olmaya karar verdik. Kendi markam\u0131z\u0131 yaratarak m\u00fc\u015fterilerimize tasar\u0131m\/ haz\u0131r \u00fcr\u00fcn tak\u0131 ve giyim alan\u0131nda kaliteli ve modern \u00fcr\u00fcnler sunarak takip\u00e7ilerimizin ihtiya\u00e7, istek ve beklentilerini kar\u015f\u0131lamak i\u00e7in \u00e7al\u0131\u015f\u0131yoruz.  \nSezonluk haz\u0131rlad\u0131\u011f\u0131m\u0131z giyim ve tak\u0131 trendlerini bizimle yak\u0131ndan takip edin. <\/div>\t\t\t\t<\/div>\n\t\t\t\t<div class=\"elementor-element elementor-element-1eeada50 elementor-icon-list--layout-traditional elementor-list-item-link-full_width elementor-widget elementor-widget-icon-list\" data-id=\"1eeada50\" data-element_type=\"widget\" data-e-type=\"widget\" data-widget_type=\"icon-list.default\">\n\t\t\t\t\t\t\t<ul class=\"elementor-icon-list-items\">\n\t\t\t\t\t\t\t<li class=\"elementor-icon-list-item\">\n\t\t\t\t\t\t\t\t\t\t\t<span class=\"elementor-icon-list-icon\">\n\t\t\t\t\t\t\t<i aria-hidden=\"true\" class=\"icomoon icomoon-towel\"><\/i>\t\t\t\t\t\t<\/span>\n\t\t\t\t\t\t\t\t\t\t<span class=\"elementor-icon-list-text\">Yeni moda ak\u0131mlar\u0131yla.<\/span>\n\t\t\t\t\t\t\t\t\t<\/li>\n\t\t\t\t\t\t\t\t<li class=\"elementor-icon-list-item\">\n\t\t\t\t\t\t\t\t\t\t\t<span class=\"elementor-icon-list-icon\">\n\t\t\t\t\t\t\t<i aria-hidden=\"true\" class=\"icomoon icomoon-leaf\"><\/i>\t\t\t\t\t\t<\/span>\n\t\t\t\t\t\t\t\t\t\t<span class=\"elementor-icon-list-text\">\u00dcretimimizin her a\u015famas\u0131nda \u00e7evreye duyarl\u0131y\u0131z<\/span>\n\t\t\t\t\t\t\t\t\t<\/li>\n\t\t\t\t\t\t\t\t<li class=\"elementor-icon-list-item\">\n\t\t\t\t\t\t\t\t\t\t\t<span class=\"elementor-icon-list-icon\">\n\t\t\t\t\t\t\t<i aria-hidden=\"true\" class=\"icomoon icomoon-material\"><\/i>\t\t\t\t\t\t<\/span>\n\t\t\t\t\t\t\t\t\t\t<span class=\"elementor-icon-list-text\">En iyi kalite malzemeler<\/span>\n\t\t\t\t\t\t\t\t\t<\/li>\n\t\t\t\t\t\t<\/ul>\n\t\t\t\t\t\t<\/div>\n\t\t\t\t<\/div>\n\t\t\t\t\t<\/div>\n\t\t\t\t<\/div>\n\t\t<div class=\"elementor-element elementor-element-3d011179 e-flex e-con-boxed e-con e-parent\" data-id=\"3d011179\" data-element_type=\"container\" data-e-type=\"container\">\n\t\t\t\t\t<div class=\"e-con-inner\">\n\t\t<div class=\"elementor-element elementor-element-5e20d1e8 e-con-full e-flex e-con e-child\" data-id=\"5e20d1e8\" data-element_type=\"container\" data-e-type=\"container\" data-settings=\"{&quot;background_background&quot;:&quot;video&quot;,&quot;background_video_link&quot;:&quot;http:\\\/\\\/ozlemozyasar.local\\\/wp-content\\\/uploads\\\/2023\\\/05\\\/bg-about-us-beige.mp4&quot;}\">\n\t\t<div class=\"elementor-background-video-container elementor-hidden-mobile\">\n\t\t\t\t\t\t\t<video class=\"elementor-background-video-hosted\" role=\"presentation\" autoplay muted playsinline loop><\/video>\n\t\t\t\t\t<\/div>\t\t<div class=\"elementor-element elementor-element-403924a6 elementor-widget__width-initial elementor-widget elementor-widget-heading\" data-id=\"403924a6\" data-element_type=\"widget\" data-e-type=\"widget\" data-widget_type=\"heading.default\">\n\t\t\t\t\t<h2 class=\"elementor-heading-title elementor-size-default\">Sizi iyi hissettiren\nt\u00fcm k\u0131yafetler\ntutkumuzdur\nve misyonumuzdur<\/h2>\t\t\t\t<\/div>\n\t\t\t\t<div class=\"elementor-element elementor-element-685cdca elementor-widget elementor-widget-heading\" data-id=\"685cdca\" data-element_type=\"widget\" data-e-type=\"widget\" data-widget_type=\"heading.default\">\n\t\t\t\t\t<div class=\"elementor-heading-title elementor-size-default\">Streetwear with a modern twist<\/div>\t\t\t\t<\/div>\n\t\t\t\t<\/div>\n\t\t\t\t\t<\/div>\n\t\t\t\t<\/div>\n\t\t<div class=\"elementor-element elementor-element-5d11efe7 e-flex e-con-boxed e-con e-parent\" data-id=\"5d11efe7\" data-element_type=\"container\" data-e-type=\"container\">\n\t\t\t\t\t<div class=\"e-con-inner\">\n\t\t\t\t<div class=\"elementor-element elementor-element-ccb22a5 elementor-widget elementor-widget-heading\" data-id=\"ccb22a5\" data-element_type=\"widget\" data-e-type=\"widget\" data-widget_type=\"heading.default\">\n\t\t\t\t\t<h3 class=\"elementor-heading-title elementor-size-default\">Giysilerimizin ekolojik oldu\u011fundan emin oluyoruz. Pazar\u0131 i\u015faretleyen giysiler tasarl\u0131yoruz. Pazar i\u00e7in giysiler \u00fcretiyoruz.<\/h3>\t\t\t\t<\/div>\n\t\t\t\t\t<\/div>\n\t\t\t\t<\/div>\n\t\t<div class=\"elementor-element elementor-element-6b7469b6 e-flex e-con-boxed e-con e-parent\" data-id=\"6b7469b6\" data-element_type=\"container\" data-e-type=\"container\">\n\t\t\t\t\t<div class=\"e-con-inner\">\n\t\t\t\t<div class=\"elementor-element elementor-element-6f595e59 elementor-widget-divider--view-line elementor-widget elementor-widget-divider\" data-id=\"6f595e59\" data-element_type=\"widget\" data-e-type=\"widget\" data-widget_type=\"divider.default\">\n\t\t\t\t\t\t\t<div class=\"elementor-divider\">\n\t\t\t<span class=\"elementor-divider-separator\">\n\t\t\t\t\t\t<\/span>\n\t\t<\/div>\n\t\t\t\t\t\t<\/div>\n\t\t\t\t\t<\/div>\n\t\t\t\t<\/div>\n\t\t<div class=\"elementor-element elementor-element-580b3909 e-flex e-con-boxed e-con e-parent\" data-id=\"580b3909\" data-element_type=\"container\" data-e-type=\"container\">\n\t\t\t\t\t<div class=\"e-con-inner\">\n\t\t\t\t<div class=\"elementor-element elementor-element-2fc1bc9b elementor-widget elementor-widget-heading\" data-id=\"2fc1bc9b\" data-element_type=\"widget\" data-e-type=\"widget\" data-widget_type=\"heading.default\">\n\t\t\t\t\t<h3 class=\"elementor-heading-title elementor-size-default\">EK\u0130B\u0130M\u0130Z<\/h3>\t\t\t\t<\/div>\n\t\t\t\t\t<\/div>\n\t\t\t\t<\/div>\n\t\t<div class=\"elementor-element elementor-element-44349ee9 e-flex e-con-boxed e-con e-parent\" data-id=\"44349ee9\" data-element_type=\"container\" data-e-type=\"container\">\n\t\t\t\t\t<div class=\"e-con-inner\">\n\t\t\t\t<div class=\"elementor-element elementor-element-23b81ab6 text-mobile-center elementor-widget elementor-widget-ts-team-members\" data-id=\"23b81ab6\" data-element_type=\"widget\" data-e-type=\"widget\" data-widget_type=\"ts-team-members.default\">\n\t\t\t\t<div class=\"elementor-widget-container\">\n\t\t\t\t\t\t\t\t<div class=\"ts-team-members ts-shortcode columns-6 ts-slider has-effect-img\" data-nav=\"0\" data-autoplay=\"0\" data-columns=\"6\">\n\t\t\t\t<div class=\"items loading\">\n\t\t\t\t\t\t\t\t\t<div class=\"item\">\n\t\t\t\t\t\t<div class=\"team-content\">\n\t\t\t\t\t\t\t\t\t\t\t\t\t\t<div class=\"image-thumbnail\">\n\t\t\t\t\t\t\t\t<figure>\n\t\t\t\t\t\t\t\t\t<a href=\"#\" target=\"_blank\">\n\t\t\t\t\t\t\t\t\t<img fetchpriority=\"high\" decoding=\"async\" width=\"218\" height=\"294\" src=\"https:\/\/ozlemozyasar.com\/wp-content\/uploads\/2023\/09\/team-member-1.png\" class=\"attachment-ts_team_thumb size-ts_team_thumb wp-post-image\" alt=\"\" \/>\t\t\t\t\t\t\t\t\t<\/a>\n\t\t\t\t\t\t\t\t<\/figure>\n\t\t\t\t\t\t\t<\/div>\n\t\t\t\t\t\t\t\t\t\t\t\t\t\t\n\t\t\t\t\t\t\t<header class=\"team-info\">\n\t\t\t\t\t\t\t\t<h6 class=\"name\"><a href=\"#\" target=\"_blank\">Monica Kowalski<\/a><\/h6>\n\t\t\t\t\t\t\t\t<div class=\"member-role\">CEO<\/div>\n\t\t\t\t\t\t\t\t\t\t\t\t\t\t\t<\/header>\n\t\t\t\t\t\t<\/div>\n\t\t\t\t\t\t\n\t\t\t\t\t<\/div>\n\t\t\t\t\t\t\t\t\t\t<div class=\"item\">\n\t\t\t\t\t\t<div class=\"team-content\">\n\t\t\t\t\t\t\t\t\t\t\t\t\t\t<div class=\"image-thumbnail\">\n\t\t\t\t\t\t\t\t<figure>\n\t\t\t\t\t\t\t\t\t<a href=\"#\" target=\"_blank\">\n\t\t\t\t\t\t\t\t\t<img decoding=\"async\" width=\"340\" height=\"452\" src=\"https:\/\/ozlemozyasar.com\/wp-content\/uploads\/2021\/09\/team-member-1.jpg\" class=\"attachment-ts_team_thumb size-ts_team_thumb wp-post-image\" alt=\"\" \/>\t\t\t\t\t\t\t\t\t<\/a>\n\t\t\t\t\t\t\t\t<\/figure>\n\t\t\t\t\t\t\t<\/div>\n\t\t\t\t\t\t\t\t\t\t\t\t\t\t\n\t\t\t\t\t\t\t<header class=\"team-info\">\n\t\t\t\t\t\t\t\t<h6 class=\"name\"><a href=\"#\" target=\"_blank\">Monica Kowalski<\/a><\/h6>\n\t\t\t\t\t\t\t\t<div class=\"member-role\">CEO<\/div>\n\t\t\t\t\t\t\t\t\t\t\t\t\t\t\t<\/header>\n\t\t\t\t\t\t<\/div>\n\t\t\t\t\t\t\n\t\t\t\t\t<\/div>\n\t\t\t\t\t\t\t\t\t\t<div class=\"item\">\n\t\t\t\t\t\t<div class=\"team-content\">\n\t\t\t\t\t\t\t\t\t\t\t\t\t\t<div class=\"image-thumbnail\">\n\t\t\t\t\t\t\t\t<figure>\n\t\t\t\t\t\t\t\t\t<a href=\"#\" target=\"_blank\">\n\t\t\t\t\t\t\t\t\t<img decoding=\"async\" width=\"218\" height=\"294\" src=\"https:\/\/ozlemozyasar.com\/wp-content\/uploads\/2021\/04\/team-member-2.png\" class=\"attachment-ts_team_thumb size-ts_team_thumb wp-post-image\" alt=\"\" \/>\t\t\t\t\t\t\t\t\t<\/a>\n\t\t\t\t\t\t\t\t<\/figure>\n\t\t\t\t\t\t\t<\/div>\n\t\t\t\t\t\t\t\t\t\t\t\t\t\t\n\t\t\t\t\t\t\t<header class=\"team-info\">\n\t\t\t\t\t\t\t\t<h6 class=\"name\"><a href=\"#\" target=\"_blank\">John Novac<\/a><\/h6>\n\t\t\t\t\t\t\t\t<div class=\"member-role\">CFO<\/div>\n\t\t\t\t\t\t\t\t\t\t\t\t\t\t\t<\/header>\n\t\t\t\t\t\t<\/div>\n\t\t\t\t\t\t\n\t\t\t\t\t<\/div>\n\t\t\t\t\t\t\t\t\t\t<div class=\"item\">\n\t\t\t\t\t\t<div class=\"team-content\">\n\t\t\t\t\t\t\t\t\t\t\t\t\t\t<div class=\"image-thumbnail\">\n\t\t\t\t\t\t\t\t<figure>\n\t\t\t\t\t\t\t\t\t<a href=\"#\" target=\"_blank\">\n\t\t\t\t\t\t\t\t\t<img loading=\"lazy\" decoding=\"async\" width=\"340\" height=\"452\" src=\"https:\/\/ozlemozyasar.com\/wp-content\/uploads\/2021\/09\/team-member-2.jpg\" class=\"attachment-ts_team_thumb size-ts_team_thumb wp-post-image\" alt=\"\" \/>\t\t\t\t\t\t\t\t\t<\/a>\n\t\t\t\t\t\t\t\t<\/figure>\n\t\t\t\t\t\t\t<\/div>\n\t\t\t\t\t\t\t\t\t\t\t\t\t\t\n\t\t\t\t\t\t\t<header class=\"team-info\">\n\t\t\t\t\t\t\t\t<h6 class=\"name\"><a href=\"#\" target=\"_blank\">John Novac<\/a><\/h6>\n\t\t\t\t\t\t\t\t<div class=\"member-role\">CFO<\/div>\n\t\t\t\t\t\t\t\t\t\t\t\t\t\t\t<\/header>\n\t\t\t\t\t\t<\/div>\n\t\t\t\t\t\t\n\t\t\t\t\t<\/div>\n\t\t\t\t\t\t\t\t\t\t<div class=\"item\">\n\t\t\t\t\t\t<div class=\"team-content\">\n\t\t\t\t\t\t\t\t\t\t\t\t\t\t<div class=\"image-thumbnail\">\n\t\t\t\t\t\t\t\t<figure>\n\t\t\t\t\t\t\t\t\t<a href=\"#\" target=\"_blank\">\n\t\t\t\t\t\t\t\t\t<img loading=\"lazy\" decoding=\"async\" width=\"218\" height=\"294\" src=\"https:\/\/ozlemozyasar.com\/wp-content\/uploads\/2023\/09\/team-member-3.png\" class=\"attachment-ts_team_thumb size-ts_team_thumb wp-post-image\" alt=\"\" \/>\t\t\t\t\t\t\t\t\t<\/a>\n\t\t\t\t\t\t\t\t<\/figure>\n\t\t\t\t\t\t\t<\/div>\n\t\t\t\t\t\t\t\t\t\t\t\t\t\t\n\t\t\t\t\t\t\t<header class=\"team-info\">\n\t\t\t\t\t\t\t\t<h6 class=\"name\"><a href=\"#\" target=\"_blank\">Janina Pasik<\/a><\/h6>\n\t\t\t\t\t\t\t\t<div class=\"member-role\">Lead Designer<\/div>\n\t\t\t\t\t\t\t\t\t\t\t\t\t\t\t<\/header>\n\t\t\t\t\t\t<\/div>\n\t\t\t\t\t\t\n\t\t\t\t\t<\/div>\n\t\t\t\t\t\t\t\t\t\t<div class=\"item\">\n\t\t\t\t\t\t<div class=\"team-content\">\n\t\t\t\t\t\t\t\t\t\t\t\t\t\t<div class=\"image-thumbnail\">\n\t\t\t\t\t\t\t\t<figure>\n\t\t\t\t\t\t\t\t\t<a href=\"#\" target=\"_blank\">\n\t\t\t\t\t\t\t\t\t<img loading=\"lazy\" decoding=\"async\" width=\"340\" height=\"452\" src=\"https:\/\/ozlemozyasar.com\/wp-content\/uploads\/2021\/09\/team-member-3.jpg\" class=\"attachment-ts_team_thumb size-ts_team_thumb wp-post-image\" alt=\"\" \/>\t\t\t\t\t\t\t\t\t<\/a>\n\t\t\t\t\t\t\t\t<\/figure>\n\t\t\t\t\t\t\t<\/div>\n\t\t\t\t\t\t\t\t\t\t\t\t\t\t\n\t\t\t\t\t\t\t<header class=\"team-info\">\n\t\t\t\t\t\t\t\t<h6 class=\"name\"><a href=\"#\" target=\"_blank\">Janina Pasik<\/a><\/h6>\n\t\t\t\t\t\t\t\t<div class=\"member-role\">Lead Designer<\/div>\n\t\t\t\t\t\t\t\t\t\t\t\t\t\t\t<\/header>\n\t\t\t\t\t\t<\/div>\n\t\t\t\t\t\t\n\t\t\t\t\t<\/div>\n\t\t\t\t\t\t\t\t\t<\/div>\n\t\t\t<\/div>\n\t\t\t\t\t\t\t<\/div>\n\t\t\t\t<\/div>\n\t\t\t\t\t<\/div>\n\t\t\t\t<\/div>\n\t\t<div class=\"elementor-element elementor-element-312706b8 e-flex e-con-boxed e-con e-parent\" data-id=\"312706b8\" data-element_type=\"container\" data-e-type=\"container\">\n\t\t\t\t\t<div class=\"e-con-inner\">\n\t\t\t\t<div class=\"elementor-element elementor-element-303dbc5e elementor-widget-divider--view-line elementor-widget elementor-widget-divider\" data-id=\"303dbc5e\" data-element_type=\"widget\" data-e-type=\"widget\" data-widget_type=\"divider.default\">\n\t\t\t\t\t\t\t<div class=\"elementor-divider\">\n\t\t\t<span class=\"elementor-divider-separator\">\n\t\t\t\t\t\t<\/span>\n\t\t<\/div>\n\t\t\t\t\t\t<\/div>\n\t\t\t\t\t<\/div>\n\t\t\t\t<\/div>\n\t\t<div class=\"elementor-element elementor-element-32e7eda4 e-flex e-con-boxed e-con e-parent\" data-id=\"32e7eda4\" data-element_type=\"container\" data-e-type=\"container\">\n\t\t\t\t\t<div class=\"e-con-inner\">\n\t\t\t\t<div class=\"elementor-element elementor-element-69fe1f74 elementor-widget elementor-widget-heading\" data-id=\"69fe1f74\" data-element_type=\"widget\" data-e-type=\"widget\" data-widget_type=\"heading.default\">\n\t\t\t\t\t<h4 class=\"elementor-heading-title elementor-size-default\">TAK\u0130P ED\u0130N<\/h4>\t\t\t\t<\/div>\n\t\t\t\t<div class=\"elementor-element elementor-element-7d375667 e-grid-align-center elementor-widget elementor-widget-ts-social-icons\" data-id=\"7d375667\" data-element_type=\"widget\" data-e-type=\"widget\" data-widget_type=\"ts-social-icons.default\">\n\t\t\t\t<div class=\"elementor-widget-container\">\n\t\t\t\t\t\t\t<div class=\"ts-social-icons-elementor-widget social-icons title-default style-horizontal show-name\">\n\t\t\t\t\t\t\n\t\t\t<div class=\"list-items\">\n\t\t\t\t\t\t\t<span>\n\t\t\t\t\t<a href=\"https:\/\/www.instagram.com\/byozlem_official\/\" target=\"_blank\" class=\"elementor-icon elementor-social-icon elementor-social-icon-instagram elementor-repeater-item-ae42daa elementor-animation-\" rel=\"nofollow noopener\">\n\t\t\t\t\t\t<i class=\"icomoon icomoon-instagram\"><\/i>\t\t\t\t\t\t\t\t\t\t\t\t\t<span class=\"social-name\">instagram<\/span>\n\t\t\t\t\t\t\t\t\t\t\t<\/a>\n\t\t\t\t<\/span>\n\t\t\t\t\t\t\t\t<span>\n\t\t\t\t\t<a href=\"https:\/\/www.facebook.com\/byozlem.official\" target=\"_blank\" class=\"elementor-icon elementor-social-icon elementor-social-icon-facebook elementor-repeater-item-2631ba6 elementor-animation-\" rel=\"nofollow noopener\">\n\t\t\t\t\t\t<i class=\"icomoon icomoon-facebook\"><\/i>\t\t\t\t\t\t\t\t\t\t\t\t\t<span class=\"social-name\">facebook<\/span>\n\t\t\t\t\t\t\t\t\t\t\t<\/a>\n\t\t\t\t<\/span>\n\t\t\t\t\t\t\t\t<span>\n\t\t\t\t\t<a href=\"https:\/\/www.tiktok.com\/@byozlem_official\" target=\"_blank\" class=\"elementor-icon elementor-social-icon elementor-social-icon-tik-tok elementor-repeater-item-4978538 elementor-animation-\" rel=\"nofollow noopener\">\n\t\t\t\t\t\t<i class=\"icomoon icomoon-tik-tok\"><\/i>\t\t\t\t\t\t\t\t\t\t\t\t\t<span class=\"social-name\">tiktok<\/span>\n\t\t\t\t\t\t\t\t\t\t\t<\/a>\n\t\t\t\t<\/span>\n\t\t\t\t\t\t\t<\/div>\n\t\t<\/div>\n\t\t\t\t\t\t<\/div>\n\t\t\t\t<\/div>\n\t\t\t\t\t<\/div>\n\t\t\t\t<\/div>\n\t\t<div class=\"elementor-element elementor-element-5c4a7ebf e-flex e-con-boxed e-con e-parent\" data-id=\"5c4a7ebf\" data-element_type=\"container\" data-e-type=\"container\" data-settings=\"{&quot;background_background&quot;:&quot;classic&quot;}\">\n\t\t\t\t\t<div class=\"e-con-inner\">\n\t\t\t\t<div class=\"elementor-element elementor-element-4801996f elementor-widget elementor-widget-heading\" data-id=\"4801996f\" data-element_type=\"widget\" data-e-type=\"widget\" data-widget_type=\"heading.default\">\n\t\t\t\t\t<h3 class=\"elementor-heading-title elementor-size-default\">En son koleksiyonumuz<\/h3>\t\t\t\t<\/div>\n\t\t<div class=\"elementor-element elementor-element-4100c5bc e-con-full e-flex e-con e-child\" data-id=\"4100c5bc\" data-element_type=\"container\" data-e-type=\"container\">\n\t\t<div class=\"elementor-element elementor-element-5312ea7a e-con-full e-flex e-con e-child\" data-id=\"5312ea7a\" data-element_type=\"container\" data-e-type=\"container\">\n\t\t\t\t<div class=\"elementor-element elementor-element-65551d11 elementor-widget elementor-widget-ts-banner\" data-id=\"65551d11\" data-element_type=\"widget\" data-e-type=\"widget\" data-widget_type=\"ts-banner.default\">\n\t\t\t\t<div class=\"elementor-widget-container\">\n\t\t\t\t\t\t\t<div class=\"ts-banner text-center eff-image eff-scale center-bottom style-simple  button-default\" >\n\t\t\t<div class=\"banner-wrapper\">\n\t\t\t\n\t\t\t\t\t\t\t\t\n\t\t\t\t<div class=\"background-overlay\"><\/div>\n\t\t\t\t\t\t\t\n\t\t\t\t<div class=\"banner-bg\">\n\t\t\t\t\t\t\t\t<\/div>\n\t\t\t\t\t\t\t\n\t\t\t\t<div class=\"box-content\">\n\t\t\t\t\t<div class=\"header-content\">\n\t\t\t\t\t\t\n\t\t\t\t\t\t\t\t\t\t\t\t\n\t\t\t\t\t\t\t\t\t\t\t\t<h2>Stay Wild<br>Bones<\/h2>\n\t\t\t\t\t\t\t\t\t\t\t\t\n\t\t\t\t\t\t\t\t\t\t\t\t\n\t\t\t\t\t\t\t\t\t\t\t\t\n\t\t\t\t\t\t\t\t\t\t\t\t\n\t\t\t\t\t\t\t\t\t\t\t\t\n\t\t\t\t\t\t\t\t\t\t\t\t<div class=\"ts-banner-button\">\n\t\t\t\t\t\t\n\t\t\t\t\t\t\t\t\t\t\t\t\t\t<a class=\"button\" href=\"http:\/\/ozlemozyasar.local\/shop\/\" target=\"_blank\" rel=\"nofollow noopener\">\n\t\t\t\t\t\t\t\tShop now\t\t\t\t\t\t\t<\/a>\n\t\t\t\t\t\t\t\t\t\t\t\t\t\t\n\t\t\t\t\t\t\t\t\t\t\t\t\t\t\n\t\t\t\t\t\t<\/div>\n\t\t\t\t\t\t\t\t\t\t\t\t\n\t\t\t\t\t<\/div>\n\t\t\t\t<\/div>\n\t\t\t\t\n\t\t\t<\/div>\n\t\t<\/div>\n\t\t\t\t\t\t<\/div>\n\t\t\t\t<\/div>\n\t\t\t\t<\/div>\n\t\t<div class=\"elementor-element elementor-element-5e46da82 e-con-full e-flex e-con e-child\" data-id=\"5e46da82\" data-element_type=\"container\" data-e-type=\"container\">\n\t\t\t\t<div class=\"elementor-element elementor-element-17681068 elementor-widget elementor-widget-ts-banner\" data-id=\"17681068\" data-element_type=\"widget\" data-e-type=\"widget\" data-widget_type=\"ts-banner.default\">\n\t\t\t\t<div class=\"elementor-widget-container\">\n\t\t\t\t\t\t\t<div class=\"ts-banner text-center eff-image eff-scale center-bottom style-simple  button-default\" >\n\t\t\t<div class=\"banner-wrapper\">\n\t\t\t\n\t\t\t\t\t\t\t\t\n\t\t\t\t<div class=\"background-overlay\"><\/div>\n\t\t\t\t\t\t\t\n\t\t\t\t<div class=\"banner-bg\">\n\t\t\t\t\t\t\t\t<\/div>\n\t\t\t\t\t\t\t\n\t\t\t\t<div class=\"box-content\">\n\t\t\t\t\t<div class=\"header-content\">\n\t\t\t\t\t\t\n\t\t\t\t\t\t\t\t\t\t\t\t\n\t\t\t\t\t\t\t\t\t\t\t\t<h2>THE BEIGE<\/h2>\n\t\t\t\t\t\t\t\t\t\t\t\t\n\t\t\t\t\t\t\t\t\t\t\t\t\n\t\t\t\t\t\t\t\t\t\t\t\t\n\t\t\t\t\t\t\t\t\t\t\t\t\n\t\t\t\t\t\t\t\t\t\t\t\t\n\t\t\t\t\t\t\t\t\t\t\t\t<div class=\"ts-banner-button\">\n\t\t\t\t\t\t\n\t\t\t\t\t\t\t\t\t\t\t\t\t\t<a class=\"button\" href=\"http:\/\/ozlemozyasar.local\/shop\/\" target=\"_blank\" rel=\"nofollow noopener\">\n\t\t\t\t\t\t\t\tShop now\t\t\t\t\t\t\t<\/a>\n\t\t\t\t\t\t\t\t\t\t\t\t\t\t\n\t\t\t\t\t\t\t\t\t\t\t\t\t\t\n\t\t\t\t\t\t<\/div>\n\t\t\t\t\t\t\t\t\t\t\t\t\n\t\t\t\t\t<\/div>\n\t\t\t\t<\/div>\n\t\t\t\t\n\t\t\t<\/div>\n\t\t<\/div>\n\t\t\t\t\t\t<\/div>\n\t\t\t\t<\/div>\n\t\t\t\t<\/div>\n\t\t<div class=\"elementor-element elementor-element-28d935f2 e-con-full e-flex e-con e-child\" data-id=\"28d935f2\" data-element_type=\"container\" data-e-type=\"container\">\n\t\t\t\t<div class=\"elementor-element elementor-element-7ae0ec13 elementor-widget elementor-widget-ts-banner\" data-id=\"7ae0ec13\" data-element_type=\"widget\" data-e-type=\"widget\" data-widget_type=\"ts-banner.default\">\n\t\t\t\t<div class=\"elementor-widget-container\">\n\t\t\t\t\t\t\t<div class=\"ts-banner text-center eff-image eff-scale center-bottom style-simple  button-default\" >\n\t\t\t<div class=\"banner-wrapper\">\n\t\t\t\n\t\t\t\t\t\t\t\t\n\t\t\t\t<div class=\"background-overlay\"><\/div>\n\t\t\t\t\t\t\t\n\t\t\t\t<div class=\"banner-bg\">\n\t\t\t\t\t\t\t\t<\/div>\n\t\t\t\t\t\t\t\n\t\t\t\t<div class=\"box-content\">\n\t\t\t\t\t<div class=\"header-content\">\n\t\t\t\t\t\t\n\t\t\t\t\t\t\t\t\t\t\t\t\n\t\t\t\t\t\t\t\t\t\t\t\t<h2>city<br>SUITS<\/h2>\n\t\t\t\t\t\t\t\t\t\t\t\t\n\t\t\t\t\t\t\t\t\t\t\t\t\n\t\t\t\t\t\t\t\t\t\t\t\t\n\t\t\t\t\t\t\t\t\t\t\t\t\n\t\t\t\t\t\t\t\t\t\t\t\t\n\t\t\t\t\t\t\t\t\t\t\t\t<div class=\"ts-banner-button\">\n\t\t\t\t\t\t\n\t\t\t\t\t\t\t\t\t\t\t\t\t\t<a class=\"button\" href=\"http:\/\/ozlemozyasar.local\/shop\/\" target=\"_blank\" rel=\"nofollow noopener\">\n\t\t\t\t\t\t\t\tShop now\t\t\t\t\t\t\t<\/a>\n\t\t\t\t\t\t\t\t\t\t\t\t\t\t\n\t\t\t\t\t\t\t\t\t\t\t\t\t\t\n\t\t\t\t\t\t<\/div>\n\t\t\t\t\t\t\t\t\t\t\t\t\n\t\t\t\t\t<\/div>\n\t\t\t\t<\/div>\n\t\t\t\t\n\t\t\t<\/div>\n\t\t<\/div>\n\t\t\t\t\t\t<\/div>\n\t\t\t\t<\/div>\n\t\t\t\t<\/div>\n\t\t<div class=\"elementor-element elementor-element-6a9c1f62 e-con-full e-flex e-con e-child\" data-id=\"6a9c1f62\" data-element_type=\"container\" data-e-type=\"container\">\n\t\t\t\t<div class=\"elementor-element elementor-element-4d177699 elementor-widget elementor-widget-ts-banner\" data-id=\"4d177699\" data-element_type=\"widget\" data-e-type=\"widget\" data-widget_type=\"ts-banner.default\">\n\t\t\t\t<div class=\"elementor-widget-container\">\n\t\t\t\t\t\t\t<div class=\"ts-banner text-center eff-image eff-scale center-bottom style-simple  button-default\" >\n\t\t\t<div class=\"banner-wrapper\">\n\t\t\t\n\t\t\t\t\t\t\t\t\n\t\t\t\t<div class=\"background-overlay\"><\/div>\n\t\t\t\t\t\t\t\n\t\t\t\t<div class=\"banner-bg\">\n\t\t\t\t\t\t\t\t<\/div>\n\t\t\t\t\t\t\t\n\t\t\t\t<div class=\"box-content\">\n\t\t\t\t\t<div class=\"header-content\">\n\t\t\t\t\t\t\n\t\t\t\t\t\t\t\t\t\t\t\t\n\t\t\t\t\t\t\t\t\t\t\t\t<h2>street<br>style<\/h2>\n\t\t\t\t\t\t\t\t\t\t\t\t\n\t\t\t\t\t\t\t\t\t\t\t\t\n\t\t\t\t\t\t\t\t\t\t\t\t\n\t\t\t\t\t\t\t\t\t\t\t\t\n\t\t\t\t\t\t\t\t\t\t\t\t\n\t\t\t\t\t\t\t\t\t\t\t\t<div class=\"ts-banner-button\">\n\t\t\t\t\t\t\n\t\t\t\t\t\t\t\t\t\t\t\t\t\t<a class=\"button\" href=\"http:\/\/ozlemozyasar.local\/shop\/\" target=\"_blank\" rel=\"nofollow noopener\">\n\t\t\t\t\t\t\t\tShop now\t\t\t\t\t\t\t<\/a>\n\t\t\t\t\t\t\t\t\t\t\t\t\t\t\n\t\t\t\t\t\t\t\t\t\t\t\t\t\t\n\t\t\t\t\t\t<\/div>\n\t\t\t\t\t\t\t\t\t\t\t\t\n\t\t\t\t\t<\/div>\n\t\t\t\t<\/div>\n\t\t\t\t\n\t\t\t<\/div>\n\t\t<\/div>\n\t\t\t\t\t\t<\/div>\n\t\t\t\t<\/div>\n\t\t\t\t<\/div>\n\t\t\t\t<\/div>\n\t\t\t\t\t<\/div>\n\t\t\t\t<\/div>\n\t\t\t\t<\/div>","protected":false},"excerpt":{"rendered":"<p>B\u0130Z K\u0130M\u0130Z? \u00dcretimin her a\u015famas\u0131nda \u00e7evreye \u00f6nem veriyoruz Biz , moda sekt\u00f6r\u00fcnde modern, yenilik\u00e7i ve kalite pe\u015finde ko\u015fan bir firmay\u0131z. 2019 y\u0131l\u0131nda \u00d6zlem \u00d6zya\u015far taraf\u0131ndan kurulan \u015firketimiz, Gaziantep merkezlidir. 5 y\u0131l boyunca tasar\u0131m ve haz\u0131r tak\u0131 \u00fcr\u00fcnlerimiz ile hizmet vermeye devam ederken 2024 y\u0131l\u0131nda sizlerin deste\u011fi ile b\u00fcy\u00fcmeye ve kurumsal bir firma olmaya karar verdik. [&hellip;]<\/p>\n","protected":false},"author":2,"featured_media":0,"parent":0,"menu_order":0,"comment_status":"closed","ping_status":"closed","template":"","meta":{"_uf_show_specific_survey":0,"_uf_disable_surveys":false,"footnotes":""},"class_list":["post-23336","page","type-page","status-publish","hentry"],"_links":{"self":[{"href":"https:\/\/ozlemozyasar.com\/en\/wp-json\/wp\/v2\/pages\/23336","targetHints":{"allow":["GET"]}}],"collection":[{"href":"https:\/\/ozlemozyasar.com\/en\/wp-json\/wp\/v2\/pages"}],"about":[{"href":"https:\/\/ozlemozyasar.com\/en\/wp-json\/wp\/v2\/types\/page"}],"author":[{"embeddable":true,"href":"https:\/\/ozlemozyasar.com\/en\/wp-json\/wp\/v2\/users\/2"}],"replies":[{"embeddable":true,"href":"https:\/\/ozlemozyasar.com\/en\/wp-json\/wp\/v2\/comments?post=23336"}],"version-history":[{"count":13,"href":"https:\/\/ozlemozyasar.com\/en\/wp-json\/wp\/v2\/pages\/23336\/revisions"}],"predecessor-version":[{"id":25800,"href":"https:\/\/ozlemozyasar.com\/en\/wp-json\/wp\/v2\/pages\/23336\/revisions\/25800"}],"wp:attachment":[{"href":"https:\/\/ozlemozyasar.com\/en\/wp-json\/wp\/v2\/media?parent=23336"}],"curies":[{"name":"wp","href":"https:\/\/api.w.org\/{rel}","templated":true}]}}