{"id":24261,"date":"2025-03-18T14:26:10","date_gmt":"2025-03-18T14:26:10","guid":{"rendered":"https:\/\/ozlemozyasar.com\/?page_id=24261"},"modified":"2025-03-18T14:33:27","modified_gmt":"2025-03-18T14:33:27","slug":"yakinda","status":"publish","type":"page","link":"https:\/\/ozlemozyasar.com\/en\/yakinda\/","title":{"rendered":"YAKINDA"},"content":{"rendered":"<div data-elementor-type=\"wp-page\" data-elementor-id=\"24261\" class=\"elementor elementor-24261\" data-elementor-post-type=\"page\">\n\t\t\t\t<div class=\"elementor-element elementor-element-50ddb70 e-flex e-con-boxed e-con e-parent\" data-id=\"50ddb70\" data-element_type=\"container\" data-e-type=\"container\">\n\t\t\t\t\t<div class=\"e-con-inner\">\n\t\t\t\t<div class=\"elementor-element elementor-element-e3b0363 elementor-widget-mobile__width-initial elementor-widget elementor-widget-heading\" data-id=\"e3b0363\" data-element_type=\"widget\" data-e-type=\"widget\" data-widget_type=\"heading.default\">\n\t\t\t\t\t<h2 class=\"elementor-heading-title elementor-size-default\">YAKINDA!<br>\nBa\u015fvurular\u0131 Buradan alaca\u011f\u0131z<br>\n#by\u00f6zlemGiri\u015fimciKad\u0131nlarPlatformu<\/h2>\t\t\t\t<\/div>\n\t\t\t\t<div class=\"elementor-element elementor-element-4815078 elementor-widget elementor-widget-text-editor\" data-id=\"4815078\" data-element_type=\"widget\" data-e-type=\"widget\" data-widget_type=\"text-editor.default\">\n\t\t\t\t\t\t\t\t\t<p>Hayallerinizin pe\u015finden ko\u015farken sizi desteklemek i\u00e7in buraday\u0131z! Giri\u015fimci Kad\u0131nlar Platformu olarak, birlikte b\u00fcy\u00fcmek, \u00fcretmek ve ilham almak i\u00e7in yeni bir d\u00f6neme giriyoruz. \u00c7ok yak\u0131nda ba\u015fvurular web sitemiz \u00fczerinden al\u0131nmaya ba\u015flayacak!<\/p>\t\t\t\t\t\t\t\t<\/div>\n\t\t\t\t\t<\/div>\n\t\t\t\t<\/div>\n\t\t<div class=\"elementor-element elementor-element-59a6245 e-flex e-con-boxed e-con e-parent\" data-id=\"59a6245\" data-element_type=\"container\" data-e-type=\"container\">\n\t\t\t\t\t<div class=\"e-con-inner\">\n\t\t\t\t<div class=\"elementor-element elementor-element-be7a064 elementor-hidden-mobile elementor-widget elementor-widget-image\" data-id=\"be7a064\" data-element_type=\"widget\" data-e-type=\"widget\" data-widget_type=\"image.default\">\n\t\t\t\t\t\t\t\t\t\t\t\t\t\t\t<img fetchpriority=\"high\" decoding=\"async\" width=\"1312\" height=\"294\" src=\"https:\/\/ozlemozyasar.com\/wp-content\/uploads\/2023\/08\/cosmetics-2-img.webp\" class=\"attachment-full size-full wp-image-22714\" alt=\"\" srcset=\"https:\/\/ozlemozyasar.com\/wp-content\/uploads\/2023\/08\/cosmetics-2-img.webp 1312w, https:\/\/ozlemozyasar.com\/wp-content\/uploads\/2023\/08\/cosmetics-2-img-300x67.webp 300w, https:\/\/ozlemozyasar.com\/wp-content\/uploads\/2023\/08\/cosmetics-2-img-1024x229.webp 1024w, https:\/\/ozlemozyasar.com\/wp-content\/uploads\/2023\/08\/cosmetics-2-img-768x172.webp 768w, https:\/\/ozlemozyasar.com\/wp-content\/uploads\/2023\/08\/cosmetics-2-img-340x76.webp 340w, https:\/\/ozlemozyasar.com\/wp-content\/uploads\/2023\/08\/cosmetics-2-img-18x4.webp 18w, https:\/\/ozlemozyasar.com\/wp-content\/uploads\/2023\/08\/cosmetics-2-img-1000x224.webp 1000w, https:\/\/ozlemozyasar.com\/wp-content\/uploads\/2023\/08\/cosmetics-2-img-1300x291.webp 1300w\" sizes=\"(max-width: 1312px) 100vw, 1312px\" \/>\t\t\t\t\t\t\t\t\t\t\t\t\t\t\t<\/div>\n\t\t\t\t\t<\/div>\n\t\t\t\t<\/div>\n\t\t\t\t<\/div>","protected":false},"excerpt":{"rendered":"<p>YAKINDA! Ba\u015fvurular\u0131 Buradan alaca\u011f\u0131z #by\u00f6zlemGiri\u015fimciKad\u0131nlarPlatformu Hayallerinizin pe\u015finden ko\u015farken sizi desteklemek i\u00e7in buraday\u0131z! Giri\u015fimci Kad\u0131nlar Platformu olarak, birlikte b\u00fcy\u00fcmek, \u00fcretmek ve ilham almak i\u00e7in yeni bir d\u00f6neme giriyoruz. \u00c7ok yak\u0131nda ba\u015fvurular web sitemiz \u00fczerinden al\u0131nmaya ba\u015flayacak!<\/p>","protected":false},"author":1,"featured_media":0,"parent":0,"menu_order":0,"comment_status":"closed","ping_status":"closed","template":"","meta":{"_uf_show_specific_survey":0,"_uf_disable_surveys":false,"footnotes":""},"class_list":["post-24261","page","type-page","status-publish","hentry"],"_links":{"self":[{"href":"https:\/\/ozlemozyasar.com\/en\/wp-json\/wp\/v2\/pages\/24261","targetHints":{"allow":["GET"]}}],"collection":[{"href":"https:\/\/ozlemozyasar.com\/en\/wp-json\/wp\/v2\/pages"}],"about":[{"href":"https:\/\/ozlemozyasar.com\/en\/wp-json\/wp\/v2\/types\/page"}],"author":[{"embeddable":true,"href":"https:\/\/ozlemozyasar.com\/en\/wp-json\/wp\/v2\/users\/1"}],"replies":[{"embeddable":true,"href":"https:\/\/ozlemozyasar.com\/en\/wp-json\/wp\/v2\/comments?post=24261"}],"version-history":[{"count":7,"href":"https:\/\/ozlemozyasar.com\/en\/wp-json\/wp\/v2\/pages\/24261\/revisions"}],"predecessor-version":[{"id":24273,"href":"https:\/\/ozlemozyasar.com\/en\/wp-json\/wp\/v2\/pages\/24261\/revisions\/24273"}],"wp:attachment":[{"href":"https:\/\/ozlemozyasar.com\/en\/wp-json\/wp\/v2\/media?parent=24261"}],"curies":[{"name":"wp","href":"https:\/\/api.w.org\/{rel}","templated":true}]}}