{"id":24729,"date":"2025-07-01T14:44:49","date_gmt":"2025-07-01T14:44:49","guid":{"rendered":"https:\/\/ozlemozyasar.com\/?page_id=24729"},"modified":"2025-08-07T17:57:54","modified_gmt":"2025-08-07T17:57:54","slug":"kvkk","status":"publish","type":"page","link":"https:\/\/ozlemozyasar.com\/en\/kvkk\/","title":{"rendered":"KVKK"},"content":{"rendered":"<p style=\"font-weight: 400;\"><strong>Ki\u015fisel Verilerin \u0130\u015flenmesi Konusunda Ayd\u0131nlatma Metni<\/strong><\/p>\n<p style=\"font-weight: 400;\"><strong>\u00a0<\/strong><\/p>\n<p style=\"font-weight: 400;\"><a href=\"http:\/\/www.byozlem.com\/\" rel=\"nofollow noopener\" target=\"_blank\">www.ozlemozyasar.com<\/a>\u00a0internet sitesinin sahibi vergi m\u00fckellefi \u00d6zlem Derundere taraf\u0131ndan, 6698 say\u0131l\u0131 Ki\u015fisel Verilerin Korunmas\u0131 Kanunu ve \u00a0ilgili mevzuattan kaynaklanan kanuni y\u00fck\u00fcml\u00fcl\u00fckleri yerine getirmek ve irsaliye, tahsilat, fatura, kargo, sipari\u015f teslim ve\/veya \u00fcyelik kayd\u0131, iade s\u00fcre\u00e7lerini y\u00fcr\u00fctebilmek ad\u0131na baz\u0131 ki\u015fisel verileriniz (Ad, soyad, hesap parolas\u0131, e-posta adresi, teslimat adresi, fatura adresi, cep telefonu numaras\u0131 gibi) talep edilmektedir. S\u00f6z konusu ki\u015fisel verileriniz a\u00e7\u0131k r\u0131zan\u0131za istinaden i\u015fbu KVKK ve Ayd\u0131nlatma Metni&#8217;nde belirtilen ama\u00e7lar d\u0131\u015f\u0131nda kullan\u0131lmamak kayd\u0131yla herkesin eri\u015fimine a\u00e7\u0131k olmayan bir ortamda i\u015flenecek ve bu ortamda muhafaza edilecektir.<\/p>\n<ul>\n<li><strong>Ki\u015fisel Verilerin \u0130\u015flenme Amac\u0131<\/strong><\/li>\n<\/ul>\n<p style=\"font-weight: 400;\">\n<p style=\"font-weight: 400;\"><a href=\"http:\/\/www.byozlem.com\/\" rel=\"nofollow noopener\" target=\"_blank\">www.ozlemozyasar.com<\/a> internet sitesinin sahibi vergi m\u00fckellefi \u00d6zlem Derundere nezdinde ki\u015fisel veriler; ticari faaliyetlerin planlanmas\u0131 ve uygulanmas\u0131, ilgili kurum ve kurulu\u015flara mevzuattan kaynakl\u0131 bilgi verilmesi, taraf\u0131m\u0131zca do\u011frudan sa\u011flanmayan ve uzmanl\u0131k alan\u0131m\u0131za girmeyen konularda \u00f6deme hizmeti al\u0131nmas\u0131, sipari\u015flerin teslim edilmesi, tahsilatlar\u0131n ger\u00e7ekle\u015ftirilmesi, \u00fcyelik kayd\u0131n\u0131z\u0131n olu\u015fturulmas\u0131, fatura tanzim edilmesi, t\u00fcketici \u015fikayetlerinin \u00e7\u00f6z\u00fcmlenmesi, a\u00e7\u0131k r\u0131za vermeniz halinde ticari elektronik ileti g\u00f6nderilmesi, faaliyetlerin <a href=\"http:\/\/www.byozlem.com\/\" rel=\"nofollow noopener\" target=\"_blank\">www.ozlemozyasar.com<\/a> internet sitesinin sahibi vergi m\u00fckellefi \u00d6zlem Derundere prosed\u00fcrleri ve ilgili mevzuata uygun olarak y\u00fcr\u00fct\u00fclmesinin sa\u011flanmas\u0131 i\u00e7in gerekli denetim faaliyetlerinin planlanmas\u0131 ve icras\u0131, kurumsal s\u00fcrd\u00fcr\u00fclebilirlik faaliyetlerinin planlanmas\u0131 ve icras\u0131, \u015firketimizin itibar\u0131n\u0131n korunmas\u0131na y\u00f6nelik \u00e7al\u0131\u015fmalar\u0131n ger\u00e7ekle\u015ftirilmesi, talep, \u00f6neri ve \u015fikayet s\u00fcre\u00e7lerinin y\u00f6netimi, kurumsal y\u00f6netim ve ileti\u015fim faaliyetlerinin planlanmas\u0131 ve icras\u0131 amac\u0131yla hukuka ve d\u00fcr\u00fcstl\u00fck kurallar\u0131na ve i\u015flendikleri ama\u00e7la ba\u011flant\u0131l\u0131, s\u0131n\u0131rl\u0131 ve \u00f6l\u00e7\u00fcl\u00fc, ilgili mevzuatta \u00f6ng\u00f6r\u00fclen veya i\u015flendikleri ama\u00e7 i\u00e7in gerekli olan s\u00fcre kadar muhafaza edilme ilkelerine uygun olarak i\u015flenecektir. Ki\u015fisel verileriniz tamamen veya k\u0131smen, otomatik olan veya olmayan yollarla elde etme, kaydetme, depolanma, muhafaza etme, de\u011fi\u015ftirme, yeniden d\u00fczenleme gibi i\u015flemler arac\u0131l\u0131\u011f\u0131yla i\u015flenebilir. Toplan\u0131lan bilgiler, haberiniz ya da aksi bir talimat\u0131n\u0131z olmaks\u0131z\u0131n, \u00fc\u00e7\u00fcnc\u00fc \u015fah\u0131slarla kesinlikle payla\u015f\u0131lmamakta, faaliyet d\u0131\u015f\u0131 hi\u00e7bir nedenle kullan\u0131lmamaktad\u0131r.<\/p>\n<ul>\n<li><strong>Ki\u015fisel Verilerin Aktar\u0131lmas\u0131<\/strong><\/li>\n<\/ul>\n<p style=\"font-weight: 400;\">\n<p style=\"font-weight: 400;\">Taraf\u0131n\u0131zdan edinilmi\u015f olan ki\u015fisel veriler yukar\u0131da an\u0131lan ama\u00e7lar\u0131n ifa edilebilmesi i\u00e7in hukuka ve d\u00fcr\u00fcstl\u00fck kurallar\u0131na ve i\u015flendikleri ama\u00e7la ba\u011flant\u0131l\u0131, s\u0131n\u0131rl\u0131 ve \u00f6l\u00e7\u00fcl\u00fc, ilgili mevzuatta \u00f6ng\u00f6r\u00fclen veya i\u015flendikleri ama\u00e7 i\u00e7in gerekli olan s\u00fcre kadar muhafaza edilme ilkelerine uygun olarak Ticaret Bakanl\u0131\u011f\u0131, \u015firketimizce hizmet\/destek\/dan\u0131\u015fmanl\u0131k al\u0131nan ya da i\u015fbirli\u011fi yap\u0131lan yurti\u00e7i\/yurtd\u0131\u015f\u0131\/uluslararas\u0131, kamu\/\u00f6zel kurum ve kurulu\u015flar, \u015firketler ve \u015firketimizin dan\u0131\u015fmanlar\u0131 ya da \u00e7\u00f6z\u00fcm ortaklar\u0131 di\u011fer grup \u015firketlerine, di\u011fer yetkili kurum ve kurulu\u015flara, tedarik\u00e7ilerine veya alt y\u00fcklenicilerine, T\u00fcrk Ticaret Kanunu, ilgili di\u011fer mevzuat h\u00fck\u00fcmlerinin izin verdi\u011fi ki\u015fi veya kurulu\u015flara, hukuki yetkisi dahilinde talep etti\u011fi ama\u00e7la s\u0131n\u0131rl\u0131 olarak hukuken yetkili kamu ve\/veya \u00f6zel hukuk t\u00fczel ki\u015filerine ve di\u011fer mevzuat h\u00fck\u00fcmlerinin izin verdi\u011fi ya da zorunlu tuttu\u011fu ki\u015fi veya kurulu\u015flarla, resmi mercilerin talepleri \u00fczerine resmi mercilerle payla\u015f\u0131labilecektir. Ki\u015fisel verileriniz Ki\u015fisel Verilerin Korunmas\u0131 Kanunun 5 ve 8. maddeleri uyar\u0131nca a\u00e7\u0131k r\u0131zan\u0131z olmaks\u0131z\u0131n \u00fc\u00e7\u00fcnc\u00fc ki\u015filere aktar\u0131labilir.<\/p>\n<p style=\"font-weight: 400;\">\n<ul>\n<li><strong>Ki\u015fisel Verilerin Toplanma Y\u00f6ntemi<\/strong><\/li>\n<\/ul>\n<p style=\"font-weight: 400;\">\u0130nternet sitemizin yoluyla ki\u015fisel verileriniz yaz\u0131l\u0131, s\u00f6zl\u00fc veya elektronik ortamda toplanabilir.<\/p>\n<p style=\"font-weight: 400;\">\n<p style=\"font-weight: 400;\"><strong>Ki\u015fisel Verilerin Silinmesi, Yok Edilmesi veya Anonim Hale Getirilmesi<\/strong><\/p>\n<p style=\"font-weight: 400;\">6698 Say\u0131l\u0131 KVK Kanunu&#8217;nun 7. maddesi uyar\u0131nca, ki\u015fisel verilerin ilgili mevzuata uygun olarak i\u015flenmi\u015f olmas\u0131na ra\u011fmen, i\u015flenmesini gerektiren sebeplerin ortadan kalkmas\u0131 halinde ki\u015fisel veriler re&#8217;sen veya ki\u015fisel veri sahibinin talebi \u00fczerine <a href=\"http:\/\/www.byozlem.com\/\" rel=\"nofollow noopener\" target=\"_blank\">www.ozlemozyasar.com<\/a>\u00a0internet sitesinin sahibi vergi m\u00fckellefi \u00d6zlem Derundere taraf\u0131ndan silinir, yok edilir veya anonim hale getirilir. Bu hususa ili\u015fkin usul ve esaslar 6998 Say\u0131l\u0131 KVK Kanunu ve 28.10.2017 tarihli ve 30224 say\u0131l\u0131 Resmi Gazete&#8217;de yay\u0131nlanan Ki\u015fisel Verilerin Silinmesi, Yok Edilmesi veya Anonim Hale Getirilmesi Hakk\u0131nda Y\u00f6netmelik&#8217;e g\u00f6re yerine getirilecektir. Ki\u015fisel verileri silme, yok etme veya anonim hale getirme y\u00fck\u00fcml\u00fcl\u00fc\u011f\u00fcm\u00fcz\u00fcn ortaya \u00e7\u0131kt\u0131\u011f\u0131 tarihi takip eden 3 ay i\u00e7erisinde, ki\u015fisel veriler silinir, yok edilir veya anonim hale getirilir.<\/p>\n<p style=\"font-weight: 400;\">\n<p style=\"font-weight: 400;\">\u015eirketimize ba\u015fvurarak ki\u015fisel verilerinizin silinmesini veya yok edilmesini talep etti\u011finizde;<\/p>\n<ol>\n<li style=\"font-weight: 400;\">a) Ki\u015fisel verileri i\u015fleme \u015fartlar\u0131n\u0131n tamam\u0131 ortadan kalkm\u0131\u015fsa; talebe konu ki\u015fisel verilerinizi silinir, yok edilir veya anonim hale getirilir. Talebiniz en ge\u00e7 30 g\u00fcn i\u00e7inde sonu\u00e7land\u0131r\u0131l\u0131r ve taraf\u0131n\u0131za bilgi verilir.<\/li>\n<li style=\"font-weight: 400;\">b) Ki\u015fisel verileri i\u015fleme \u015fartlar\u0131n\u0131n tamam\u0131 ortadan kalkm\u0131\u015f ve talebe konu olan ki\u015fisel veriler \u00fc\u00e7\u00fcnc\u00fc ki\u015filere aktar\u0131lm\u0131\u015fsa bu durum \u00fc\u00e7\u00fcnc\u00fc ki\u015filere bildirir; y\u00f6netmelik kapsam\u0131nda gerekli i\u015flemlerin yap\u0131lmas\u0131 temin edilir.<\/li>\n<li style=\"font-weight: 400;\">c) Ki\u015fisel verileri i\u015fleme \u015fartlar\u0131n\u0131n tamam\u0131 ortadan kalkmam\u0131\u015fsa, talebiniz KVK Kanunun 13. maddesinin \u00fc\u00e7\u00fcnc\u00fc f\u0131kras\u0131 uyar\u0131nca gerek\u00e7esi a\u00e7\u0131klanarak reddedilebilir ve ret cevab\u0131 taraf\u0131n\u0131za en ge\u00e7 30 g\u00fcn i\u00e7inde yaz\u0131l\u0131 olarak ya da elektronik ortamda bildirilir.<\/li>\n<\/ol>\n<p style=\"font-weight: 400;\">\n<p style=\"font-weight: 400;\"><strong>Ki\u015fisel Verilerin Korunmas\u0131 Kanunu&#8217;ndan Do\u011fan Haklar\u0131n\u0131z<\/strong><\/p>\n<p style=\"font-weight: 400;\"><strong>\u00a0<\/strong><\/p>\n<p style=\"font-weight: 400;\">Kanun&#8217;un 11. maddesine g\u00f6re ki\u015fisel veri sahibi olarak m\u00fc\u015fteriler;<\/p>\n<p style=\"font-weight: 400;\">Ki\u015fisel verilerinin i\u015flenip i\u015flenmedi\u011fini \u00f6\u011frenme, i\u015flenmi\u015fse buna ili\u015fkin bilgi talep etme, i\u015flenme amac\u0131n\u0131 ve bunlar\u0131n amac\u0131na uygun kullan\u0131p kullan\u0131lmad\u0131\u011f\u0131n\u0131 \u00f6\u011frenme, yurt i\u00e7inde veya yurt d\u0131\u015f\u0131nda ki\u015fisel verilerinin aktar\u0131ld\u0131\u011f\u0131 \u00fc\u00e7\u00fcnc\u00fc ki\u015fileri bilme, eksik yada yanl\u0131\u015f i\u015flenmi\u015f olmas\u0131 halinde bunlar\u0131n d\u00fczeltilmesini isteme, silinmesini, anonim hale getirilmesini veya yok edilmesini isteme, d\u00fczeltilme, silinme, anonim hale getirme veya yok edilmesi halinde bunun \u00fc\u00e7\u00fcnc\u00fc ki\u015filere bildirilmesini isteme, m\u00fcnhas\u0131ran otomatik sistemler vas\u0131tas\u0131yla analiz edilmesi suretiyle ki\u015finin kendisi aleyhine bir sonucun ortaya \u00e7\u0131kmas\u0131na itiraz etme, kanuna ayk\u0131r\u0131 olarak i\u015flenmesi sebebiyle zarar u\u011framas\u0131 halinde zarar\u0131n giderilmesini talep etme haklar\u0131na sahiptir.<\/p>\n<p style=\"font-weight: 400;\">\n<p style=\"font-weight: 400;\">Ki\u015fisel olmayan bilgiler, \u015fahsen tan\u0131mlanamayaca\u011f\u0131n\u0131z bilgilerdir. Bu bilgiler her t\u00fcrl\u00fc ama\u00e7la kullan\u0131labilir ve \u00fc\u00e7\u00fcnc\u00fc ki\u015filerle de onay al\u0131nmaks\u0131z\u0131n payla\u015f\u0131labilir.<\/p>\n<p style=\"font-weight: 400;\">Yukar\u0131da an\u0131lan ve kanunda say\u0131lan haklar\u0131n\u0131z\u0131 internet sitemizdeki ileti\u015fim bilgileri \u00fczerinden bize ula\u015farak kullanabilirsiniz.<\/p>\n<p style=\"font-weight: 400;\">E-posta adresi:<\/p>\n<p style=\"font-weight: 400;\">\u0130leti\u015fim numaras\u0131:<\/p>\n<p style=\"font-weight: 400;\">","protected":false},"excerpt":{"rendered":"<p>Ki\u015fisel Verilerin \u0130\u015flenmesi Konusunda Ayd\u0131nlatma Metni \u00a0 www.ozlemozyasar.com\u00a0internet sitesinin sahibi vergi m\u00fckellefi \u00d6zlem Derundere taraf\u0131ndan, 6698 say\u0131l\u0131 Ki\u015fisel Verilerin Korunmas\u0131 Kanunu ve \u00a0ilgili mevzuattan kaynaklanan kanuni y\u00fck\u00fcml\u00fcl\u00fckleri yerine getirmek ve irsaliye, tahsilat, fatura, kargo, sipari\u015f teslim ve\/veya \u00fcyelik kayd\u0131, iade s\u00fcre\u00e7lerini y\u00fcr\u00fctebilmek ad\u0131na baz\u0131 ki\u015fisel verileriniz (Ad, soyad, hesap parolas\u0131, e-posta adresi, teslimat adresi, fatura [&hellip;]<\/p>\n","protected":false},"author":1,"featured_media":0,"parent":0,"menu_order":0,"comment_status":"closed","ping_status":"closed","template":"","meta":{"_uf_show_specific_survey":0,"_uf_disable_surveys":false,"footnotes":""},"class_list":["post-24729","page","type-page","status-publish","hentry"],"_links":{"self":[{"href":"https:\/\/ozlemozyasar.com\/en\/wp-json\/wp\/v2\/pages\/24729","targetHints":{"allow":["GET"]}}],"collection":[{"href":"https:\/\/ozlemozyasar.com\/en\/wp-json\/wp\/v2\/pages"}],"about":[{"href":"https:\/\/ozlemozyasar.com\/en\/wp-json\/wp\/v2\/types\/page"}],"author":[{"embeddable":true,"href":"https:\/\/ozlemozyasar.com\/en\/wp-json\/wp\/v2\/users\/1"}],"replies":[{"embeddable":true,"href":"https:\/\/ozlemozyasar.com\/en\/wp-json\/wp\/v2\/comments?post=24729"}],"version-history":[{"count":1,"href":"https:\/\/ozlemozyasar.com\/en\/wp-json\/wp\/v2\/pages\/24729\/revisions"}],"predecessor-version":[{"id":24732,"href":"https:\/\/ozlemozyasar.com\/en\/wp-json\/wp\/v2\/pages\/24729\/revisions\/24732"}],"wp:attachment":[{"href":"https:\/\/ozlemozyasar.com\/en\/wp-json\/wp\/v2\/media?parent=24729"}],"curies":[{"name":"wp","href":"https:\/\/api.w.org\/{rel}","templated":true}]}}