{"id":24912,"date":"2025-07-08T12:33:50","date_gmt":"2025-07-08T12:33:50","guid":{"rendered":"https:\/\/ozlemozyasar.com\/?post_type=product&#038;p=24912"},"modified":"2025-07-08T12:36:32","modified_gmt":"2025-07-08T12:36:32","slug":"yaka-ve-bel-tasli-uzun-elbise","status":"publish","type":"product","link":"https:\/\/ozlemozyasar.com\/en\/product\/yaka-ve-bel-tasli-uzun-elbise\/","title":{"rendered":"Yaka ve Bel Ta\u015fl\u0131 Uzun Elbise"},"content":{"rendered":"<p>\u00fcr\u00fcn bedeni standart bedendir.<\/p>\n<p>38, 40 beden uyumludur.<\/p>\n<p>&nbsp;<\/p>","protected":false},"excerpt":{"rendered":"<p>\u00fcr\u00fcn bedeni standart bedendir. 38, 40 beden uyumludur. &nbsp;<\/p>","protected":false},"featured_media":24915,"comment_status":"open","ping_status":"closed","template":"","meta":{"_uf_show_specific_survey":0,"_uf_disable_surveys":false},"product_brand":[],"product_cat":[288,284,310,15],"product_tag":[],"class_list":{"0":"post-24912","1":"product","2":"type-product","3":"status-publish","4":"has-post-thumbnail","6":"product_cat-elbise","7":"product_cat-giyim","8":"product_cat-ozel-gun-davet","9":"product_cat-tumurunler","11":"first","12":"instock","13":"taxable","14":"shipping-taxable","15":"purchasable","16":"product-type-variable"},"_links":{"self":[{"href":"https:\/\/ozlemozyasar.com\/en\/wp-json\/wp\/v2\/product\/24912","targetHints":{"allow":["GET"]}}],"collection":[{"href":"https:\/\/ozlemozyasar.com\/en\/wp-json\/wp\/v2\/product"}],"about":[{"href":"https:\/\/ozlemozyasar.com\/en\/wp-json\/wp\/v2\/types\/product"}],"replies":[{"embeddable":true,"href":"https:\/\/ozlemozyasar.com\/en\/wp-json\/wp\/v2\/comments?post=24912"}],"version-history":[{"count":1,"href":"https:\/\/ozlemozyasar.com\/en\/wp-json\/wp\/v2\/product\/24912\/revisions"}],"predecessor-version":[{"id":24918,"href":"https:\/\/ozlemozyasar.com\/en\/wp-json\/wp\/v2\/product\/24912\/revisions\/24918"}],"wp:featuredmedia":[{"embeddable":true,"href":"https:\/\/ozlemozyasar.com\/en\/wp-json\/wp\/v2\/media\/24915"}],"wp:attachment":[{"href":"https:\/\/ozlemozyasar.com\/en\/wp-json\/wp\/v2\/media?parent=24912"}],"wp:term":[{"taxonomy":"product_brand","embeddable":true,"href":"https:\/\/ozlemozyasar.com\/en\/wp-json\/wp\/v2\/product_brand?post=24912"},{"taxonomy":"product_cat","embeddable":true,"href":"https:\/\/ozlemozyasar.com\/en\/wp-json\/wp\/v2\/product_cat?post=24912"},{"taxonomy":"product_tag","embeddable":true,"href":"https:\/\/ozlemozyasar.com\/en\/wp-json\/wp\/v2\/product_tag?post=24912"}],"curies":[{"name":"wp","href":"https:\/\/api.w.org\/{rel}","templated":true}]}}