{"id":24962,"date":"2025-07-08T15:28:38","date_gmt":"2025-07-08T15:28:38","guid":{"rendered":"https:\/\/ozlemozyasar.com\/?post_type=product&#038;p=24962"},"modified":"2025-07-08T15:28:38","modified_gmt":"2025-07-08T15:28:38","slug":"varakli-rahat-kesim-uzun-elbise","status":"publish","type":"product","link":"https:\/\/ozlemozyasar.com\/en\/product\/varakli-rahat-kesim-uzun-elbise\/","title":{"rendered":"Varakl\u0131 Rahat Kesim Uzun Elbise"},"content":{"rendered":"<p>kemer \u00fcr\u00fcne dahil de\u011fildir.<\/p>\n<p>\u00fcr\u00fcn beli lastiklidir.<\/p>\n<p>\u00fcr\u00fcn standart beden<\/p>\n<p>&nbsp;<\/p>","protected":false},"excerpt":{"rendered":"<p>kemer \u00fcr\u00fcne dahil de\u011fildir. \u00fcr\u00fcn beli lastiklidir. \u00fcr\u00fcn standart beden &nbsp;<\/p>","protected":false},"featured_media":24966,"comment_status":"open","ping_status":"closed","template":"","meta":{"_uf_show_specific_survey":0,"_uf_disable_surveys":false},"product_brand":[],"product_cat":[288,284,311,310,15],"product_tag":[],"class_list":{"0":"post-24962","1":"product","2":"type-product","3":"status-publish","4":"has-post-thumbnail","6":"product_cat-elbise","7":"product_cat-giyim","8":"product_cat-gunluk-elbise-elbise","9":"product_cat-ozel-gun-davet","10":"product_cat-tumurunler","12":"first","13":"instock","14":"taxable","15":"shipping-taxable","16":"purchasable","17":"product-type-variable"},"_links":{"self":[{"href":"https:\/\/ozlemozyasar.com\/en\/wp-json\/wp\/v2\/product\/24962","targetHints":{"allow":["GET"]}}],"collection":[{"href":"https:\/\/ozlemozyasar.com\/en\/wp-json\/wp\/v2\/product"}],"about":[{"href":"https:\/\/ozlemozyasar.com\/en\/wp-json\/wp\/v2\/types\/product"}],"replies":[{"embeddable":true,"href":"https:\/\/ozlemozyasar.com\/en\/wp-json\/wp\/v2\/comments?post=24962"}],"version-history":[{"count":1,"href":"https:\/\/ozlemozyasar.com\/en\/wp-json\/wp\/v2\/product\/24962\/revisions"}],"predecessor-version":[{"id":24967,"href":"https:\/\/ozlemozyasar.com\/en\/wp-json\/wp\/v2\/product\/24962\/revisions\/24967"}],"wp:featuredmedia":[{"embeddable":true,"href":"https:\/\/ozlemozyasar.com\/en\/wp-json\/wp\/v2\/media\/24966"}],"wp:attachment":[{"href":"https:\/\/ozlemozyasar.com\/en\/wp-json\/wp\/v2\/media?parent=24962"}],"wp:term":[{"taxonomy":"product_brand","embeddable":true,"href":"https:\/\/ozlemozyasar.com\/en\/wp-json\/wp\/v2\/product_brand?post=24962"},{"taxonomy":"product_cat","embeddable":true,"href":"https:\/\/ozlemozyasar.com\/en\/wp-json\/wp\/v2\/product_cat?post=24962"},{"taxonomy":"product_tag","embeddable":true,"href":"https:\/\/ozlemozyasar.com\/en\/wp-json\/wp\/v2\/product_tag?post=24962"}],"curies":[{"name":"wp","href":"https:\/\/api.w.org\/{rel}","templated":true}]}}