{"id":24974,"date":"2025-07-09T09:37:51","date_gmt":"2025-07-09T09:37:51","guid":{"rendered":"https:\/\/ozlemozyasar.com\/?post_type=product&#038;p=24974"},"modified":"2025-08-10T15:53:38","modified_gmt":"2025-08-10T15:53:38","slug":"ayarlanabilir-renkli-keten-sapka","status":"publish","type":"product","link":"https:\/\/ozlemozyasar.com\/en\/product\/ayarlanabilir-renkli-keten-sapka\/","title":{"rendered":"Ayarlanabilir Renkli Keten \u015eapka"},"content":{"rendered":"<p>\u00fcr\u00fcn modeli farkl\u0131 \u015fekillerde ayarlanabilir.<\/p>\n<p>\u015fapka siperli\u011fini farkl\u0131 \u015fekillerde kullanabilirsiniz.<\/p>","protected":false},"excerpt":{"rendered":"<p>\u00fcr\u00fcn modeli farkl\u0131 \u015fekillerde ayarlanabilir. \u015fapka siperli\u011fini farkl\u0131 \u015fekillerde kullanabilirsiniz.<\/p>","protected":false},"featured_media":24983,"comment_status":"open","ping_status":"closed","template":"","meta":{"_uf_show_specific_survey":0,"_uf_disable_surveys":false},"product_brand":[],"product_cat":[293,270,287,272,15],"product_tag":[],"class_list":{"0":"post-24974","1":"product","2":"type-product","3":"status-publish","4":"has-post-thumbnail","6":"product_cat-flas-urunler","7":"product_cat-indirimli-urunler","8":"product_cat-sapka","9":"product_cat-taki","10":"product_cat-tumurunler","12":"first","13":"instock","14":"taxable","15":"shipping-taxable","16":"purchasable","17":"product-type-variable"},"_links":{"self":[{"href":"https:\/\/ozlemozyasar.com\/en\/wp-json\/wp\/v2\/product\/24974","targetHints":{"allow":["GET"]}}],"collection":[{"href":"https:\/\/ozlemozyasar.com\/en\/wp-json\/wp\/v2\/product"}],"about":[{"href":"https:\/\/ozlemozyasar.com\/en\/wp-json\/wp\/v2\/types\/product"}],"replies":[{"embeddable":true,"href":"https:\/\/ozlemozyasar.com\/en\/wp-json\/wp\/v2\/comments?post=24974"}],"version-history":[{"count":1,"href":"https:\/\/ozlemozyasar.com\/en\/wp-json\/wp\/v2\/product\/24974\/revisions"}],"predecessor-version":[{"id":24993,"href":"https:\/\/ozlemozyasar.com\/en\/wp-json\/wp\/v2\/product\/24974\/revisions\/24993"}],"wp:featuredmedia":[{"embeddable":true,"href":"https:\/\/ozlemozyasar.com\/en\/wp-json\/wp\/v2\/media\/24983"}],"wp:attachment":[{"href":"https:\/\/ozlemozyasar.com\/en\/wp-json\/wp\/v2\/media?parent=24974"}],"wp:term":[{"taxonomy":"product_brand","embeddable":true,"href":"https:\/\/ozlemozyasar.com\/en\/wp-json\/wp\/v2\/product_brand?post=24974"},{"taxonomy":"product_cat","embeddable":true,"href":"https:\/\/ozlemozyasar.com\/en\/wp-json\/wp\/v2\/product_cat?post=24974"},{"taxonomy":"product_tag","embeddable":true,"href":"https:\/\/ozlemozyasar.com\/en\/wp-json\/wp\/v2\/product_tag?post=24974"}],"curies":[{"name":"wp","href":"https:\/\/api.w.org\/{rel}","templated":true}]}}