{"id":24994,"date":"2025-07-09T10:10:51","date_gmt":"2025-07-09T10:10:51","guid":{"rendered":"https:\/\/ozlemozyasar.com\/?post_type=product&#038;p=24994"},"modified":"2025-08-10T15:53:23","modified_gmt":"2025-08-10T15:53:23","slug":"parlak-yaprak-desenli-kisa-elbise","status":"publish","type":"product","link":"https:\/\/ozlemozyasar.com\/en\/product\/parlak-yaprak-desenli-kisa-elbise\/","title":{"rendered":"Parlak Yaprak Desenli K\u0131sa Elbise"},"content":{"rendered":"<p>\u00fcr\u00fcn bedeni standart bedendir.<\/p>\n<p>\u00fcr\u00fcn\u00fcn\u00fc beli lastikli ve esnektir.<\/p>\n<p>bir\u00e7ok beden rahatl\u0131kla kullanabilir.<\/p>\n<p>&nbsp;<\/p>\n<p>&nbsp;<\/p>","protected":false},"excerpt":{"rendered":"<p>\u00fcr\u00fcn bedeni standart bedendir. \u00fcr\u00fcn\u00fcn\u00fc beli lastikli ve esnektir. bir\u00e7ok beden rahatl\u0131kla kullanabilir. &nbsp; &nbsp;<\/p>","protected":false},"featured_media":24998,"comment_status":"open","ping_status":"closed","template":"","meta":{"_uf_show_specific_survey":0,"_uf_disable_surveys":false},"product_brand":[],"product_cat":[288,293,284,311,270,310,15],"product_tag":[],"class_list":{"0":"post-24994","1":"product","2":"type-product","3":"status-publish","4":"has-post-thumbnail","6":"product_cat-elbise","7":"product_cat-flas-urunler","8":"product_cat-giyim","9":"product_cat-gunluk-elbise-elbise","10":"product_cat-indirimli-urunler","11":"product_cat-ozel-gun-davet","12":"product_cat-tumurunler","14":"first","15":"instock","16":"taxable","17":"shipping-taxable","18":"purchasable","19":"product-type-variable"},"_links":{"self":[{"href":"https:\/\/ozlemozyasar.com\/en\/wp-json\/wp\/v2\/product\/24994","targetHints":{"allow":["GET"]}}],"collection":[{"href":"https:\/\/ozlemozyasar.com\/en\/wp-json\/wp\/v2\/product"}],"about":[{"href":"https:\/\/ozlemozyasar.com\/en\/wp-json\/wp\/v2\/types\/product"}],"replies":[{"embeddable":true,"href":"https:\/\/ozlemozyasar.com\/en\/wp-json\/wp\/v2\/comments?post=24994"}],"version-history":[{"count":1,"href":"https:\/\/ozlemozyasar.com\/en\/wp-json\/wp\/v2\/product\/24994\/revisions"}],"predecessor-version":[{"id":25005,"href":"https:\/\/ozlemozyasar.com\/en\/wp-json\/wp\/v2\/product\/24994\/revisions\/25005"}],"wp:featuredmedia":[{"embeddable":true,"href":"https:\/\/ozlemozyasar.com\/en\/wp-json\/wp\/v2\/media\/24998"}],"wp:attachment":[{"href":"https:\/\/ozlemozyasar.com\/en\/wp-json\/wp\/v2\/media?parent=24994"}],"wp:term":[{"taxonomy":"product_brand","embeddable":true,"href":"https:\/\/ozlemozyasar.com\/en\/wp-json\/wp\/v2\/product_brand?post=24994"},{"taxonomy":"product_cat","embeddable":true,"href":"https:\/\/ozlemozyasar.com\/en\/wp-json\/wp\/v2\/product_cat?post=24994"},{"taxonomy":"product_tag","embeddable":true,"href":"https:\/\/ozlemozyasar.com\/en\/wp-json\/wp\/v2\/product_tag?post=24994"}],"curies":[{"name":"wp","href":"https:\/\/api.w.org\/{rel}","templated":true}]}}