{"id":25048,"date":"2025-07-09T11:35:32","date_gmt":"2025-07-09T11:35:32","guid":{"rendered":"https:\/\/ozlemozyasar.com\/?post_type=product&#038;p=25048"},"modified":"2025-07-17T11:09:11","modified_gmt":"2025-07-17T11:09:11","slug":"tas-islemeli-midi-abiye-elbise","status":"publish","type":"product","link":"https:\/\/ozlemozyasar.com\/en\/product\/tas-islemeli-midi-abiye-elbise\/","title":{"rendered":"Ta\u015f \u0130\u015flemeli Midi Abiye Elbise"},"content":{"rendered":"<p>\u00fcr\u00fcn bedeni 36,38 beden uyumludur.<\/p>\n<p>\u00fcr\u00fcn arkadan fermuarl\u0131d\u0131r.<\/p>\n<p>kollar\u0131 transparand\u0131r.<\/p>\n<p>\u00fcr\u00fcn tek \u00fcr\u00fcnd\u00fcr<\/p>\n<p>\u00fcr\u00fcn arka k\u0131sm\u0131 y\u0131rtma\u00e7 detayl\u0131d\u0131r.<\/p>","protected":false},"excerpt":{"rendered":"<p>\u00fcr\u00fcn bedeni 36,38 beden uyumludur. \u00fcr\u00fcn arkadan fermuarl\u0131d\u0131r. kollar\u0131 transparand\u0131r. \u00fcr\u00fcn tek \u00fcr\u00fcnd\u00fcr \u00fcr\u00fcn arka k\u0131sm\u0131 y\u0131rtma\u00e7 detayl\u0131d\u0131r.<\/p>","protected":false},"featured_media":25050,"comment_status":"open","ping_status":"closed","template":"","meta":{"_uf_show_specific_survey":0,"_uf_disable_surveys":false},"product_brand":[],"product_cat":[288,284,310,15],"product_tag":[],"class_list":{"0":"post-25048","1":"product","2":"type-product","3":"status-publish","4":"has-post-thumbnail","6":"product_cat-elbise","7":"product_cat-giyim","8":"product_cat-ozel-gun-davet","9":"product_cat-tumurunler","11":"first","12":"instock","13":"taxable","14":"shipping-taxable","15":"purchasable","16":"product-type-variable"},"_links":{"self":[{"href":"https:\/\/ozlemozyasar.com\/en\/wp-json\/wp\/v2\/product\/25048","targetHints":{"allow":["GET"]}}],"collection":[{"href":"https:\/\/ozlemozyasar.com\/en\/wp-json\/wp\/v2\/product"}],"about":[{"href":"https:\/\/ozlemozyasar.com\/en\/wp-json\/wp\/v2\/types\/product"}],"replies":[{"embeddable":true,"href":"https:\/\/ozlemozyasar.com\/en\/wp-json\/wp\/v2\/comments?post=25048"}],"version-history":[{"count":1,"href":"https:\/\/ozlemozyasar.com\/en\/wp-json\/wp\/v2\/product\/25048\/revisions"}],"predecessor-version":[{"id":25052,"href":"https:\/\/ozlemozyasar.com\/en\/wp-json\/wp\/v2\/product\/25048\/revisions\/25052"}],"wp:featuredmedia":[{"embeddable":true,"href":"https:\/\/ozlemozyasar.com\/en\/wp-json\/wp\/v2\/media\/25050"}],"wp:attachment":[{"href":"https:\/\/ozlemozyasar.com\/en\/wp-json\/wp\/v2\/media?parent=25048"}],"wp:term":[{"taxonomy":"product_brand","embeddable":true,"href":"https:\/\/ozlemozyasar.com\/en\/wp-json\/wp\/v2\/product_brand?post=25048"},{"taxonomy":"product_cat","embeddable":true,"href":"https:\/\/ozlemozyasar.com\/en\/wp-json\/wp\/v2\/product_cat?post=25048"},{"taxonomy":"product_tag","embeddable":true,"href":"https:\/\/ozlemozyasar.com\/en\/wp-json\/wp\/v2\/product_tag?post=25048"}],"curies":[{"name":"wp","href":"https:\/\/api.w.org\/{rel}","templated":true}]}}