{"id":25054,"date":"2025-07-09T11:47:38","date_gmt":"2025-07-09T11:47:38","guid":{"rendered":"https:\/\/ozlemozyasar.com\/?post_type=product&#038;p=25054"},"modified":"2025-08-10T15:51:49","modified_gmt":"2025-08-10T15:51:49","slug":"pul-islemeli-uzun-keten-elbise","status":"publish","type":"product","link":"https:\/\/ozlemozyasar.com\/en\/product\/pul-islemeli-uzun-keten-elbise\/","title":{"rendered":"Pul \u0130\u015flemeli Uzun Keten Elbise"},"content":{"rendered":"<p>\u00fcr\u00fcn bel k\u0131sm\u0131 lastiklidir.<\/p>","protected":false},"excerpt":{"rendered":"<p>\u00fcr\u00fcn bel k\u0131sm\u0131 lastiklidir.<\/p>","protected":false},"featured_media":25057,"comment_status":"open","ping_status":"closed","template":"","meta":{"_uf_show_specific_survey":0,"_uf_disable_surveys":false},"product_brand":[],"product_cat":[288,293,284,311,270,15],"product_tag":[],"class_list":{"0":"post-25054","1":"product","2":"type-product","3":"status-publish","4":"has-post-thumbnail","6":"product_cat-elbise","7":"product_cat-flas-urunler","8":"product_cat-giyim","9":"product_cat-gunluk-elbise-elbise","10":"product_cat-indirimli-urunler","11":"product_cat-tumurunler","13":"first","14":"instock","15":"taxable","16":"shipping-taxable","17":"purchasable","18":"product-type-variable"},"_links":{"self":[{"href":"https:\/\/ozlemozyasar.com\/en\/wp-json\/wp\/v2\/product\/25054","targetHints":{"allow":["GET"]}}],"collection":[{"href":"https:\/\/ozlemozyasar.com\/en\/wp-json\/wp\/v2\/product"}],"about":[{"href":"https:\/\/ozlemozyasar.com\/en\/wp-json\/wp\/v2\/types\/product"}],"replies":[{"embeddable":true,"href":"https:\/\/ozlemozyasar.com\/en\/wp-json\/wp\/v2\/comments?post=25054"}],"version-history":[{"count":1,"href":"https:\/\/ozlemozyasar.com\/en\/wp-json\/wp\/v2\/product\/25054\/revisions"}],"predecessor-version":[{"id":25060,"href":"https:\/\/ozlemozyasar.com\/en\/wp-json\/wp\/v2\/product\/25054\/revisions\/25060"}],"wp:featuredmedia":[{"embeddable":true,"href":"https:\/\/ozlemozyasar.com\/en\/wp-json\/wp\/v2\/media\/25057"}],"wp:attachment":[{"href":"https:\/\/ozlemozyasar.com\/en\/wp-json\/wp\/v2\/media?parent=25054"}],"wp:term":[{"taxonomy":"product_brand","embeddable":true,"href":"https:\/\/ozlemozyasar.com\/en\/wp-json\/wp\/v2\/product_brand?post=25054"},{"taxonomy":"product_cat","embeddable":true,"href":"https:\/\/ozlemozyasar.com\/en\/wp-json\/wp\/v2\/product_cat?post=25054"},{"taxonomy":"product_tag","embeddable":true,"href":"https:\/\/ozlemozyasar.com\/en\/wp-json\/wp\/v2\/product_tag?post=25054"}],"curies":[{"name":"wp","href":"https:\/\/api.w.org\/{rel}","templated":true}]}}