{"id":25540,"date":"2025-07-13T13:42:15","date_gmt":"2025-07-13T13:42:15","guid":{"rendered":"https:\/\/ozlemozyasar.com\/?post_type=product&#038;p=25540"},"modified":"2025-08-10T15:37:09","modified_gmt":"2025-08-10T15:37:09","slug":"tasli-kirisik-siyah-etek","status":"publish","type":"product","link":"https:\/\/ozlemozyasar.com\/en\/product\/tasli-kirisik-siyah-etek\/","title":{"rendered":"Ta\u015fl\u0131 K\u0131r\u0131\u015f\u0131k Siyah Etek"},"content":{"rendered":"","protected":false},"excerpt":{"rendered":"","protected":false},"featured_media":25544,"comment_status":"open","ping_status":"closed","template":"","meta":{"_uf_show_specific_survey":0,"_uf_disable_surveys":false},"product_brand":[],"product_cat":[295,318,293,284,270,15],"product_tag":[],"class_list":{"0":"post-25540","1":"product","2":"type-product","3":"status-publish","4":"has-post-thumbnail","6":"product_cat-alt-giyim","7":"product_cat-etek-alt-giyim","8":"product_cat-flas-urunler","9":"product_cat-giyim","10":"product_cat-indirimli-urunler","11":"product_cat-tumurunler","13":"first","14":"instock","15":"taxable","16":"shipping-taxable","17":"purchasable","18":"product-type-variable"},"_links":{"self":[{"href":"https:\/\/ozlemozyasar.com\/en\/wp-json\/wp\/v2\/product\/25540","targetHints":{"allow":["GET"]}}],"collection":[{"href":"https:\/\/ozlemozyasar.com\/en\/wp-json\/wp\/v2\/product"}],"about":[{"href":"https:\/\/ozlemozyasar.com\/en\/wp-json\/wp\/v2\/types\/product"}],"replies":[{"embeddable":true,"href":"https:\/\/ozlemozyasar.com\/en\/wp-json\/wp\/v2\/comments?post=25540"}],"version-history":[{"count":1,"href":"https:\/\/ozlemozyasar.com\/en\/wp-json\/wp\/v2\/product\/25540\/revisions"}],"predecessor-version":[{"id":25552,"href":"https:\/\/ozlemozyasar.com\/en\/wp-json\/wp\/v2\/product\/25540\/revisions\/25552"}],"wp:featuredmedia":[{"embeddable":true,"href":"https:\/\/ozlemozyasar.com\/en\/wp-json\/wp\/v2\/media\/25544"}],"wp:attachment":[{"href":"https:\/\/ozlemozyasar.com\/en\/wp-json\/wp\/v2\/media?parent=25540"}],"wp:term":[{"taxonomy":"product_brand","embeddable":true,"href":"https:\/\/ozlemozyasar.com\/en\/wp-json\/wp\/v2\/product_brand?post=25540"},{"taxonomy":"product_cat","embeddable":true,"href":"https:\/\/ozlemozyasar.com\/en\/wp-json\/wp\/v2\/product_cat?post=25540"},{"taxonomy":"product_tag","embeddable":true,"href":"https:\/\/ozlemozyasar.com\/en\/wp-json\/wp\/v2\/product_tag?post=25540"}],"curies":[{"name":"wp","href":"https:\/\/api.w.org\/{rel}","templated":true}]}}