{"id":25670,"date":"2025-07-14T09:55:19","date_gmt":"2025-07-14T09:55:19","guid":{"rendered":"https:\/\/ozlemozyasar.com\/?post_type=product&#038;p=25670"},"modified":"2025-08-10T15:32:43","modified_gmt":"2025-08-10T15:32:43","slug":"iki-renkli-tasli-canta","status":"publish","type":"product","link":"https:\/\/ozlemozyasar.com\/en\/product\/iki-renkli-tasli-canta\/","title":{"rendered":"\u0130ki Renkli Ta\u015fl\u0131 \u00c7anta"},"content":{"rendered":"","protected":false},"excerpt":{"rendered":"","protected":false},"featured_media":25661,"comment_status":"open","ping_status":"closed","template":"","meta":{"_uf_show_specific_survey":0,"_uf_disable_surveys":false},"product_brand":[],"product_cat":[277,293,270,15],"product_tag":[],"class_list":{"0":"post-25670","1":"product","2":"type-product","3":"status-publish","4":"has-post-thumbnail","6":"product_cat-canta","7":"product_cat-flas-urunler","8":"product_cat-indirimli-urunler","9":"product_cat-tumurunler","11":"first","12":"instock","13":"taxable","14":"shipping-taxable","15":"purchasable","16":"product-type-variable"},"_links":{"self":[{"href":"https:\/\/ozlemozyasar.com\/en\/wp-json\/wp\/v2\/product\/25670","targetHints":{"allow":["GET"]}}],"collection":[{"href":"https:\/\/ozlemozyasar.com\/en\/wp-json\/wp\/v2\/product"}],"about":[{"href":"https:\/\/ozlemozyasar.com\/en\/wp-json\/wp\/v2\/types\/product"}],"replies":[{"embeddable":true,"href":"https:\/\/ozlemozyasar.com\/en\/wp-json\/wp\/v2\/comments?post=25670"}],"version-history":[{"count":1,"href":"https:\/\/ozlemozyasar.com\/en\/wp-json\/wp\/v2\/product\/25670\/revisions"}],"predecessor-version":[{"id":25672,"href":"https:\/\/ozlemozyasar.com\/en\/wp-json\/wp\/v2\/product\/25670\/revisions\/25672"}],"wp:featuredmedia":[{"embeddable":true,"href":"https:\/\/ozlemozyasar.com\/en\/wp-json\/wp\/v2\/media\/25661"}],"wp:attachment":[{"href":"https:\/\/ozlemozyasar.com\/en\/wp-json\/wp\/v2\/media?parent=25670"}],"wp:term":[{"taxonomy":"product_brand","embeddable":true,"href":"https:\/\/ozlemozyasar.com\/en\/wp-json\/wp\/v2\/product_brand?post=25670"},{"taxonomy":"product_cat","embeddable":true,"href":"https:\/\/ozlemozyasar.com\/en\/wp-json\/wp\/v2\/product_cat?post=25670"},{"taxonomy":"product_tag","embeddable":true,"href":"https:\/\/ozlemozyasar.com\/en\/wp-json\/wp\/v2\/product_tag?post=25670"}],"curies":[{"name":"wp","href":"https:\/\/api.w.org\/{rel}","templated":true}]}}