{"id":26176,"date":"2025-07-16T08:33:59","date_gmt":"2025-07-16T08:33:59","guid":{"rendered":"https:\/\/ozlemozyasar.com\/?post_type=product&#038;p=26176"},"modified":"2025-08-10T15:19:03","modified_gmt":"2025-08-10T15:19:03","slug":"cift-renk-yildizli-kolye","status":"publish","type":"product","link":"https:\/\/ozlemozyasar.com\/en\/product\/cift-renk-yildizli-kolye\/","title":{"rendered":"\u00c7ift  Renk Y\u0131ld\u0131zl\u0131 Kolye"},"content":{"rendered":"","protected":false},"excerpt":{"rendered":"","protected":false},"featured_media":26170,"comment_status":"open","ping_status":"closed","template":"","meta":{"_uf_show_specific_survey":0,"_uf_disable_surveys":false},"product_brand":[],"product_cat":[293,270,274,272,15],"product_tag":[],"class_list":{"0":"post-26176","1":"product","2":"type-product","3":"status-publish","4":"has-post-thumbnail","6":"product_cat-flas-urunler","7":"product_cat-indirimli-urunler","8":"product_cat-kolye","9":"product_cat-taki","10":"product_cat-tumurunler","12":"first","13":"instock","14":"taxable","15":"shipping-taxable","16":"purchasable","17":"product-type-variable"},"_links":{"self":[{"href":"https:\/\/ozlemozyasar.com\/en\/wp-json\/wp\/v2\/product\/26176","targetHints":{"allow":["GET"]}}],"collection":[{"href":"https:\/\/ozlemozyasar.com\/en\/wp-json\/wp\/v2\/product"}],"about":[{"href":"https:\/\/ozlemozyasar.com\/en\/wp-json\/wp\/v2\/types\/product"}],"replies":[{"embeddable":true,"href":"https:\/\/ozlemozyasar.com\/en\/wp-json\/wp\/v2\/comments?post=26176"}],"version-history":[{"count":1,"href":"https:\/\/ozlemozyasar.com\/en\/wp-json\/wp\/v2\/product\/26176\/revisions"}],"predecessor-version":[{"id":26178,"href":"https:\/\/ozlemozyasar.com\/en\/wp-json\/wp\/v2\/product\/26176\/revisions\/26178"}],"wp:featuredmedia":[{"embeddable":true,"href":"https:\/\/ozlemozyasar.com\/en\/wp-json\/wp\/v2\/media\/26170"}],"wp:attachment":[{"href":"https:\/\/ozlemozyasar.com\/en\/wp-json\/wp\/v2\/media?parent=26176"}],"wp:term":[{"taxonomy":"product_brand","embeddable":true,"href":"https:\/\/ozlemozyasar.com\/en\/wp-json\/wp\/v2\/product_brand?post=26176"},{"taxonomy":"product_cat","embeddable":true,"href":"https:\/\/ozlemozyasar.com\/en\/wp-json\/wp\/v2\/product_cat?post=26176"},{"taxonomy":"product_tag","embeddable":true,"href":"https:\/\/ozlemozyasar.com\/en\/wp-json\/wp\/v2\/product_tag?post=26176"}],"curies":[{"name":"wp","href":"https:\/\/api.w.org\/{rel}","templated":true}]}}