{"id":26354,"date":"2025-07-16T14:56:14","date_gmt":"2025-07-16T14:56:14","guid":{"rendered":"https:\/\/ozlemozyasar.com\/?post_type=product&#038;p=26354"},"modified":"2025-08-30T14:30:50","modified_gmt":"2025-08-30T14:30:50","slug":"onu-dugumlu-keten-gomlek-pantolon","status":"publish","type":"product","link":"https:\/\/ozlemozyasar.com\/en\/product\/onu-dugumlu-keten-gomlek-pantolon\/","title":{"rendered":"\u00d6n\u00fc D\u00fc\u011f\u00fcml\u00fc Keten G\u00f6mlek Pantolon"},"content":{"rendered":"","protected":false},"excerpt":{"rendered":"","protected":false},"featured_media":26361,"comment_status":"open","ping_status":"closed","template":"","meta":{"_uf_show_specific_survey":0,"_uf_disable_surveys":false},"product_brand":[],"product_cat":[293,284,363,270,15],"product_tag":[],"class_list":{"0":"post-26354","1":"product","2":"type-product","3":"status-publish","4":"has-post-thumbnail","6":"product_cat-flas-urunler","7":"product_cat-giyim","8":"product_cat-ikili-takim-giyim","9":"product_cat-indirimli-urunler","10":"product_cat-tumurunler","12":"first","13":"instock","14":"taxable","15":"shipping-taxable","16":"purchasable","17":"product-type-variable"},"_links":{"self":[{"href":"https:\/\/ozlemozyasar.com\/en\/wp-json\/wp\/v2\/product\/26354","targetHints":{"allow":["GET"]}}],"collection":[{"href":"https:\/\/ozlemozyasar.com\/en\/wp-json\/wp\/v2\/product"}],"about":[{"href":"https:\/\/ozlemozyasar.com\/en\/wp-json\/wp\/v2\/types\/product"}],"replies":[{"embeddable":true,"href":"https:\/\/ozlemozyasar.com\/en\/wp-json\/wp\/v2\/comments?post=26354"}],"version-history":[{"count":1,"href":"https:\/\/ozlemozyasar.com\/en\/wp-json\/wp\/v2\/product\/26354\/revisions"}],"predecessor-version":[{"id":26367,"href":"https:\/\/ozlemozyasar.com\/en\/wp-json\/wp\/v2\/product\/26354\/revisions\/26367"}],"wp:featuredmedia":[{"embeddable":true,"href":"https:\/\/ozlemozyasar.com\/en\/wp-json\/wp\/v2\/media\/26361"}],"wp:attachment":[{"href":"https:\/\/ozlemozyasar.com\/en\/wp-json\/wp\/v2\/media?parent=26354"}],"wp:term":[{"taxonomy":"product_brand","embeddable":true,"href":"https:\/\/ozlemozyasar.com\/en\/wp-json\/wp\/v2\/product_brand?post=26354"},{"taxonomy":"product_cat","embeddable":true,"href":"https:\/\/ozlemozyasar.com\/en\/wp-json\/wp\/v2\/product_cat?post=26354"},{"taxonomy":"product_tag","embeddable":true,"href":"https:\/\/ozlemozyasar.com\/en\/wp-json\/wp\/v2\/product_tag?post=26354"}],"curies":[{"name":"wp","href":"https:\/\/api.w.org\/{rel}","templated":true}]}}