{"id":26584,"date":"2025-07-18T10:34:57","date_gmt":"2025-07-18T10:34:57","guid":{"rendered":"https:\/\/ozlemozyasar.com\/?post_type=product&#038;p=26584"},"modified":"2025-08-10T14:48:30","modified_gmt":"2025-08-10T14:48:30","slug":"pembe-yesil-islemeli-krem-uzun-keten-elbise","status":"publish","type":"product","link":"https:\/\/ozlemozyasar.com\/en\/product\/pembe-yesil-islemeli-krem-uzun-keten-elbise\/","title":{"rendered":"Pembe Ye\u015fil \u0130\u015flemeli Krem Uzun Keten Elbise"},"content":{"rendered":"","protected":false},"excerpt":{"rendered":"","protected":false},"featured_media":26586,"comment_status":"open","ping_status":"closed","template":"","meta":{"_uf_show_specific_survey":0,"_uf_disable_surveys":false},"product_brand":[],"product_cat":[288,293,284,311,270,15],"product_tag":[],"class_list":{"0":"post-26584","1":"product","2":"type-product","3":"status-publish","4":"has-post-thumbnail","6":"product_cat-elbise","7":"product_cat-flas-urunler","8":"product_cat-giyim","9":"product_cat-gunluk-elbise-elbise","10":"product_cat-indirimli-urunler","11":"product_cat-tumurunler","13":"first","14":"instock","15":"taxable","16":"shipping-taxable","17":"purchasable","18":"product-type-variable"},"_links":{"self":[{"href":"https:\/\/ozlemozyasar.com\/en\/wp-json\/wp\/v2\/product\/26584","targetHints":{"allow":["GET"]}}],"collection":[{"href":"https:\/\/ozlemozyasar.com\/en\/wp-json\/wp\/v2\/product"}],"about":[{"href":"https:\/\/ozlemozyasar.com\/en\/wp-json\/wp\/v2\/types\/product"}],"replies":[{"embeddable":true,"href":"https:\/\/ozlemozyasar.com\/en\/wp-json\/wp\/v2\/comments?post=26584"}],"version-history":[{"count":1,"href":"https:\/\/ozlemozyasar.com\/en\/wp-json\/wp\/v2\/product\/26584\/revisions"}],"predecessor-version":[{"id":26588,"href":"https:\/\/ozlemozyasar.com\/en\/wp-json\/wp\/v2\/product\/26584\/revisions\/26588"}],"wp:featuredmedia":[{"embeddable":true,"href":"https:\/\/ozlemozyasar.com\/en\/wp-json\/wp\/v2\/media\/26586"}],"wp:attachment":[{"href":"https:\/\/ozlemozyasar.com\/en\/wp-json\/wp\/v2\/media?parent=26584"}],"wp:term":[{"taxonomy":"product_brand","embeddable":true,"href":"https:\/\/ozlemozyasar.com\/en\/wp-json\/wp\/v2\/product_brand?post=26584"},{"taxonomy":"product_cat","embeddable":true,"href":"https:\/\/ozlemozyasar.com\/en\/wp-json\/wp\/v2\/product_cat?post=26584"},{"taxonomy":"product_tag","embeddable":true,"href":"https:\/\/ozlemozyasar.com\/en\/wp-json\/wp\/v2\/product_tag?post=26584"}],"curies":[{"name":"wp","href":"https:\/\/api.w.org\/{rel}","templated":true}]}}