{"id":26652,"date":"2025-07-18T15:04:42","date_gmt":"2025-07-18T15:04:42","guid":{"rendered":"https:\/\/ozlemozyasar.com\/?post_type=product&#038;p=26652"},"modified":"2025-08-01T14:57:37","modified_gmt":"2025-08-01T14:57:37","slug":"kollari-firfirli-kemerli-uzun-pembe-elbise","status":"publish","type":"product","link":"https:\/\/ozlemozyasar.com\/en\/product\/kollari-firfirli-kemerli-uzun-pembe-elbise\/","title":{"rendered":"Kollar\u0131 F\u0131rf\u0131rl\u0131 Kemerli Uzun Pembe Elbise"},"content":{"rendered":"","protected":false},"excerpt":{"rendered":"","protected":false},"featured_media":26655,"comment_status":"open","ping_status":"closed","template":"","meta":{"_uf_show_specific_survey":0,"_uf_disable_surveys":false},"product_brand":[],"product_cat":[288,284,310,15],"product_tag":[],"class_list":{"0":"post-26652","1":"product","2":"type-product","3":"status-publish","4":"has-post-thumbnail","6":"product_cat-elbise","7":"product_cat-giyim","8":"product_cat-ozel-gun-davet","9":"product_cat-tumurunler","11":"first","12":"instock","13":"taxable","14":"shipping-taxable","15":"purchasable","16":"product-type-variable"},"_links":{"self":[{"href":"https:\/\/ozlemozyasar.com\/en\/wp-json\/wp\/v2\/product\/26652","targetHints":{"allow":["GET"]}}],"collection":[{"href":"https:\/\/ozlemozyasar.com\/en\/wp-json\/wp\/v2\/product"}],"about":[{"href":"https:\/\/ozlemozyasar.com\/en\/wp-json\/wp\/v2\/types\/product"}],"replies":[{"embeddable":true,"href":"https:\/\/ozlemozyasar.com\/en\/wp-json\/wp\/v2\/comments?post=26652"}],"version-history":[{"count":1,"href":"https:\/\/ozlemozyasar.com\/en\/wp-json\/wp\/v2\/product\/26652\/revisions"}],"predecessor-version":[{"id":26657,"href":"https:\/\/ozlemozyasar.com\/en\/wp-json\/wp\/v2\/product\/26652\/revisions\/26657"}],"wp:featuredmedia":[{"embeddable":true,"href":"https:\/\/ozlemozyasar.com\/en\/wp-json\/wp\/v2\/media\/26655"}],"wp:attachment":[{"href":"https:\/\/ozlemozyasar.com\/en\/wp-json\/wp\/v2\/media?parent=26652"}],"wp:term":[{"taxonomy":"product_brand","embeddable":true,"href":"https:\/\/ozlemozyasar.com\/en\/wp-json\/wp\/v2\/product_brand?post=26652"},{"taxonomy":"product_cat","embeddable":true,"href":"https:\/\/ozlemozyasar.com\/en\/wp-json\/wp\/v2\/product_cat?post=26652"},{"taxonomy":"product_tag","embeddable":true,"href":"https:\/\/ozlemozyasar.com\/en\/wp-json\/wp\/v2\/product_tag?post=26652"}],"curies":[{"name":"wp","href":"https:\/\/api.w.org\/{rel}","templated":true}]}}