{"id":26703,"date":"2025-07-19T11:13:40","date_gmt":"2025-07-19T11:13:40","guid":{"rendered":"https:\/\/ozlemozyasar.com\/?post_type=product&#038;p=26703"},"modified":"2025-08-10T14:41:06","modified_gmt":"2025-08-10T14:41:06","slug":"seffaf-kutu-parlak-detayli-canta","status":"publish","type":"product","link":"https:\/\/ozlemozyasar.com\/en\/product\/seffaf-kutu-parlak-detayli-canta\/","title":{"rendered":"\u015eeffaf Kutu Parlak Detayl\u0131 \u00c7anta"},"content":{"rendered":"","protected":false},"excerpt":{"rendered":"","protected":false},"featured_media":26706,"comment_status":"open","ping_status":"closed","template":"","meta":{"_uf_show_specific_survey":0,"_uf_disable_surveys":false},"product_brand":[],"product_cat":[277,293,270,15],"product_tag":[],"class_list":{"0":"post-26703","1":"product","2":"type-product","3":"status-publish","4":"has-post-thumbnail","6":"product_cat-canta","7":"product_cat-flas-urunler","8":"product_cat-indirimli-urunler","9":"product_cat-tumurunler","11":"first","12":"instock","13":"taxable","14":"shipping-taxable","15":"purchasable","16":"product-type-variable"},"_links":{"self":[{"href":"https:\/\/ozlemozyasar.com\/en\/wp-json\/wp\/v2\/product\/26703","targetHints":{"allow":["GET"]}}],"collection":[{"href":"https:\/\/ozlemozyasar.com\/en\/wp-json\/wp\/v2\/product"}],"about":[{"href":"https:\/\/ozlemozyasar.com\/en\/wp-json\/wp\/v2\/types\/product"}],"replies":[{"embeddable":true,"href":"https:\/\/ozlemozyasar.com\/en\/wp-json\/wp\/v2\/comments?post=26703"}],"version-history":[{"count":1,"href":"https:\/\/ozlemozyasar.com\/en\/wp-json\/wp\/v2\/product\/26703\/revisions"}],"predecessor-version":[{"id":26708,"href":"https:\/\/ozlemozyasar.com\/en\/wp-json\/wp\/v2\/product\/26703\/revisions\/26708"}],"wp:featuredmedia":[{"embeddable":true,"href":"https:\/\/ozlemozyasar.com\/en\/wp-json\/wp\/v2\/media\/26706"}],"wp:attachment":[{"href":"https:\/\/ozlemozyasar.com\/en\/wp-json\/wp\/v2\/media?parent=26703"}],"wp:term":[{"taxonomy":"product_brand","embeddable":true,"href":"https:\/\/ozlemozyasar.com\/en\/wp-json\/wp\/v2\/product_brand?post=26703"},{"taxonomy":"product_cat","embeddable":true,"href":"https:\/\/ozlemozyasar.com\/en\/wp-json\/wp\/v2\/product_cat?post=26703"},{"taxonomy":"product_tag","embeddable":true,"href":"https:\/\/ozlemozyasar.com\/en\/wp-json\/wp\/v2\/product_tag?post=26703"}],"curies":[{"name":"wp","href":"https:\/\/api.w.org\/{rel}","templated":true}]}}