{"id":26754,"date":"2025-07-19T14:39:06","date_gmt":"2025-07-19T14:39:06","guid":{"rendered":"https:\/\/ozlemozyasar.com\/?post_type=product&#038;p=26754"},"modified":"2025-08-10T14:38:03","modified_gmt":"2025-08-10T14:38:03","slug":"eskitme-gold-tasli-kupe","status":"publish","type":"product","link":"https:\/\/ozlemozyasar.com\/en\/product\/eskitme-gold-tasli-kupe\/","title":{"rendered":"Eskitme Gold Ta\u015fl\u0131 K\u00fcpe"},"content":{"rendered":"","protected":false},"excerpt":{"rendered":"","protected":false},"featured_media":26749,"comment_status":"open","ping_status":"closed","template":"","meta":{"_uf_show_specific_survey":0,"_uf_disable_surveys":false},"product_brand":[],"product_cat":[293,270,276,272,15],"product_tag":[],"class_list":{"0":"post-26754","1":"product","2":"type-product","3":"status-publish","4":"has-post-thumbnail","6":"product_cat-flas-urunler","7":"product_cat-indirimli-urunler","8":"product_cat-kupe","9":"product_cat-taki","10":"product_cat-tumurunler","12":"first","13":"instock","14":"taxable","15":"shipping-taxable","16":"purchasable","17":"product-type-variable"},"_links":{"self":[{"href":"https:\/\/ozlemozyasar.com\/en\/wp-json\/wp\/v2\/product\/26754","targetHints":{"allow":["GET"]}}],"collection":[{"href":"https:\/\/ozlemozyasar.com\/en\/wp-json\/wp\/v2\/product"}],"about":[{"href":"https:\/\/ozlemozyasar.com\/en\/wp-json\/wp\/v2\/types\/product"}],"replies":[{"embeddable":true,"href":"https:\/\/ozlemozyasar.com\/en\/wp-json\/wp\/v2\/comments?post=26754"}],"version-history":[{"count":1,"href":"https:\/\/ozlemozyasar.com\/en\/wp-json\/wp\/v2\/product\/26754\/revisions"}],"predecessor-version":[{"id":26756,"href":"https:\/\/ozlemozyasar.com\/en\/wp-json\/wp\/v2\/product\/26754\/revisions\/26756"}],"wp:featuredmedia":[{"embeddable":true,"href":"https:\/\/ozlemozyasar.com\/en\/wp-json\/wp\/v2\/media\/26749"}],"wp:attachment":[{"href":"https:\/\/ozlemozyasar.com\/en\/wp-json\/wp\/v2\/media?parent=26754"}],"wp:term":[{"taxonomy":"product_brand","embeddable":true,"href":"https:\/\/ozlemozyasar.com\/en\/wp-json\/wp\/v2\/product_brand?post=26754"},{"taxonomy":"product_cat","embeddable":true,"href":"https:\/\/ozlemozyasar.com\/en\/wp-json\/wp\/v2\/product_cat?post=26754"},{"taxonomy":"product_tag","embeddable":true,"href":"https:\/\/ozlemozyasar.com\/en\/wp-json\/wp\/v2\/product_tag?post=26754"}],"curies":[{"name":"wp","href":"https:\/\/api.w.org\/{rel}","templated":true}]}}