{"id":26805,"date":"2025-07-20T13:14:56","date_gmt":"2025-07-20T13:14:56","guid":{"rendered":"https:\/\/ozlemozyasar.com\/?post_type=product&#038;p=26805"},"modified":"2025-07-20T13:24:19","modified_gmt":"2025-07-20T13:24:19","slug":"sirt-baglama-detayli-uzun-desenli-elbise","status":"publish","type":"product","link":"https:\/\/ozlemozyasar.com\/en\/product\/sirt-baglama-detayli-uzun-desenli-elbise\/","title":{"rendered":"S\u0131rt Ba\u011flama Detayl\u0131 Etekli \u0130kili Tak\u0131m"},"content":{"rendered":"","protected":false},"excerpt":{"rendered":"","protected":false},"featured_media":26808,"comment_status":"open","ping_status":"closed","template":"","meta":{"_uf_show_specific_survey":0,"_uf_disable_surveys":false},"product_brand":[],"product_cat":[284,363,15],"product_tag":[],"class_list":{"0":"post-26805","1":"product","2":"type-product","3":"status-publish","4":"has-post-thumbnail","6":"product_cat-giyim","7":"product_cat-ikili-takim-giyim","8":"product_cat-tumurunler","10":"first","11":"instock","12":"taxable","13":"shipping-taxable","14":"purchasable","15":"product-type-variable"},"_links":{"self":[{"href":"https:\/\/ozlemozyasar.com\/en\/wp-json\/wp\/v2\/product\/26805","targetHints":{"allow":["GET"]}}],"collection":[{"href":"https:\/\/ozlemozyasar.com\/en\/wp-json\/wp\/v2\/product"}],"about":[{"href":"https:\/\/ozlemozyasar.com\/en\/wp-json\/wp\/v2\/types\/product"}],"replies":[{"embeddable":true,"href":"https:\/\/ozlemozyasar.com\/en\/wp-json\/wp\/v2\/comments?post=26805"}],"version-history":[{"count":3,"href":"https:\/\/ozlemozyasar.com\/en\/wp-json\/wp\/v2\/product\/26805\/revisions"}],"predecessor-version":[{"id":26816,"href":"https:\/\/ozlemozyasar.com\/en\/wp-json\/wp\/v2\/product\/26805\/revisions\/26816"}],"wp:featuredmedia":[{"embeddable":true,"href":"https:\/\/ozlemozyasar.com\/en\/wp-json\/wp\/v2\/media\/26808"}],"wp:attachment":[{"href":"https:\/\/ozlemozyasar.com\/en\/wp-json\/wp\/v2\/media?parent=26805"}],"wp:term":[{"taxonomy":"product_brand","embeddable":true,"href":"https:\/\/ozlemozyasar.com\/en\/wp-json\/wp\/v2\/product_brand?post=26805"},{"taxonomy":"product_cat","embeddable":true,"href":"https:\/\/ozlemozyasar.com\/en\/wp-json\/wp\/v2\/product_cat?post=26805"},{"taxonomy":"product_tag","embeddable":true,"href":"https:\/\/ozlemozyasar.com\/en\/wp-json\/wp\/v2\/product_tag?post=26805"}],"curies":[{"name":"wp","href":"https:\/\/api.w.org\/{rel}","templated":true}]}}