{"id":27003,"date":"2025-07-28T12:45:21","date_gmt":"2025-07-28T12:45:21","guid":{"rendered":"https:\/\/ozlemozyasar.com\/?post_type=product&#038;p=27003"},"modified":"2025-08-10T14:29:09","modified_gmt":"2025-08-10T14:29:09","slug":"varakli-ipek-desenli-yesil-uzun-kimono","status":"publish","type":"product","link":"https:\/\/ozlemozyasar.com\/en\/product\/varakli-ipek-desenli-yesil-uzun-kimono\/","title":{"rendered":"Varakl\u0131 \u0130pek Desenli Ye\u015fil Uzun Kimono"},"content":{"rendered":"","protected":false},"excerpt":{"rendered":"","protected":false},"featured_media":27005,"comment_status":"open","ping_status":"closed","template":"","meta":{"_uf_show_specific_survey":0,"_uf_disable_surveys":false},"product_brand":[],"product_cat":[285,293,284,270,305,15],"product_tag":[],"class_list":{"0":"post-27003","1":"product","2":"type-product","3":"status-publish","4":"has-post-thumbnail","6":"product_cat-byozlem","7":"product_cat-flas-urunler","8":"product_cat-giyim","9":"product_cat-indirimli-urunler","10":"product_cat-sort","11":"product_cat-tumurunler","13":"first","14":"instock","15":"taxable","16":"shipping-taxable","17":"purchasable","18":"product-type-variable"},"_links":{"self":[{"href":"https:\/\/ozlemozyasar.com\/en\/wp-json\/wp\/v2\/product\/27003","targetHints":{"allow":["GET"]}}],"collection":[{"href":"https:\/\/ozlemozyasar.com\/en\/wp-json\/wp\/v2\/product"}],"about":[{"href":"https:\/\/ozlemozyasar.com\/en\/wp-json\/wp\/v2\/types\/product"}],"replies":[{"embeddable":true,"href":"https:\/\/ozlemozyasar.com\/en\/wp-json\/wp\/v2\/comments?post=27003"}],"version-history":[{"count":1,"href":"https:\/\/ozlemozyasar.com\/en\/wp-json\/wp\/v2\/product\/27003\/revisions"}],"predecessor-version":[{"id":27007,"href":"https:\/\/ozlemozyasar.com\/en\/wp-json\/wp\/v2\/product\/27003\/revisions\/27007"}],"wp:featuredmedia":[{"embeddable":true,"href":"https:\/\/ozlemozyasar.com\/en\/wp-json\/wp\/v2\/media\/27005"}],"wp:attachment":[{"href":"https:\/\/ozlemozyasar.com\/en\/wp-json\/wp\/v2\/media?parent=27003"}],"wp:term":[{"taxonomy":"product_brand","embeddable":true,"href":"https:\/\/ozlemozyasar.com\/en\/wp-json\/wp\/v2\/product_brand?post=27003"},{"taxonomy":"product_cat","embeddable":true,"href":"https:\/\/ozlemozyasar.com\/en\/wp-json\/wp\/v2\/product_cat?post=27003"},{"taxonomy":"product_tag","embeddable":true,"href":"https:\/\/ozlemozyasar.com\/en\/wp-json\/wp\/v2\/product_tag?post=27003"}],"curies":[{"name":"wp","href":"https:\/\/api.w.org\/{rel}","templated":true}]}}