{"id":27060,"date":"2025-07-28T14:30:26","date_gmt":"2025-07-28T14:30:26","guid":{"rendered":"https:\/\/ozlemozyasar.com\/?post_type=product&#038;p=27060"},"modified":"2025-08-10T14:26:11","modified_gmt":"2025-08-10T14:26:11","slug":"tek-kol-yaka-firfirli-beyaz-elbise","status":"publish","type":"product","link":"https:\/\/ozlemozyasar.com\/en\/product\/tek-kol-yaka-firfirli-beyaz-elbise\/","title":{"rendered":"Tek Kol Yaka F\u0131rf\u0131rl\u0131 Beyaz Elbise"},"content":{"rendered":"","protected":false},"excerpt":{"rendered":"","protected":false},"featured_media":27061,"comment_status":"open","ping_status":"closed","template":"","meta":{"_uf_show_specific_survey":0,"_uf_disable_surveys":false},"product_brand":[],"product_cat":[285,293,284,298,270,15],"product_tag":[],"class_list":{"0":"post-27060","1":"product","2":"type-product","3":"status-publish","4":"has-post-thumbnail","6":"product_cat-byozlem","7":"product_cat-flas-urunler","8":"product_cat-giyim","9":"product_cat-gunluk-elbise","10":"product_cat-indirimli-urunler","11":"product_cat-tumurunler","13":"first","14":"instock","15":"taxable","16":"shipping-taxable","17":"purchasable","18":"product-type-variable"},"_links":{"self":[{"href":"https:\/\/ozlemozyasar.com\/en\/wp-json\/wp\/v2\/product\/27060","targetHints":{"allow":["GET"]}}],"collection":[{"href":"https:\/\/ozlemozyasar.com\/en\/wp-json\/wp\/v2\/product"}],"about":[{"href":"https:\/\/ozlemozyasar.com\/en\/wp-json\/wp\/v2\/types\/product"}],"replies":[{"embeddable":true,"href":"https:\/\/ozlemozyasar.com\/en\/wp-json\/wp\/v2\/comments?post=27060"}],"version-history":[{"count":1,"href":"https:\/\/ozlemozyasar.com\/en\/wp-json\/wp\/v2\/product\/27060\/revisions"}],"predecessor-version":[{"id":27065,"href":"https:\/\/ozlemozyasar.com\/en\/wp-json\/wp\/v2\/product\/27060\/revisions\/27065"}],"wp:featuredmedia":[{"embeddable":true,"href":"https:\/\/ozlemozyasar.com\/en\/wp-json\/wp\/v2\/media\/27061"}],"wp:attachment":[{"href":"https:\/\/ozlemozyasar.com\/en\/wp-json\/wp\/v2\/media?parent=27060"}],"wp:term":[{"taxonomy":"product_brand","embeddable":true,"href":"https:\/\/ozlemozyasar.com\/en\/wp-json\/wp\/v2\/product_brand?post=27060"},{"taxonomy":"product_cat","embeddable":true,"href":"https:\/\/ozlemozyasar.com\/en\/wp-json\/wp\/v2\/product_cat?post=27060"},{"taxonomy":"product_tag","embeddable":true,"href":"https:\/\/ozlemozyasar.com\/en\/wp-json\/wp\/v2\/product_tag?post=27060"}],"curies":[{"name":"wp","href":"https:\/\/api.w.org\/{rel}","templated":true}]}}