{"id":27149,"date":"2025-07-30T09:06:54","date_gmt":"2025-07-30T09:06:54","guid":{"rendered":"https:\/\/ozlemozyasar.com\/?post_type=product&#038;p=27149"},"modified":"2025-12-27T14:01:46","modified_gmt":"2025-12-27T14:01:46","slug":"kollari-ispanyol-gul-desenli-keten-gomlek-elbise","status":"publish","type":"product","link":"https:\/\/ozlemozyasar.com\/en\/product\/kollari-ispanyol-gul-desenli-keten-gomlek-elbise\/","title":{"rendered":"Kollar\u0131 \u0130spanyol G\u00fcl Desenli Keten G\u00f6mlek Elbise"},"content":{"rendered":"","protected":false},"excerpt":{"rendered":"","protected":false},"featured_media":27153,"comment_status":"open","ping_status":"closed","template":"","meta":{"_uf_show_specific_survey":0,"_uf_disable_surveys":false},"product_brand":[],"product_cat":[288,293,284,311,270,15],"product_tag":[],"class_list":{"0":"post-27149","1":"product","2":"type-product","3":"status-publish","4":"has-post-thumbnail","6":"product_cat-elbise","7":"product_cat-flas-urunler","8":"product_cat-giyim","9":"product_cat-gunluk-elbise-elbise","10":"product_cat-indirimli-urunler","11":"product_cat-tumurunler","13":"first","14":"instock","15":"taxable","16":"shipping-taxable","17":"purchasable","18":"product-type-variable"},"_links":{"self":[{"href":"https:\/\/ozlemozyasar.com\/en\/wp-json\/wp\/v2\/product\/27149","targetHints":{"allow":["GET"]}}],"collection":[{"href":"https:\/\/ozlemozyasar.com\/en\/wp-json\/wp\/v2\/product"}],"about":[{"href":"https:\/\/ozlemozyasar.com\/en\/wp-json\/wp\/v2\/types\/product"}],"replies":[{"embeddable":true,"href":"https:\/\/ozlemozyasar.com\/en\/wp-json\/wp\/v2\/comments?post=27149"}],"version-history":[{"count":1,"href":"https:\/\/ozlemozyasar.com\/en\/wp-json\/wp\/v2\/product\/27149\/revisions"}],"predecessor-version":[{"id":27155,"href":"https:\/\/ozlemozyasar.com\/en\/wp-json\/wp\/v2\/product\/27149\/revisions\/27155"}],"wp:featuredmedia":[{"embeddable":true,"href":"https:\/\/ozlemozyasar.com\/en\/wp-json\/wp\/v2\/media\/27153"}],"wp:attachment":[{"href":"https:\/\/ozlemozyasar.com\/en\/wp-json\/wp\/v2\/media?parent=27149"}],"wp:term":[{"taxonomy":"product_brand","embeddable":true,"href":"https:\/\/ozlemozyasar.com\/en\/wp-json\/wp\/v2\/product_brand?post=27149"},{"taxonomy":"product_cat","embeddable":true,"href":"https:\/\/ozlemozyasar.com\/en\/wp-json\/wp\/v2\/product_cat?post=27149"},{"taxonomy":"product_tag","embeddable":true,"href":"https:\/\/ozlemozyasar.com\/en\/wp-json\/wp\/v2\/product_tag?post=27149"}],"curies":[{"name":"wp","href":"https:\/\/api.w.org\/{rel}","templated":true}]}}