{"id":27168,"date":"2025-07-30T09:32:46","date_gmt":"2025-07-30T09:32:46","guid":{"rendered":"https:\/\/ozlemozyasar.com\/?post_type=product&#038;p=27168"},"modified":"2025-09-15T12:29:14","modified_gmt":"2025-09-15T12:29:14","slug":"onu-isleme-detayli-uzun-kollu-ipek-bluz","status":"publish","type":"product","link":"https:\/\/ozlemozyasar.com\/en\/product\/onu-isleme-detayli-uzun-kollu-ipek-bluz\/","title":{"rendered":"\u00d6n\u00fc \u0130\u015fleme Detayl\u0131 Uzun Kollu \u0130pek Bluz"},"content":{"rendered":"","protected":false},"excerpt":{"rendered":"","protected":false},"featured_media":27161,"comment_status":"open","ping_status":"closed","template":"","meta":{"_uf_show_specific_survey":0,"_uf_disable_surveys":false},"product_brand":[],"product_cat":[325,293,284,270,286,15],"product_tag":[],"class_list":{"0":"post-27168","1":"product","2":"type-product","3":"status-publish","4":"has-post-thumbnail","6":"product_cat-bluz","7":"product_cat-flas-urunler","8":"product_cat-giyim","9":"product_cat-indirimli-urunler","10":"product_cat-ipek-urunler","11":"product_cat-tumurunler","13":"first","14":"instock","15":"taxable","16":"shipping-taxable","17":"purchasable","18":"product-type-variable"},"_links":{"self":[{"href":"https:\/\/ozlemozyasar.com\/en\/wp-json\/wp\/v2\/product\/27168","targetHints":{"allow":["GET"]}}],"collection":[{"href":"https:\/\/ozlemozyasar.com\/en\/wp-json\/wp\/v2\/product"}],"about":[{"href":"https:\/\/ozlemozyasar.com\/en\/wp-json\/wp\/v2\/types\/product"}],"replies":[{"embeddable":true,"href":"https:\/\/ozlemozyasar.com\/en\/wp-json\/wp\/v2\/comments?post=27168"}],"version-history":[{"count":1,"href":"https:\/\/ozlemozyasar.com\/en\/wp-json\/wp\/v2\/product\/27168\/revisions"}],"predecessor-version":[{"id":27171,"href":"https:\/\/ozlemozyasar.com\/en\/wp-json\/wp\/v2\/product\/27168\/revisions\/27171"}],"wp:featuredmedia":[{"embeddable":true,"href":"https:\/\/ozlemozyasar.com\/en\/wp-json\/wp\/v2\/media\/27161"}],"wp:attachment":[{"href":"https:\/\/ozlemozyasar.com\/en\/wp-json\/wp\/v2\/media?parent=27168"}],"wp:term":[{"taxonomy":"product_brand","embeddable":true,"href":"https:\/\/ozlemozyasar.com\/en\/wp-json\/wp\/v2\/product_brand?post=27168"},{"taxonomy":"product_cat","embeddable":true,"href":"https:\/\/ozlemozyasar.com\/en\/wp-json\/wp\/v2\/product_cat?post=27168"},{"taxonomy":"product_tag","embeddable":true,"href":"https:\/\/ozlemozyasar.com\/en\/wp-json\/wp\/v2\/product_tag?post=27168"}],"curies":[{"name":"wp","href":"https:\/\/api.w.org\/{rel}","templated":true}]}}