{"id":27225,"date":"2025-07-30T14:41:18","date_gmt":"2025-07-30T14:41:18","guid":{"rendered":"https:\/\/ozlemozyasar.com\/?post_type=product&#038;p=27225"},"modified":"2025-08-10T14:11:48","modified_gmt":"2025-08-10T14:11:48","slug":"tas-detayli-gomlek-pantolon-ikili-takim","status":"publish","type":"product","link":"https:\/\/ozlemozyasar.com\/en\/product\/tas-detayli-gomlek-pantolon-ikili-takim\/","title":{"rendered":"Ta\u015f Detayl\u0131 G\u00f6mlek Pantolon \u0130kili Tak\u0131m"},"content":{"rendered":"","protected":false},"excerpt":{"rendered":"","protected":false},"featured_media":27227,"comment_status":"open","ping_status":"closed","template":"","meta":{"_uf_show_specific_survey":0,"_uf_disable_surveys":false},"product_brand":[],"product_cat":[293,284,363,270,15],"product_tag":[],"class_list":{"0":"post-27225","1":"product","2":"type-product","3":"status-publish","4":"has-post-thumbnail","6":"product_cat-flas-urunler","7":"product_cat-giyim","8":"product_cat-ikili-takim-giyim","9":"product_cat-indirimli-urunler","10":"product_cat-tumurunler","12":"first","13":"instock","14":"taxable","15":"shipping-taxable","16":"purchasable","17":"product-type-variable"},"_links":{"self":[{"href":"https:\/\/ozlemozyasar.com\/en\/wp-json\/wp\/v2\/product\/27225","targetHints":{"allow":["GET"]}}],"collection":[{"href":"https:\/\/ozlemozyasar.com\/en\/wp-json\/wp\/v2\/product"}],"about":[{"href":"https:\/\/ozlemozyasar.com\/en\/wp-json\/wp\/v2\/types\/product"}],"replies":[{"embeddable":true,"href":"https:\/\/ozlemozyasar.com\/en\/wp-json\/wp\/v2\/comments?post=27225"}],"version-history":[{"count":1,"href":"https:\/\/ozlemozyasar.com\/en\/wp-json\/wp\/v2\/product\/27225\/revisions"}],"predecessor-version":[{"id":27229,"href":"https:\/\/ozlemozyasar.com\/en\/wp-json\/wp\/v2\/product\/27225\/revisions\/27229"}],"wp:featuredmedia":[{"embeddable":true,"href":"https:\/\/ozlemozyasar.com\/en\/wp-json\/wp\/v2\/media\/27227"}],"wp:attachment":[{"href":"https:\/\/ozlemozyasar.com\/en\/wp-json\/wp\/v2\/media?parent=27225"}],"wp:term":[{"taxonomy":"product_brand","embeddable":true,"href":"https:\/\/ozlemozyasar.com\/en\/wp-json\/wp\/v2\/product_brand?post=27225"},{"taxonomy":"product_cat","embeddable":true,"href":"https:\/\/ozlemozyasar.com\/en\/wp-json\/wp\/v2\/product_cat?post=27225"},{"taxonomy":"product_tag","embeddable":true,"href":"https:\/\/ozlemozyasar.com\/en\/wp-json\/wp\/v2\/product_tag?post=27225"}],"curies":[{"name":"wp","href":"https:\/\/api.w.org\/{rel}","templated":true}]}}