{"id":27327,"date":"2025-08-01T09:21:58","date_gmt":"2025-08-01T09:21:58","guid":{"rendered":"https:\/\/ozlemozyasar.com\/?post_type=product&#038;p=27327"},"modified":"2025-08-01T09:22:00","modified_gmt":"2025-08-01T09:22:00","slug":"gumus-pul-islemeli-siyah-abiye","status":"publish","type":"product","link":"https:\/\/ozlemozyasar.com\/en\/product\/gumus-pul-islemeli-siyah-abiye\/","title":{"rendered":"G\u00fcm\u00fc\u015f Pul \u0130\u015flemeli Siyah Abiye"},"content":{"rendered":"<p>38-40-42 beden uyumludur.<\/p>","protected":false},"excerpt":{"rendered":"<p>38-40-42 beden uyumludur.<\/p>","protected":false},"featured_media":27313,"comment_status":"open","ping_status":"closed","template":"","meta":{"_uf_show_specific_survey":0,"_uf_disable_surveys":false},"product_brand":[],"product_cat":[288,284,310,15],"product_tag":[],"class_list":{"0":"post-27327","1":"product","2":"type-product","3":"status-publish","4":"has-post-thumbnail","6":"product_cat-elbise","7":"product_cat-giyim","8":"product_cat-ozel-gun-davet","9":"product_cat-tumurunler","11":"first","12":"instock","13":"taxable","14":"shipping-taxable","15":"purchasable","16":"product-type-variable"},"_links":{"self":[{"href":"https:\/\/ozlemozyasar.com\/en\/wp-json\/wp\/v2\/product\/27327","targetHints":{"allow":["GET"]}}],"collection":[{"href":"https:\/\/ozlemozyasar.com\/en\/wp-json\/wp\/v2\/product"}],"about":[{"href":"https:\/\/ozlemozyasar.com\/en\/wp-json\/wp\/v2\/types\/product"}],"replies":[{"embeddable":true,"href":"https:\/\/ozlemozyasar.com\/en\/wp-json\/wp\/v2\/comments?post=27327"}],"version-history":[{"count":1,"href":"https:\/\/ozlemozyasar.com\/en\/wp-json\/wp\/v2\/product\/27327\/revisions"}],"predecessor-version":[{"id":27329,"href":"https:\/\/ozlemozyasar.com\/en\/wp-json\/wp\/v2\/product\/27327\/revisions\/27329"}],"wp:featuredmedia":[{"embeddable":true,"href":"https:\/\/ozlemozyasar.com\/en\/wp-json\/wp\/v2\/media\/27313"}],"wp:attachment":[{"href":"https:\/\/ozlemozyasar.com\/en\/wp-json\/wp\/v2\/media?parent=27327"}],"wp:term":[{"taxonomy":"product_brand","embeddable":true,"href":"https:\/\/ozlemozyasar.com\/en\/wp-json\/wp\/v2\/product_brand?post=27327"},{"taxonomy":"product_cat","embeddable":true,"href":"https:\/\/ozlemozyasar.com\/en\/wp-json\/wp\/v2\/product_cat?post=27327"},{"taxonomy":"product_tag","embeddable":true,"href":"https:\/\/ozlemozyasar.com\/en\/wp-json\/wp\/v2\/product_tag?post=27327"}],"curies":[{"name":"wp","href":"https:\/\/api.w.org\/{rel}","templated":true}]}}