{"id":27358,"date":"2025-08-01T10:38:04","date_gmt":"2025-08-01T10:38:04","guid":{"rendered":"https:\/\/ozlemozyasar.com\/?post_type=product&#038;p=27358"},"modified":"2025-08-10T14:06:12","modified_gmt":"2025-08-10T14:06:12","slug":"onu-firfirli-kolsuz-keten-bluz","status":"publish","type":"product","link":"https:\/\/ozlemozyasar.com\/en\/product\/onu-firfirli-kolsuz-keten-bluz\/","title":{"rendered":"\u00d6n\u00fc F\u0131rf\u0131rl\u0131 Kolsuz Keten Bluz"},"content":{"rendered":"","protected":false},"excerpt":{"rendered":"","protected":false},"featured_media":27360,"comment_status":"open","ping_status":"closed","template":"","meta":{"_uf_show_specific_survey":0,"_uf_disable_surveys":false},"product_brand":[],"product_cat":[293,284,314,270,15,294],"product_tag":[],"class_list":{"0":"post-27358","1":"product","2":"type-product","3":"status-publish","4":"has-post-thumbnail","6":"product_cat-flas-urunler","7":"product_cat-giyim","8":"product_cat-gomlek-bluz","9":"product_cat-indirimli-urunler","10":"product_cat-tumurunler","11":"product_cat-ust-giyim","13":"first","14":"instock","15":"taxable","16":"shipping-taxable","17":"purchasable","18":"product-type-variable"},"_links":{"self":[{"href":"https:\/\/ozlemozyasar.com\/en\/wp-json\/wp\/v2\/product\/27358","targetHints":{"allow":["GET"]}}],"collection":[{"href":"https:\/\/ozlemozyasar.com\/en\/wp-json\/wp\/v2\/product"}],"about":[{"href":"https:\/\/ozlemozyasar.com\/en\/wp-json\/wp\/v2\/types\/product"}],"replies":[{"embeddable":true,"href":"https:\/\/ozlemozyasar.com\/en\/wp-json\/wp\/v2\/comments?post=27358"}],"version-history":[{"count":1,"href":"https:\/\/ozlemozyasar.com\/en\/wp-json\/wp\/v2\/product\/27358\/revisions"}],"predecessor-version":[{"id":27361,"href":"https:\/\/ozlemozyasar.com\/en\/wp-json\/wp\/v2\/product\/27358\/revisions\/27361"}],"wp:featuredmedia":[{"embeddable":true,"href":"https:\/\/ozlemozyasar.com\/en\/wp-json\/wp\/v2\/media\/27360"}],"wp:attachment":[{"href":"https:\/\/ozlemozyasar.com\/en\/wp-json\/wp\/v2\/media?parent=27358"}],"wp:term":[{"taxonomy":"product_brand","embeddable":true,"href":"https:\/\/ozlemozyasar.com\/en\/wp-json\/wp\/v2\/product_brand?post=27358"},{"taxonomy":"product_cat","embeddable":true,"href":"https:\/\/ozlemozyasar.com\/en\/wp-json\/wp\/v2\/product_cat?post=27358"},{"taxonomy":"product_tag","embeddable":true,"href":"https:\/\/ozlemozyasar.com\/en\/wp-json\/wp\/v2\/product_tag?post=27358"}],"curies":[{"name":"wp","href":"https:\/\/api.w.org\/{rel}","templated":true}]}}