{"id":27412,"date":"2025-08-04T11:54:35","date_gmt":"2025-08-04T11:54:35","guid":{"rendered":"https:\/\/ozlemozyasar.com\/?post_type=product&#038;p=27412"},"modified":"2025-08-10T14:03:05","modified_gmt":"2025-08-10T14:03:05","slug":"arkasi-gipeli-kollari-baglama-detayli-kirmizi-elbise","status":"publish","type":"product","link":"https:\/\/ozlemozyasar.com\/en\/product\/arkasi-gipeli-kollari-baglama-detayli-kirmizi-elbise\/","title":{"rendered":"Arkas\u0131 Gipeli Kollar\u0131 Ba\u011flama Detayl\u0131 K\u0131rm\u0131z\u0131 Elbise"},"content":{"rendered":"","protected":false},"excerpt":{"rendered":"","protected":false},"featured_media":27415,"comment_status":"open","ping_status":"closed","template":"","meta":{"_uf_show_specific_survey":0,"_uf_disable_surveys":false},"product_brand":[],"product_cat":[285,293,297,284,270,15],"product_tag":[],"class_list":{"0":"post-27412","1":"product","2":"type-product","3":"status-publish","4":"has-post-thumbnail","6":"product_cat-byozlem","7":"product_cat-flas-urunler","8":"product_cat-gece-kiyafeti","9":"product_cat-giyim","10":"product_cat-indirimli-urunler","11":"product_cat-tumurunler","13":"first","14":"instock","15":"taxable","16":"shipping-taxable","17":"purchasable","18":"product-type-variable"},"_links":{"self":[{"href":"https:\/\/ozlemozyasar.com\/en\/wp-json\/wp\/v2\/product\/27412","targetHints":{"allow":["GET"]}}],"collection":[{"href":"https:\/\/ozlemozyasar.com\/en\/wp-json\/wp\/v2\/product"}],"about":[{"href":"https:\/\/ozlemozyasar.com\/en\/wp-json\/wp\/v2\/types\/product"}],"replies":[{"embeddable":true,"href":"https:\/\/ozlemozyasar.com\/en\/wp-json\/wp\/v2\/comments?post=27412"}],"version-history":[{"count":1,"href":"https:\/\/ozlemozyasar.com\/en\/wp-json\/wp\/v2\/product\/27412\/revisions"}],"predecessor-version":[{"id":27416,"href":"https:\/\/ozlemozyasar.com\/en\/wp-json\/wp\/v2\/product\/27412\/revisions\/27416"}],"wp:featuredmedia":[{"embeddable":true,"href":"https:\/\/ozlemozyasar.com\/en\/wp-json\/wp\/v2\/media\/27415"}],"wp:attachment":[{"href":"https:\/\/ozlemozyasar.com\/en\/wp-json\/wp\/v2\/media?parent=27412"}],"wp:term":[{"taxonomy":"product_brand","embeddable":true,"href":"https:\/\/ozlemozyasar.com\/en\/wp-json\/wp\/v2\/product_brand?post=27412"},{"taxonomy":"product_cat","embeddable":true,"href":"https:\/\/ozlemozyasar.com\/en\/wp-json\/wp\/v2\/product_cat?post=27412"},{"taxonomy":"product_tag","embeddable":true,"href":"https:\/\/ozlemozyasar.com\/en\/wp-json\/wp\/v2\/product_tag?post=27412"}],"curies":[{"name":"wp","href":"https:\/\/api.w.org\/{rel}","templated":true}]}}