{"id":27515,"date":"2025-08-05T09:11:38","date_gmt":"2025-08-05T09:11:38","guid":{"rendered":"https:\/\/ozlemozyasar.com\/?post_type=product&#038;p=27515"},"modified":"2025-09-05T10:52:04","modified_gmt":"2025-09-05T10:52:04","slug":"tamamen-islemeli-gomlek-etek-ikili-takim","status":"publish","type":"product","link":"https:\/\/ozlemozyasar.com\/en\/product\/tamamen-islemeli-gomlek-etek-ikili-takim\/","title":{"rendered":"Tamamen \u0130\u015flemeli G\u00f6mlek Etek \u0130kili Tak\u0131m"},"content":{"rendered":"","protected":false},"excerpt":{"rendered":"","protected":false},"featured_media":27519,"comment_status":"open","ping_status":"closed","template":"","meta":{"_uf_show_specific_survey":0,"_uf_disable_surveys":false},"product_brand":[],"product_cat":[293,284,363,270,15],"product_tag":[],"class_list":{"0":"post-27515","1":"product","2":"type-product","3":"status-publish","4":"has-post-thumbnail","6":"product_cat-flas-urunler","7":"product_cat-giyim","8":"product_cat-ikili-takim-giyim","9":"product_cat-indirimli-urunler","10":"product_cat-tumurunler","12":"first","13":"instock","14":"taxable","15":"shipping-taxable","16":"purchasable","17":"product-type-variable"},"_links":{"self":[{"href":"https:\/\/ozlemozyasar.com\/en\/wp-json\/wp\/v2\/product\/27515","targetHints":{"allow":["GET"]}}],"collection":[{"href":"https:\/\/ozlemozyasar.com\/en\/wp-json\/wp\/v2\/product"}],"about":[{"href":"https:\/\/ozlemozyasar.com\/en\/wp-json\/wp\/v2\/types\/product"}],"replies":[{"embeddable":true,"href":"https:\/\/ozlemozyasar.com\/en\/wp-json\/wp\/v2\/comments?post=27515"}],"version-history":[{"count":1,"href":"https:\/\/ozlemozyasar.com\/en\/wp-json\/wp\/v2\/product\/27515\/revisions"}],"predecessor-version":[{"id":27521,"href":"https:\/\/ozlemozyasar.com\/en\/wp-json\/wp\/v2\/product\/27515\/revisions\/27521"}],"wp:featuredmedia":[{"embeddable":true,"href":"https:\/\/ozlemozyasar.com\/en\/wp-json\/wp\/v2\/media\/27519"}],"wp:attachment":[{"href":"https:\/\/ozlemozyasar.com\/en\/wp-json\/wp\/v2\/media?parent=27515"}],"wp:term":[{"taxonomy":"product_brand","embeddable":true,"href":"https:\/\/ozlemozyasar.com\/en\/wp-json\/wp\/v2\/product_brand?post=27515"},{"taxonomy":"product_cat","embeddable":true,"href":"https:\/\/ozlemozyasar.com\/en\/wp-json\/wp\/v2\/product_cat?post=27515"},{"taxonomy":"product_tag","embeddable":true,"href":"https:\/\/ozlemozyasar.com\/en\/wp-json\/wp\/v2\/product_tag?post=27515"}],"curies":[{"name":"wp","href":"https:\/\/api.w.org\/{rel}","templated":true}]}}