{"id":27561,"date":"2025-08-05T10:27:49","date_gmt":"2025-08-05T10:27:49","guid":{"rendered":"https:\/\/ozlemozyasar.com\/?post_type=product&#038;p=27561"},"modified":"2025-08-05T10:27:50","modified_gmt":"2025-08-05T10:27:50","slug":"bebe-yaka-islemeli-dantel-gupur-abiye","status":"publish","type":"product","link":"https:\/\/ozlemozyasar.com\/en\/product\/bebe-yaka-islemeli-dantel-gupur-abiye\/","title":{"rendered":"Bebe Yaka \u0130\u015flemeli Dantel G\u00fcp\u00fcr Abiye"},"content":{"rendered":"","protected":false},"excerpt":{"rendered":"","protected":false},"featured_media":27564,"comment_status":"open","ping_status":"closed","template":"","meta":{"_uf_show_specific_survey":0,"_uf_disable_surveys":false},"product_brand":[],"product_cat":[288,284,310,15],"product_tag":[],"class_list":{"0":"post-27561","1":"product","2":"type-product","3":"status-publish","4":"has-post-thumbnail","6":"product_cat-elbise","7":"product_cat-giyim","8":"product_cat-ozel-gun-davet","9":"product_cat-tumurunler","11":"first","12":"instock","13":"taxable","14":"shipping-taxable","15":"purchasable","16":"product-type-variable"},"_links":{"self":[{"href":"https:\/\/ozlemozyasar.com\/en\/wp-json\/wp\/v2\/product\/27561","targetHints":{"allow":["GET"]}}],"collection":[{"href":"https:\/\/ozlemozyasar.com\/en\/wp-json\/wp\/v2\/product"}],"about":[{"href":"https:\/\/ozlemozyasar.com\/en\/wp-json\/wp\/v2\/types\/product"}],"replies":[{"embeddable":true,"href":"https:\/\/ozlemozyasar.com\/en\/wp-json\/wp\/v2\/comments?post=27561"}],"version-history":[{"count":1,"href":"https:\/\/ozlemozyasar.com\/en\/wp-json\/wp\/v2\/product\/27561\/revisions"}],"predecessor-version":[{"id":27565,"href":"https:\/\/ozlemozyasar.com\/en\/wp-json\/wp\/v2\/product\/27561\/revisions\/27565"}],"wp:featuredmedia":[{"embeddable":true,"href":"https:\/\/ozlemozyasar.com\/en\/wp-json\/wp\/v2\/media\/27564"}],"wp:attachment":[{"href":"https:\/\/ozlemozyasar.com\/en\/wp-json\/wp\/v2\/media?parent=27561"}],"wp:term":[{"taxonomy":"product_brand","embeddable":true,"href":"https:\/\/ozlemozyasar.com\/en\/wp-json\/wp\/v2\/product_brand?post=27561"},{"taxonomy":"product_cat","embeddable":true,"href":"https:\/\/ozlemozyasar.com\/en\/wp-json\/wp\/v2\/product_cat?post=27561"},{"taxonomy":"product_tag","embeddable":true,"href":"https:\/\/ozlemozyasar.com\/en\/wp-json\/wp\/v2\/product_tag?post=27561"}],"curies":[{"name":"wp","href":"https:\/\/api.w.org\/{rel}","templated":true}]}}