{"id":27608,"date":"2025-08-06T13:40:07","date_gmt":"2025-08-06T13:40:07","guid":{"rendered":"https:\/\/ozlemozyasar.com\/?post_type=product&#038;p=27608"},"modified":"2025-08-10T13:50:04","modified_gmt":"2025-08-10T13:50:04","slug":"arkasi-islemeli-desenli-ikili-takim","status":"publish","type":"product","link":"https:\/\/ozlemozyasar.com\/en\/product\/arkasi-islemeli-desenli-ikili-takim\/","title":{"rendered":"Arkas\u0131 \u0130\u015flemeli Desenli \u0130kili Tak\u0131m"},"content":{"rendered":"","protected":false},"excerpt":{"rendered":"","protected":false},"featured_media":27611,"comment_status":"open","ping_status":"closed","template":"","meta":{"_uf_show_specific_survey":0,"_uf_disable_surveys":false},"product_brand":[],"product_cat":[293,284,363,270,15],"product_tag":[],"class_list":{"0":"post-27608","1":"product","2":"type-product","3":"status-publish","4":"has-post-thumbnail","6":"product_cat-flas-urunler","7":"product_cat-giyim","8":"product_cat-ikili-takim-giyim","9":"product_cat-indirimli-urunler","10":"product_cat-tumurunler","12":"first","13":"instock","14":"taxable","15":"shipping-taxable","16":"purchasable","17":"product-type-variable"},"_links":{"self":[{"href":"https:\/\/ozlemozyasar.com\/en\/wp-json\/wp\/v2\/product\/27608","targetHints":{"allow":["GET"]}}],"collection":[{"href":"https:\/\/ozlemozyasar.com\/en\/wp-json\/wp\/v2\/product"}],"about":[{"href":"https:\/\/ozlemozyasar.com\/en\/wp-json\/wp\/v2\/types\/product"}],"replies":[{"embeddable":true,"href":"https:\/\/ozlemozyasar.com\/en\/wp-json\/wp\/v2\/comments?post=27608"}],"version-history":[{"count":1,"href":"https:\/\/ozlemozyasar.com\/en\/wp-json\/wp\/v2\/product\/27608\/revisions"}],"predecessor-version":[{"id":27612,"href":"https:\/\/ozlemozyasar.com\/en\/wp-json\/wp\/v2\/product\/27608\/revisions\/27612"}],"wp:featuredmedia":[{"embeddable":true,"href":"https:\/\/ozlemozyasar.com\/en\/wp-json\/wp\/v2\/media\/27611"}],"wp:attachment":[{"href":"https:\/\/ozlemozyasar.com\/en\/wp-json\/wp\/v2\/media?parent=27608"}],"wp:term":[{"taxonomy":"product_brand","embeddable":true,"href":"https:\/\/ozlemozyasar.com\/en\/wp-json\/wp\/v2\/product_brand?post=27608"},{"taxonomy":"product_cat","embeddable":true,"href":"https:\/\/ozlemozyasar.com\/en\/wp-json\/wp\/v2\/product_cat?post=27608"},{"taxonomy":"product_tag","embeddable":true,"href":"https:\/\/ozlemozyasar.com\/en\/wp-json\/wp\/v2\/product_tag?post=27608"}],"curies":[{"name":"wp","href":"https:\/\/api.w.org\/{rel}","templated":true}]}}