{"id":27805,"date":"2025-08-11T07:08:25","date_gmt":"2025-08-11T07:08:25","guid":{"rendered":"https:\/\/ozlemozyasar.com\/?post_type=product&#038;p=27805"},"modified":"2025-08-11T08:32:32","modified_gmt":"2025-08-11T08:32:32","slug":"gumus-kelepce-bileklik","status":"publish","type":"product","link":"https:\/\/ozlemozyasar.com\/en\/product\/gumus-kelepce-bileklik\/","title":{"rendered":"G\u00fcm\u00fc\u015f Kelep\u00e7e Bileklik"},"content":{"rendered":"","protected":false},"excerpt":{"rendered":"","protected":false},"featured_media":27806,"comment_status":"open","ping_status":"closed","template":"","meta":{"_uf_show_specific_survey":0,"_uf_disable_surveys":false},"product_brand":[],"product_cat":[293,275,270,272,15],"product_tag":[],"class_list":{"0":"post-27805","1":"product","2":"type-product","3":"status-publish","4":"has-post-thumbnail","6":"product_cat-flas-urunler","7":"product_cat-bileklik","8":"product_cat-indirimli-urunler","9":"product_cat-taki","10":"product_cat-tumurunler","12":"first","13":"instock","14":"taxable","15":"shipping-taxable","16":"purchasable","17":"product-type-simple"},"_links":{"self":[{"href":"https:\/\/ozlemozyasar.com\/en\/wp-json\/wp\/v2\/product\/27805","targetHints":{"allow":["GET"]}}],"collection":[{"href":"https:\/\/ozlemozyasar.com\/en\/wp-json\/wp\/v2\/product"}],"about":[{"href":"https:\/\/ozlemozyasar.com\/en\/wp-json\/wp\/v2\/types\/product"}],"replies":[{"embeddable":true,"href":"https:\/\/ozlemozyasar.com\/en\/wp-json\/wp\/v2\/comments?post=27805"}],"version-history":[{"count":1,"href":"https:\/\/ozlemozyasar.com\/en\/wp-json\/wp\/v2\/product\/27805\/revisions"}],"predecessor-version":[{"id":27808,"href":"https:\/\/ozlemozyasar.com\/en\/wp-json\/wp\/v2\/product\/27805\/revisions\/27808"}],"wp:featuredmedia":[{"embeddable":true,"href":"https:\/\/ozlemozyasar.com\/en\/wp-json\/wp\/v2\/media\/27806"}],"wp:attachment":[{"href":"https:\/\/ozlemozyasar.com\/en\/wp-json\/wp\/v2\/media?parent=27805"}],"wp:term":[{"taxonomy":"product_brand","embeddable":true,"href":"https:\/\/ozlemozyasar.com\/en\/wp-json\/wp\/v2\/product_brand?post=27805"},{"taxonomy":"product_cat","embeddable":true,"href":"https:\/\/ozlemozyasar.com\/en\/wp-json\/wp\/v2\/product_cat?post=27805"},{"taxonomy":"product_tag","embeddable":true,"href":"https:\/\/ozlemozyasar.com\/en\/wp-json\/wp\/v2\/product_tag?post=27805"}],"curies":[{"name":"wp","href":"https:\/\/api.w.org\/{rel}","templated":true}]}}