{"id":27931,"date":"2025-08-11T11:05:51","date_gmt":"2025-08-11T11:05:51","guid":{"rendered":"https:\/\/ozlemozyasar.com\/?post_type=product&#038;p=27931"},"modified":"2025-08-11T11:05:53","modified_gmt":"2025-08-11T11:05:53","slug":"pirlanta-bileklik-yuzuk-set-15","status":"publish","type":"product","link":"https:\/\/ozlemozyasar.com\/en\/product\/pirlanta-bileklik-yuzuk-set-15\/","title":{"rendered":"P\u0131rlanta Bileklik Y\u00fcz\u00fck Set"},"content":{"rendered":"","protected":false},"excerpt":{"rendered":"","protected":false},"featured_media":27933,"comment_status":"open","ping_status":"closed","template":"","meta":{"_uf_show_specific_survey":0,"_uf_disable_surveys":false},"product_brand":[],"product_cat":[293,270,272,289,15],"product_tag":[],"class_list":{"0":"post-27931","1":"product","2":"type-product","3":"status-publish","4":"has-post-thumbnail","6":"product_cat-flas-urunler","7":"product_cat-indirimli-urunler","8":"product_cat-taki","9":"product_cat-takilar-mega-menu","10":"product_cat-tumurunler","12":"first","13":"instock","14":"taxable","15":"shipping-taxable","16":"purchasable","17":"product-type-variable"},"_links":{"self":[{"href":"https:\/\/ozlemozyasar.com\/en\/wp-json\/wp\/v2\/product\/27931","targetHints":{"allow":["GET"]}}],"collection":[{"href":"https:\/\/ozlemozyasar.com\/en\/wp-json\/wp\/v2\/product"}],"about":[{"href":"https:\/\/ozlemozyasar.com\/en\/wp-json\/wp\/v2\/types\/product"}],"replies":[{"embeddable":true,"href":"https:\/\/ozlemozyasar.com\/en\/wp-json\/wp\/v2\/comments?post=27931"}],"version-history":[{"count":2,"href":"https:\/\/ozlemozyasar.com\/en\/wp-json\/wp\/v2\/product\/27931\/revisions"}],"predecessor-version":[{"id":27936,"href":"https:\/\/ozlemozyasar.com\/en\/wp-json\/wp\/v2\/product\/27931\/revisions\/27936"}],"wp:featuredmedia":[{"embeddable":true,"href":"https:\/\/ozlemozyasar.com\/en\/wp-json\/wp\/v2\/media\/27933"}],"wp:attachment":[{"href":"https:\/\/ozlemozyasar.com\/en\/wp-json\/wp\/v2\/media?parent=27931"}],"wp:term":[{"taxonomy":"product_brand","embeddable":true,"href":"https:\/\/ozlemozyasar.com\/en\/wp-json\/wp\/v2\/product_brand?post=27931"},{"taxonomy":"product_cat","embeddable":true,"href":"https:\/\/ozlemozyasar.com\/en\/wp-json\/wp\/v2\/product_cat?post=27931"},{"taxonomy":"product_tag","embeddable":true,"href":"https:\/\/ozlemozyasar.com\/en\/wp-json\/wp\/v2\/product_tag?post=27931"}],"curies":[{"name":"wp","href":"https:\/\/api.w.org\/{rel}","templated":true}]}}