{"id":28042,"date":"2025-08-12T10:26:17","date_gmt":"2025-08-12T10:26:17","guid":{"rendered":"https:\/\/ozlemozyasar.com\/?post_type=product&#038;p=28042"},"modified":"2025-08-12T10:26:19","modified_gmt":"2025-08-12T10:26:19","slug":"onu-isleme-detayli-ipek-bluz","status":"publish","type":"product","link":"https:\/\/ozlemozyasar.com\/en\/product\/onu-isleme-detayli-ipek-bluz\/","title":{"rendered":"\u00d6n\u00fc \u0130\u015fleme Detayl\u0131 \u0130pek Bluz"},"content":{"rendered":"","protected":false},"excerpt":{"rendered":"","protected":false},"featured_media":28045,"comment_status":"open","ping_status":"closed","template":"","meta":{"_uf_show_specific_survey":0,"_uf_disable_surveys":false},"product_brand":[],"product_cat":[325,293,284,270,286,15],"product_tag":[],"class_list":{"0":"post-28042","1":"product","2":"type-product","3":"status-publish","4":"has-post-thumbnail","6":"product_cat-bluz","7":"product_cat-flas-urunler","8":"product_cat-giyim","9":"product_cat-indirimli-urunler","10":"product_cat-ipek-urunler","11":"product_cat-tumurunler","13":"first","14":"instock","15":"taxable","16":"shipping-taxable","17":"purchasable","18":"product-type-variable"},"_links":{"self":[{"href":"https:\/\/ozlemozyasar.com\/en\/wp-json\/wp\/v2\/product\/28042","targetHints":{"allow":["GET"]}}],"collection":[{"href":"https:\/\/ozlemozyasar.com\/en\/wp-json\/wp\/v2\/product"}],"about":[{"href":"https:\/\/ozlemozyasar.com\/en\/wp-json\/wp\/v2\/types\/product"}],"replies":[{"embeddable":true,"href":"https:\/\/ozlemozyasar.com\/en\/wp-json\/wp\/v2\/comments?post=28042"}],"version-history":[{"count":1,"href":"https:\/\/ozlemozyasar.com\/en\/wp-json\/wp\/v2\/product\/28042\/revisions"}],"predecessor-version":[{"id":28046,"href":"https:\/\/ozlemozyasar.com\/en\/wp-json\/wp\/v2\/product\/28042\/revisions\/28046"}],"wp:featuredmedia":[{"embeddable":true,"href":"https:\/\/ozlemozyasar.com\/en\/wp-json\/wp\/v2\/media\/28045"}],"wp:attachment":[{"href":"https:\/\/ozlemozyasar.com\/en\/wp-json\/wp\/v2\/media?parent=28042"}],"wp:term":[{"taxonomy":"product_brand","embeddable":true,"href":"https:\/\/ozlemozyasar.com\/en\/wp-json\/wp\/v2\/product_brand?post=28042"},{"taxonomy":"product_cat","embeddable":true,"href":"https:\/\/ozlemozyasar.com\/en\/wp-json\/wp\/v2\/product_cat?post=28042"},{"taxonomy":"product_tag","embeddable":true,"href":"https:\/\/ozlemozyasar.com\/en\/wp-json\/wp\/v2\/product_tag?post=28042"}],"curies":[{"name":"wp","href":"https:\/\/api.w.org\/{rel}","templated":true}]}}