{"id":28217,"date":"2025-08-15T10:34:54","date_gmt":"2025-08-15T10:34:54","guid":{"rendered":"https:\/\/ozlemozyasar.com\/?post_type=product&#038;p=28217"},"modified":"2025-08-15T10:34:55","modified_gmt":"2025-08-15T10:34:55","slug":"gold-tamamen-tas-islemeli-abiye-ceket","status":"publish","type":"product","link":"https:\/\/ozlemozyasar.com\/en\/product\/gold-tamamen-tas-islemeli-abiye-ceket\/","title":{"rendered":"Gold Tamamen Ta\u015f \u0130\u015flemeli Abiye Ceket"},"content":{"rendered":"","protected":false},"excerpt":{"rendered":"","protected":false},"featured_media":28219,"comment_status":"open","ping_status":"closed","template":"","meta":{"_uf_show_specific_survey":0,"_uf_disable_surveys":false},"product_brand":[],"product_cat":[284,288,313,310,15,294],"product_tag":[],"class_list":{"0":"post-28217","1":"product","2":"type-product","3":"status-publish","4":"has-post-thumbnail","6":"product_cat-giyim","7":"product_cat-elbise","8":"product_cat-kaban-mont-ceket","9":"product_cat-ozel-gun-davet","10":"product_cat-tumurunler","11":"product_cat-ust-giyim","13":"first","14":"instock","15":"taxable","16":"shipping-taxable","17":"purchasable","18":"product-type-variable"},"_links":{"self":[{"href":"https:\/\/ozlemozyasar.com\/en\/wp-json\/wp\/v2\/product\/28217","targetHints":{"allow":["GET"]}}],"collection":[{"href":"https:\/\/ozlemozyasar.com\/en\/wp-json\/wp\/v2\/product"}],"about":[{"href":"https:\/\/ozlemozyasar.com\/en\/wp-json\/wp\/v2\/types\/product"}],"replies":[{"embeddable":true,"href":"https:\/\/ozlemozyasar.com\/en\/wp-json\/wp\/v2\/comments?post=28217"}],"version-history":[{"count":1,"href":"https:\/\/ozlemozyasar.com\/en\/wp-json\/wp\/v2\/product\/28217\/revisions"}],"predecessor-version":[{"id":28222,"href":"https:\/\/ozlemozyasar.com\/en\/wp-json\/wp\/v2\/product\/28217\/revisions\/28222"}],"wp:featuredmedia":[{"embeddable":true,"href":"https:\/\/ozlemozyasar.com\/en\/wp-json\/wp\/v2\/media\/28219"}],"wp:attachment":[{"href":"https:\/\/ozlemozyasar.com\/en\/wp-json\/wp\/v2\/media?parent=28217"}],"wp:term":[{"taxonomy":"product_brand","embeddable":true,"href":"https:\/\/ozlemozyasar.com\/en\/wp-json\/wp\/v2\/product_brand?post=28217"},{"taxonomy":"product_cat","embeddable":true,"href":"https:\/\/ozlemozyasar.com\/en\/wp-json\/wp\/v2\/product_cat?post=28217"},{"taxonomy":"product_tag","embeddable":true,"href":"https:\/\/ozlemozyasar.com\/en\/wp-json\/wp\/v2\/product_tag?post=28217"}],"curies":[{"name":"wp","href":"https:\/\/api.w.org\/{rel}","templated":true}]}}