{"id":28240,"date":"2025-08-15T12:41:43","date_gmt":"2025-08-15T12:41:43","guid":{"rendered":"https:\/\/ozlemozyasar.com\/?post_type=product&#038;p=28240"},"modified":"2025-08-29T09:25:46","modified_gmt":"2025-08-29T09:25:46","slug":"onu-firfirli-uzun-kol-tunik-elbise","status":"publish","type":"product","link":"https:\/\/ozlemozyasar.com\/en\/product\/onu-firfirli-uzun-kol-tunik-elbise\/","title":{"rendered":"\u00d6n\u00fc F\u0131rf\u0131rl\u0131 Uzun Kol Tunik Elbise"},"content":{"rendered":"","protected":false},"excerpt":{"rendered":"","protected":false},"featured_media":28242,"comment_status":"open","ping_status":"closed","template":"","meta":{"_uf_show_specific_survey":0,"_uf_disable_surveys":false},"product_brand":[],"product_cat":[293,288,284,314,311,270,15,294],"product_tag":[],"class_list":{"0":"post-28240","1":"product","2":"type-product","3":"status-publish","4":"has-post-thumbnail","6":"product_cat-flas-urunler","7":"product_cat-elbise","8":"product_cat-giyim","9":"product_cat-gomlek-bluz","10":"product_cat-gunluk-elbise-elbise","11":"product_cat-indirimli-urunler","12":"product_cat-tumurunler","13":"product_cat-ust-giyim","15":"first","16":"instock","17":"taxable","18":"shipping-taxable","19":"purchasable","20":"product-type-variable"},"_links":{"self":[{"href":"https:\/\/ozlemozyasar.com\/en\/wp-json\/wp\/v2\/product\/28240","targetHints":{"allow":["GET"]}}],"collection":[{"href":"https:\/\/ozlemozyasar.com\/en\/wp-json\/wp\/v2\/product"}],"about":[{"href":"https:\/\/ozlemozyasar.com\/en\/wp-json\/wp\/v2\/types\/product"}],"replies":[{"embeddable":true,"href":"https:\/\/ozlemozyasar.com\/en\/wp-json\/wp\/v2\/comments?post=28240"}],"version-history":[{"count":1,"href":"https:\/\/ozlemozyasar.com\/en\/wp-json\/wp\/v2\/product\/28240\/revisions"}],"predecessor-version":[{"id":28247,"href":"https:\/\/ozlemozyasar.com\/en\/wp-json\/wp\/v2\/product\/28240\/revisions\/28247"}],"wp:featuredmedia":[{"embeddable":true,"href":"https:\/\/ozlemozyasar.com\/en\/wp-json\/wp\/v2\/media\/28242"}],"wp:attachment":[{"href":"https:\/\/ozlemozyasar.com\/en\/wp-json\/wp\/v2\/media?parent=28240"}],"wp:term":[{"taxonomy":"product_brand","embeddable":true,"href":"https:\/\/ozlemozyasar.com\/en\/wp-json\/wp\/v2\/product_brand?post=28240"},{"taxonomy":"product_cat","embeddable":true,"href":"https:\/\/ozlemozyasar.com\/en\/wp-json\/wp\/v2\/product_cat?post=28240"},{"taxonomy":"product_tag","embeddable":true,"href":"https:\/\/ozlemozyasar.com\/en\/wp-json\/wp\/v2\/product_tag?post=28240"}],"curies":[{"name":"wp","href":"https:\/\/api.w.org\/{rel}","templated":true}]}}