{"id":28288,"date":"2025-08-19T08:51:16","date_gmt":"2025-08-19T08:51:16","guid":{"rendered":"https:\/\/ozlemozyasar.com\/?post_type=product&#038;p=28288"},"modified":"2025-08-19T08:51:20","modified_gmt":"2025-08-19T08:51:20","slug":"renkli-isleme-detayli-kollari-volanli-keten-elbise","status":"publish","type":"product","link":"https:\/\/ozlemozyasar.com\/en\/product\/renkli-isleme-detayli-kollari-volanli-keten-elbise\/","title":{"rendered":"Renkli \u0130\u015fleme Detayl\u0131 Kollar\u0131 Volanl\u0131 Keten Elbise"},"content":{"rendered":"","protected":false},"excerpt":{"rendered":"","protected":false},"featured_media":28290,"comment_status":"open","ping_status":"closed","template":"","meta":{"_uf_show_specific_survey":0,"_uf_disable_surveys":false},"product_brand":[],"product_cat":[293,288,284,311,270,15],"product_tag":[],"class_list":{"0":"post-28288","1":"product","2":"type-product","3":"status-publish","4":"has-post-thumbnail","6":"product_cat-flas-urunler","7":"product_cat-elbise","8":"product_cat-giyim","9":"product_cat-gunluk-elbise-elbise","10":"product_cat-indirimli-urunler","11":"product_cat-tumurunler","13":"first","14":"instock","15":"taxable","16":"shipping-taxable","17":"purchasable","18":"product-type-variable"},"_links":{"self":[{"href":"https:\/\/ozlemozyasar.com\/en\/wp-json\/wp\/v2\/product\/28288","targetHints":{"allow":["GET"]}}],"collection":[{"href":"https:\/\/ozlemozyasar.com\/en\/wp-json\/wp\/v2\/product"}],"about":[{"href":"https:\/\/ozlemozyasar.com\/en\/wp-json\/wp\/v2\/types\/product"}],"replies":[{"embeddable":true,"href":"https:\/\/ozlemozyasar.com\/en\/wp-json\/wp\/v2\/comments?post=28288"}],"version-history":[{"count":1,"href":"https:\/\/ozlemozyasar.com\/en\/wp-json\/wp\/v2\/product\/28288\/revisions"}],"predecessor-version":[{"id":28293,"href":"https:\/\/ozlemozyasar.com\/en\/wp-json\/wp\/v2\/product\/28288\/revisions\/28293"}],"wp:featuredmedia":[{"embeddable":true,"href":"https:\/\/ozlemozyasar.com\/en\/wp-json\/wp\/v2\/media\/28290"}],"wp:attachment":[{"href":"https:\/\/ozlemozyasar.com\/en\/wp-json\/wp\/v2\/media?parent=28288"}],"wp:term":[{"taxonomy":"product_brand","embeddable":true,"href":"https:\/\/ozlemozyasar.com\/en\/wp-json\/wp\/v2\/product_brand?post=28288"},{"taxonomy":"product_cat","embeddable":true,"href":"https:\/\/ozlemozyasar.com\/en\/wp-json\/wp\/v2\/product_cat?post=28288"},{"taxonomy":"product_tag","embeddable":true,"href":"https:\/\/ozlemozyasar.com\/en\/wp-json\/wp\/v2\/product_tag?post=28288"}],"curies":[{"name":"wp","href":"https:\/\/api.w.org\/{rel}","templated":true}]}}