{"id":28379,"date":"2025-08-23T10:49:30","date_gmt":"2025-08-23T10:49:30","guid":{"rendered":"https:\/\/ozlemozyasar.com\/?post_type=product&#038;p=28379"},"modified":"2025-08-23T10:49:31","modified_gmt":"2025-08-23T10:49:31","slug":"sirt-dekolteli-desenli-yaka-firfirli-elbise","status":"publish","type":"product","link":"https:\/\/ozlemozyasar.com\/en\/product\/sirt-dekolteli-desenli-yaka-firfirli-elbise\/","title":{"rendered":"S\u0131rt Dekolteli Desenli Yaka F\u0131rf\u0131rl\u0131 Elbise"},"content":{"rendered":"","protected":false},"excerpt":{"rendered":"","protected":false},"featured_media":28381,"comment_status":"open","ping_status":"closed","template":"","meta":{"_uf_show_specific_survey":0,"_uf_disable_surveys":false},"product_brand":[],"product_cat":[293,288,284,311,15],"product_tag":[],"class_list":{"0":"post-28379","1":"product","2":"type-product","3":"status-publish","4":"has-post-thumbnail","6":"product_cat-flas-urunler","7":"product_cat-elbise","8":"product_cat-giyim","9":"product_cat-gunluk-elbise-elbise","10":"product_cat-tumurunler","12":"first","13":"instock","14":"taxable","15":"shipping-taxable","16":"purchasable","17":"product-type-variable"},"_links":{"self":[{"href":"https:\/\/ozlemozyasar.com\/en\/wp-json\/wp\/v2\/product\/28379","targetHints":{"allow":["GET"]}}],"collection":[{"href":"https:\/\/ozlemozyasar.com\/en\/wp-json\/wp\/v2\/product"}],"about":[{"href":"https:\/\/ozlemozyasar.com\/en\/wp-json\/wp\/v2\/types\/product"}],"replies":[{"embeddable":true,"href":"https:\/\/ozlemozyasar.com\/en\/wp-json\/wp\/v2\/comments?post=28379"}],"version-history":[{"count":1,"href":"https:\/\/ozlemozyasar.com\/en\/wp-json\/wp\/v2\/product\/28379\/revisions"}],"predecessor-version":[{"id":28383,"href":"https:\/\/ozlemozyasar.com\/en\/wp-json\/wp\/v2\/product\/28379\/revisions\/28383"}],"wp:featuredmedia":[{"embeddable":true,"href":"https:\/\/ozlemozyasar.com\/en\/wp-json\/wp\/v2\/media\/28381"}],"wp:attachment":[{"href":"https:\/\/ozlemozyasar.com\/en\/wp-json\/wp\/v2\/media?parent=28379"}],"wp:term":[{"taxonomy":"product_brand","embeddable":true,"href":"https:\/\/ozlemozyasar.com\/en\/wp-json\/wp\/v2\/product_brand?post=28379"},{"taxonomy":"product_cat","embeddable":true,"href":"https:\/\/ozlemozyasar.com\/en\/wp-json\/wp\/v2\/product_cat?post=28379"},{"taxonomy":"product_tag","embeddable":true,"href":"https:\/\/ozlemozyasar.com\/en\/wp-json\/wp\/v2\/product_tag?post=28379"}],"curies":[{"name":"wp","href":"https:\/\/api.w.org\/{rel}","templated":true}]}}