{"id":28399,"date":"2025-08-23T11:26:06","date_gmt":"2025-08-23T11:26:06","guid":{"rendered":"https:\/\/ozlemozyasar.com\/?post_type=product&#038;p=28399"},"modified":"2025-08-23T11:29:23","modified_gmt":"2025-08-23T11:29:23","slug":"gogus-pencereli-balon-kol-mavi-desenli-elbise","status":"publish","type":"product","link":"https:\/\/ozlemozyasar.com\/en\/product\/gogus-pencereli-balon-kol-mavi-desenli-elbise\/","title":{"rendered":"G\u00f6\u011f\u00fcs Pencereli Balon Kol Mavi Desenli Elbise"},"content":{"rendered":"","protected":false},"excerpt":{"rendered":"","protected":false},"featured_media":28401,"comment_status":"open","ping_status":"closed","template":"","meta":{"_uf_show_specific_survey":0,"_uf_disable_surveys":false},"product_brand":[],"product_cat":[284,288,293,311,15],"product_tag":[],"class_list":{"0":"post-28399","1":"product","2":"type-product","3":"status-publish","4":"has-post-thumbnail","6":"product_cat-giyim","7":"product_cat-elbise","8":"product_cat-flas-urunler","9":"product_cat-gunluk-elbise-elbise","10":"product_cat-tumurunler","12":"first","13":"instock","14":"taxable","15":"shipping-taxable","16":"purchasable","17":"product-type-variable"},"_links":{"self":[{"href":"https:\/\/ozlemozyasar.com\/en\/wp-json\/wp\/v2\/product\/28399","targetHints":{"allow":["GET"]}}],"collection":[{"href":"https:\/\/ozlemozyasar.com\/en\/wp-json\/wp\/v2\/product"}],"about":[{"href":"https:\/\/ozlemozyasar.com\/en\/wp-json\/wp\/v2\/types\/product"}],"replies":[{"embeddable":true,"href":"https:\/\/ozlemozyasar.com\/en\/wp-json\/wp\/v2\/comments?post=28399"}],"version-history":[{"count":1,"href":"https:\/\/ozlemozyasar.com\/en\/wp-json\/wp\/v2\/product\/28399\/revisions"}],"predecessor-version":[{"id":28402,"href":"https:\/\/ozlemozyasar.com\/en\/wp-json\/wp\/v2\/product\/28399\/revisions\/28402"}],"wp:featuredmedia":[{"embeddable":true,"href":"https:\/\/ozlemozyasar.com\/en\/wp-json\/wp\/v2\/media\/28401"}],"wp:attachment":[{"href":"https:\/\/ozlemozyasar.com\/en\/wp-json\/wp\/v2\/media?parent=28399"}],"wp:term":[{"taxonomy":"product_brand","embeddable":true,"href":"https:\/\/ozlemozyasar.com\/en\/wp-json\/wp\/v2\/product_brand?post=28399"},{"taxonomy":"product_cat","embeddable":true,"href":"https:\/\/ozlemozyasar.com\/en\/wp-json\/wp\/v2\/product_cat?post=28399"},{"taxonomy":"product_tag","embeddable":true,"href":"https:\/\/ozlemozyasar.com\/en\/wp-json\/wp\/v2\/product_tag?post=28399"}],"curies":[{"name":"wp","href":"https:\/\/api.w.org\/{rel}","templated":true}]}}