{"id":28533,"date":"2025-08-30T08:37:39","date_gmt":"2025-08-30T08:37:39","guid":{"rendered":"https:\/\/ozlemozyasar.com\/?post_type=product&#038;p=28533"},"modified":"2025-08-30T08:37:41","modified_gmt":"2025-08-30T08:37:41","slug":"boyun-baglamali-desenli-bluz-pantolon-takim","status":"publish","type":"product","link":"https:\/\/ozlemozyasar.com\/en\/product\/boyun-baglamali-desenli-bluz-pantolon-takim\/","title":{"rendered":"Boyun Ba\u011flamal\u0131 Desenli Bluz Pantolon Tak\u0131m"},"content":{"rendered":"","protected":false},"excerpt":{"rendered":"","protected":false},"featured_media":28536,"comment_status":"open","ping_status":"closed","template":"","meta":{"_uf_show_specific_survey":0,"_uf_disable_surveys":false},"product_brand":[],"product_cat":[293,284,363,270,15],"product_tag":[],"class_list":{"0":"post-28533","1":"product","2":"type-product","3":"status-publish","4":"has-post-thumbnail","6":"product_cat-flas-urunler","7":"product_cat-giyim","8":"product_cat-ikili-takim-giyim","9":"product_cat-indirimli-urunler","10":"product_cat-tumurunler","12":"first","13":"instock","14":"taxable","15":"shipping-taxable","16":"purchasable","17":"product-type-variable"},"_links":{"self":[{"href":"https:\/\/ozlemozyasar.com\/en\/wp-json\/wp\/v2\/product\/28533","targetHints":{"allow":["GET"]}}],"collection":[{"href":"https:\/\/ozlemozyasar.com\/en\/wp-json\/wp\/v2\/product"}],"about":[{"href":"https:\/\/ozlemozyasar.com\/en\/wp-json\/wp\/v2\/types\/product"}],"replies":[{"embeddable":true,"href":"https:\/\/ozlemozyasar.com\/en\/wp-json\/wp\/v2\/comments?post=28533"}],"version-history":[{"count":1,"href":"https:\/\/ozlemozyasar.com\/en\/wp-json\/wp\/v2\/product\/28533\/revisions"}],"predecessor-version":[{"id":28538,"href":"https:\/\/ozlemozyasar.com\/en\/wp-json\/wp\/v2\/product\/28533\/revisions\/28538"}],"wp:featuredmedia":[{"embeddable":true,"href":"https:\/\/ozlemozyasar.com\/en\/wp-json\/wp\/v2\/media\/28536"}],"wp:attachment":[{"href":"https:\/\/ozlemozyasar.com\/en\/wp-json\/wp\/v2\/media?parent=28533"}],"wp:term":[{"taxonomy":"product_brand","embeddable":true,"href":"https:\/\/ozlemozyasar.com\/en\/wp-json\/wp\/v2\/product_brand?post=28533"},{"taxonomy":"product_cat","embeddable":true,"href":"https:\/\/ozlemozyasar.com\/en\/wp-json\/wp\/v2\/product_cat?post=28533"},{"taxonomy":"product_tag","embeddable":true,"href":"https:\/\/ozlemozyasar.com\/en\/wp-json\/wp\/v2\/product_tag?post=28533"}],"curies":[{"name":"wp","href":"https:\/\/api.w.org\/{rel}","templated":true}]}}