{"id":28647,"date":"2025-09-02T13:38:42","date_gmt":"2025-09-02T13:38:42","guid":{"rendered":"https:\/\/ozlemozyasar.com\/?post_type=product&#038;p=28647"},"modified":"2025-09-02T13:38:44","modified_gmt":"2025-09-02T13:38:44","slug":"cicek-motifli-boyun-baglamali-uzun-saten-abiye","status":"publish","type":"product","link":"https:\/\/ozlemozyasar.com\/en\/product\/cicek-motifli-boyun-baglamali-uzun-saten-abiye\/","title":{"rendered":"\u00c7i\u00e7ek Motifli Boyun Ba\u011flamal\u0131 Uzun Saten Abiye"},"content":{"rendered":"","protected":false},"excerpt":{"rendered":"","protected":false},"featured_media":28622,"comment_status":"open","ping_status":"closed","template":"","meta":{"_uf_show_specific_survey":0,"_uf_disable_surveys":false},"product_brand":[],"product_cat":[284,288,310,15],"product_tag":[],"class_list":{"0":"post-28647","1":"product","2":"type-product","3":"status-publish","4":"has-post-thumbnail","6":"product_cat-giyim","7":"product_cat-elbise","8":"product_cat-ozel-gun-davet","9":"product_cat-tumurunler","11":"first","12":"instock","13":"taxable","14":"shipping-taxable","15":"purchasable","16":"product-type-variable"},"_links":{"self":[{"href":"https:\/\/ozlemozyasar.com\/en\/wp-json\/wp\/v2\/product\/28647","targetHints":{"allow":["GET"]}}],"collection":[{"href":"https:\/\/ozlemozyasar.com\/en\/wp-json\/wp\/v2\/product"}],"about":[{"href":"https:\/\/ozlemozyasar.com\/en\/wp-json\/wp\/v2\/types\/product"}],"replies":[{"embeddable":true,"href":"https:\/\/ozlemozyasar.com\/en\/wp-json\/wp\/v2\/comments?post=28647"}],"version-history":[{"count":1,"href":"https:\/\/ozlemozyasar.com\/en\/wp-json\/wp\/v2\/product\/28647\/revisions"}],"predecessor-version":[{"id":28650,"href":"https:\/\/ozlemozyasar.com\/en\/wp-json\/wp\/v2\/product\/28647\/revisions\/28650"}],"wp:featuredmedia":[{"embeddable":true,"href":"https:\/\/ozlemozyasar.com\/en\/wp-json\/wp\/v2\/media\/28622"}],"wp:attachment":[{"href":"https:\/\/ozlemozyasar.com\/en\/wp-json\/wp\/v2\/media?parent=28647"}],"wp:term":[{"taxonomy":"product_brand","embeddable":true,"href":"https:\/\/ozlemozyasar.com\/en\/wp-json\/wp\/v2\/product_brand?post=28647"},{"taxonomy":"product_cat","embeddable":true,"href":"https:\/\/ozlemozyasar.com\/en\/wp-json\/wp\/v2\/product_cat?post=28647"},{"taxonomy":"product_tag","embeddable":true,"href":"https:\/\/ozlemozyasar.com\/en\/wp-json\/wp\/v2\/product_tag?post=28647"}],"curies":[{"name":"wp","href":"https:\/\/api.w.org\/{rel}","templated":true}]}}