{"id":28679,"date":"2025-09-06T12:19:29","date_gmt":"2025-09-06T12:19:29","guid":{"rendered":"https:\/\/ozlemozyasar.com\/?post_type=product&#038;p=28679"},"modified":"2025-12-10T11:53:52","modified_gmt":"2025-12-10T11:53:52","slug":"sacakli-tas-islemeli-bolero","status":"publish","type":"product","link":"https:\/\/ozlemozyasar.com\/en\/product\/sacakli-tas-islemeli-bolero\/","title":{"rendered":"Sa\u00e7akl\u0131 Ta\u015f \u0130\u015flemeli Bolero"},"content":{"rendered":"","protected":false},"excerpt":{"rendered":"","protected":false},"featured_media":28683,"comment_status":"open","ping_status":"closed","template":"","meta":{"_uf_show_specific_survey":0,"_uf_disable_surveys":false},"product_brand":[],"product_cat":[284,317,15,294],"product_tag":[],"class_list":{"0":"post-28679","1":"product","2":"type-product","3":"status-publish","4":"has-post-thumbnail","6":"product_cat-giyim","7":"product_cat-crop-top-bustiyer","8":"product_cat-tumurunler","9":"product_cat-ust-giyim","11":"first","12":"instock","13":"taxable","14":"shipping-taxable","15":"purchasable","16":"product-type-variable"},"_links":{"self":[{"href":"https:\/\/ozlemozyasar.com\/en\/wp-json\/wp\/v2\/product\/28679","targetHints":{"allow":["GET"]}}],"collection":[{"href":"https:\/\/ozlemozyasar.com\/en\/wp-json\/wp\/v2\/product"}],"about":[{"href":"https:\/\/ozlemozyasar.com\/en\/wp-json\/wp\/v2\/types\/product"}],"replies":[{"embeddable":true,"href":"https:\/\/ozlemozyasar.com\/en\/wp-json\/wp\/v2\/comments?post=28679"}],"version-history":[{"count":1,"href":"https:\/\/ozlemozyasar.com\/en\/wp-json\/wp\/v2\/product\/28679\/revisions"}],"predecessor-version":[{"id":28686,"href":"https:\/\/ozlemozyasar.com\/en\/wp-json\/wp\/v2\/product\/28679\/revisions\/28686"}],"wp:featuredmedia":[{"embeddable":true,"href":"https:\/\/ozlemozyasar.com\/en\/wp-json\/wp\/v2\/media\/28683"}],"wp:attachment":[{"href":"https:\/\/ozlemozyasar.com\/en\/wp-json\/wp\/v2\/media?parent=28679"}],"wp:term":[{"taxonomy":"product_brand","embeddable":true,"href":"https:\/\/ozlemozyasar.com\/en\/wp-json\/wp\/v2\/product_brand?post=28679"},{"taxonomy":"product_cat","embeddable":true,"href":"https:\/\/ozlemozyasar.com\/en\/wp-json\/wp\/v2\/product_cat?post=28679"},{"taxonomy":"product_tag","embeddable":true,"href":"https:\/\/ozlemozyasar.com\/en\/wp-json\/wp\/v2\/product_tag?post=28679"}],"curies":[{"name":"wp","href":"https:\/\/api.w.org\/{rel}","templated":true}]}}