{"id":28908,"date":"2025-09-09T13:53:56","date_gmt":"2025-09-09T13:53:56","guid":{"rendered":"https:\/\/ozlemozyasar.com\/?post_type=product&#038;p=28908"},"modified":"2025-09-09T13:53:57","modified_gmt":"2025-09-09T13:53:57","slug":"onu-capraz-model-lila-uzun-kimono","status":"publish","type":"product","link":"https:\/\/ozlemozyasar.com\/en\/product\/onu-capraz-model-lila-uzun-kimono\/","title":{"rendered":"\u00d6n\u00fc \u00c7apraz Model Lila Uzun Kimono"},"content":{"rendered":"","protected":false},"excerpt":{"rendered":"","protected":false},"featured_media":28899,"comment_status":"open","ping_status":"closed","template":"","meta":{"_uf_show_specific_survey":0,"_uf_disable_surveys":false},"product_brand":[],"product_cat":[284,384,15,294],"product_tag":[],"class_list":{"0":"post-28908","1":"product","2":"type-product","3":"status-publish","4":"has-post-thumbnail","6":"product_cat-giyim","7":"product_cat-kimono-pareo","8":"product_cat-tumurunler","9":"product_cat-ust-giyim","11":"first","12":"instock","13":"taxable","14":"shipping-taxable","15":"purchasable","16":"product-type-variable"},"_links":{"self":[{"href":"https:\/\/ozlemozyasar.com\/en\/wp-json\/wp\/v2\/product\/28908","targetHints":{"allow":["GET"]}}],"collection":[{"href":"https:\/\/ozlemozyasar.com\/en\/wp-json\/wp\/v2\/product"}],"about":[{"href":"https:\/\/ozlemozyasar.com\/en\/wp-json\/wp\/v2\/types\/product"}],"replies":[{"embeddable":true,"href":"https:\/\/ozlemozyasar.com\/en\/wp-json\/wp\/v2\/comments?post=28908"}],"version-history":[{"count":1,"href":"https:\/\/ozlemozyasar.com\/en\/wp-json\/wp\/v2\/product\/28908\/revisions"}],"predecessor-version":[{"id":28910,"href":"https:\/\/ozlemozyasar.com\/en\/wp-json\/wp\/v2\/product\/28908\/revisions\/28910"}],"wp:featuredmedia":[{"embeddable":true,"href":"https:\/\/ozlemozyasar.com\/en\/wp-json\/wp\/v2\/media\/28899"}],"wp:attachment":[{"href":"https:\/\/ozlemozyasar.com\/en\/wp-json\/wp\/v2\/media?parent=28908"}],"wp:term":[{"taxonomy":"product_brand","embeddable":true,"href":"https:\/\/ozlemozyasar.com\/en\/wp-json\/wp\/v2\/product_brand?post=28908"},{"taxonomy":"product_cat","embeddable":true,"href":"https:\/\/ozlemozyasar.com\/en\/wp-json\/wp\/v2\/product_cat?post=28908"},{"taxonomy":"product_tag","embeddable":true,"href":"https:\/\/ozlemozyasar.com\/en\/wp-json\/wp\/v2\/product_tag?post=28908"}],"curies":[{"name":"wp","href":"https:\/\/api.w.org\/{rel}","templated":true}]}}