{"id":28948,"date":"2025-09-10T13:24:10","date_gmt":"2025-09-10T13:24:10","guid":{"rendered":"https:\/\/ozlemozyasar.com\/?post_type=product&#038;p=28948"},"modified":"2025-09-10T13:24:14","modified_gmt":"2025-09-10T13:24:14","slug":"kruvaze-yaka-yirtmacli-saten-elbise","status":"publish","type":"product","link":"https:\/\/ozlemozyasar.com\/en\/product\/kruvaze-yaka-yirtmacli-saten-elbise\/","title":{"rendered":"Kruvaze Yaka Y\u0131rtma\u00e7l\u0131 Saten Elbise"},"content":{"rendered":"","protected":false},"excerpt":{"rendered":"","protected":false},"featured_media":28950,"comment_status":"open","ping_status":"closed","template":"","meta":{"_uf_show_specific_survey":0,"_uf_disable_surveys":false},"product_brand":[],"product_cat":[284,288,310,15],"product_tag":[],"class_list":{"0":"post-28948","1":"product","2":"type-product","3":"status-publish","4":"has-post-thumbnail","6":"product_cat-giyim","7":"product_cat-elbise","8":"product_cat-ozel-gun-davet","9":"product_cat-tumurunler","11":"first","12":"instock","13":"taxable","14":"shipping-taxable","15":"purchasable","16":"product-type-variable"},"_links":{"self":[{"href":"https:\/\/ozlemozyasar.com\/en\/wp-json\/wp\/v2\/product\/28948","targetHints":{"allow":["GET"]}}],"collection":[{"href":"https:\/\/ozlemozyasar.com\/en\/wp-json\/wp\/v2\/product"}],"about":[{"href":"https:\/\/ozlemozyasar.com\/en\/wp-json\/wp\/v2\/types\/product"}],"replies":[{"embeddable":true,"href":"https:\/\/ozlemozyasar.com\/en\/wp-json\/wp\/v2\/comments?post=28948"}],"version-history":[{"count":1,"href":"https:\/\/ozlemozyasar.com\/en\/wp-json\/wp\/v2\/product\/28948\/revisions"}],"predecessor-version":[{"id":28952,"href":"https:\/\/ozlemozyasar.com\/en\/wp-json\/wp\/v2\/product\/28948\/revisions\/28952"}],"wp:featuredmedia":[{"embeddable":true,"href":"https:\/\/ozlemozyasar.com\/en\/wp-json\/wp\/v2\/media\/28950"}],"wp:attachment":[{"href":"https:\/\/ozlemozyasar.com\/en\/wp-json\/wp\/v2\/media?parent=28948"}],"wp:term":[{"taxonomy":"product_brand","embeddable":true,"href":"https:\/\/ozlemozyasar.com\/en\/wp-json\/wp\/v2\/product_brand?post=28948"},{"taxonomy":"product_cat","embeddable":true,"href":"https:\/\/ozlemozyasar.com\/en\/wp-json\/wp\/v2\/product_cat?post=28948"},{"taxonomy":"product_tag","embeddable":true,"href":"https:\/\/ozlemozyasar.com\/en\/wp-json\/wp\/v2\/product_tag?post=28948"}],"curies":[{"name":"wp","href":"https:\/\/api.w.org\/{rel}","templated":true}]}}