{"id":29078,"date":"2025-09-16T13:26:01","date_gmt":"2025-09-16T13:26:01","guid":{"rendered":"https:\/\/ozlemozyasar.com\/?post_type=product&#038;p=29078"},"modified":"2025-09-16T13:26:03","modified_gmt":"2025-09-16T13:26:03","slug":"tamamen-tas-islemeli-ceket-pantolon-takim","status":"publish","type":"product","link":"https:\/\/ozlemozyasar.com\/en\/product\/tamamen-tas-islemeli-ceket-pantolon-takim\/","title":{"rendered":"Tamamen Ta\u015f \u0130\u015flemeli Ceket Pantolon Tak\u0131m"},"content":{"rendered":"","protected":false},"excerpt":{"rendered":"","protected":false},"featured_media":29081,"comment_status":"open","ping_status":"closed","template":"","meta":{"_uf_show_specific_survey":0,"_uf_disable_surveys":false},"product_brand":[],"product_cat":[284,363,15,269],"product_tag":[],"class_list":{"0":"post-29078","1":"product","2":"type-product","3":"status-publish","4":"has-post-thumbnail","6":"product_cat-giyim","7":"product_cat-ikili-takim-giyim","8":"product_cat-tumurunler","9":"product_cat-yeni-sezon","11":"first","12":"instock","13":"taxable","14":"shipping-taxable","15":"purchasable","16":"product-type-variable"},"_links":{"self":[{"href":"https:\/\/ozlemozyasar.com\/en\/wp-json\/wp\/v2\/product\/29078","targetHints":{"allow":["GET"]}}],"collection":[{"href":"https:\/\/ozlemozyasar.com\/en\/wp-json\/wp\/v2\/product"}],"about":[{"href":"https:\/\/ozlemozyasar.com\/en\/wp-json\/wp\/v2\/types\/product"}],"replies":[{"embeddable":true,"href":"https:\/\/ozlemozyasar.com\/en\/wp-json\/wp\/v2\/comments?post=29078"}],"version-history":[{"count":1,"href":"https:\/\/ozlemozyasar.com\/en\/wp-json\/wp\/v2\/product\/29078\/revisions"}],"predecessor-version":[{"id":29082,"href":"https:\/\/ozlemozyasar.com\/en\/wp-json\/wp\/v2\/product\/29078\/revisions\/29082"}],"wp:featuredmedia":[{"embeddable":true,"href":"https:\/\/ozlemozyasar.com\/en\/wp-json\/wp\/v2\/media\/29081"}],"wp:attachment":[{"href":"https:\/\/ozlemozyasar.com\/en\/wp-json\/wp\/v2\/media?parent=29078"}],"wp:term":[{"taxonomy":"product_brand","embeddable":true,"href":"https:\/\/ozlemozyasar.com\/en\/wp-json\/wp\/v2\/product_brand?post=29078"},{"taxonomy":"product_cat","embeddable":true,"href":"https:\/\/ozlemozyasar.com\/en\/wp-json\/wp\/v2\/product_cat?post=29078"},{"taxonomy":"product_tag","embeddable":true,"href":"https:\/\/ozlemozyasar.com\/en\/wp-json\/wp\/v2\/product_tag?post=29078"}],"curies":[{"name":"wp","href":"https:\/\/api.w.org\/{rel}","templated":true}]}}