{"id":29162,"date":"2025-09-17T09:52:06","date_gmt":"2025-09-17T09:52:06","guid":{"rendered":"https:\/\/ozlemozyasar.com\/?post_type=product&#038;p=29162"},"modified":"2025-09-17T09:52:07","modified_gmt":"2025-09-17T09:52:07","slug":"siyah-cicek-baski-desen-pantolonlu-takim","status":"publish","type":"product","link":"https:\/\/ozlemozyasar.com\/en\/product\/siyah-cicek-baski-desen-pantolonlu-takim\/","title":{"rendered":"Siyah \u00c7i\u00e7ek Bask\u0131 Desen Pantolonlu Tak\u0131m"},"content":{"rendered":"","protected":false},"excerpt":{"rendered":"","protected":false},"featured_media":29164,"comment_status":"open","ping_status":"closed","template":"","meta":{"_uf_show_specific_survey":0,"_uf_disable_surveys":false},"product_brand":[],"product_cat":[284,363,15,269],"product_tag":[],"class_list":{"0":"post-29162","1":"product","2":"type-product","3":"status-publish","4":"has-post-thumbnail","6":"product_cat-giyim","7":"product_cat-ikili-takim-giyim","8":"product_cat-tumurunler","9":"product_cat-yeni-sezon","11":"first","12":"instock","13":"taxable","14":"shipping-taxable","15":"purchasable","16":"product-type-variable"},"_links":{"self":[{"href":"https:\/\/ozlemozyasar.com\/en\/wp-json\/wp\/v2\/product\/29162","targetHints":{"allow":["GET"]}}],"collection":[{"href":"https:\/\/ozlemozyasar.com\/en\/wp-json\/wp\/v2\/product"}],"about":[{"href":"https:\/\/ozlemozyasar.com\/en\/wp-json\/wp\/v2\/types\/product"}],"replies":[{"embeddable":true,"href":"https:\/\/ozlemozyasar.com\/en\/wp-json\/wp\/v2\/comments?post=29162"}],"version-history":[{"count":1,"href":"https:\/\/ozlemozyasar.com\/en\/wp-json\/wp\/v2\/product\/29162\/revisions"}],"predecessor-version":[{"id":29166,"href":"https:\/\/ozlemozyasar.com\/en\/wp-json\/wp\/v2\/product\/29162\/revisions\/29166"}],"wp:featuredmedia":[{"embeddable":true,"href":"https:\/\/ozlemozyasar.com\/en\/wp-json\/wp\/v2\/media\/29164"}],"wp:attachment":[{"href":"https:\/\/ozlemozyasar.com\/en\/wp-json\/wp\/v2\/media?parent=29162"}],"wp:term":[{"taxonomy":"product_brand","embeddable":true,"href":"https:\/\/ozlemozyasar.com\/en\/wp-json\/wp\/v2\/product_brand?post=29162"},{"taxonomy":"product_cat","embeddable":true,"href":"https:\/\/ozlemozyasar.com\/en\/wp-json\/wp\/v2\/product_cat?post=29162"},{"taxonomy":"product_tag","embeddable":true,"href":"https:\/\/ozlemozyasar.com\/en\/wp-json\/wp\/v2\/product_tag?post=29162"}],"curies":[{"name":"wp","href":"https:\/\/api.w.org\/{rel}","templated":true}]}}