{"id":29230,"date":"2025-09-19T10:03:14","date_gmt":"2025-09-19T10:03:14","guid":{"rendered":"https:\/\/ozlemozyasar.com\/?post_type=product&#038;p=29230"},"modified":"2025-09-19T10:03:15","modified_gmt":"2025-09-19T10:03:15","slug":"gul-detayli-tul-tutu-etek-bej","status":"publish","type":"product","link":"https:\/\/ozlemozyasar.com\/en\/product\/gul-detayli-tul-tutu-etek-bej\/","title":{"rendered":"G\u00fcl Detayl\u0131 T\u00fcl T\u00fct\u00fc Etek Bej"},"content":{"rendered":"","protected":false},"excerpt":{"rendered":"","protected":false},"featured_media":29221,"comment_status":"open","ping_status":"closed","template":"","meta":{"_uf_show_specific_survey":0,"_uf_disable_surveys":false},"product_brand":[],"product_cat":[284,295,318,15,269],"product_tag":[],"class_list":{"0":"post-29230","1":"product","2":"type-product","3":"status-publish","4":"has-post-thumbnail","6":"product_cat-giyim","7":"product_cat-alt-giyim","8":"product_cat-etek-alt-giyim","9":"product_cat-tumurunler","10":"product_cat-yeni-sezon","12":"first","13":"instock","14":"taxable","15":"shipping-taxable","16":"purchasable","17":"product-type-variable"},"_links":{"self":[{"href":"https:\/\/ozlemozyasar.com\/en\/wp-json\/wp\/v2\/product\/29230","targetHints":{"allow":["GET"]}}],"collection":[{"href":"https:\/\/ozlemozyasar.com\/en\/wp-json\/wp\/v2\/product"}],"about":[{"href":"https:\/\/ozlemozyasar.com\/en\/wp-json\/wp\/v2\/types\/product"}],"replies":[{"embeddable":true,"href":"https:\/\/ozlemozyasar.com\/en\/wp-json\/wp\/v2\/comments?post=29230"}],"version-history":[{"count":1,"href":"https:\/\/ozlemozyasar.com\/en\/wp-json\/wp\/v2\/product\/29230\/revisions"}],"predecessor-version":[{"id":29232,"href":"https:\/\/ozlemozyasar.com\/en\/wp-json\/wp\/v2\/product\/29230\/revisions\/29232"}],"wp:featuredmedia":[{"embeddable":true,"href":"https:\/\/ozlemozyasar.com\/en\/wp-json\/wp\/v2\/media\/29221"}],"wp:attachment":[{"href":"https:\/\/ozlemozyasar.com\/en\/wp-json\/wp\/v2\/media?parent=29230"}],"wp:term":[{"taxonomy":"product_brand","embeddable":true,"href":"https:\/\/ozlemozyasar.com\/en\/wp-json\/wp\/v2\/product_brand?post=29230"},{"taxonomy":"product_cat","embeddable":true,"href":"https:\/\/ozlemozyasar.com\/en\/wp-json\/wp\/v2\/product_cat?post=29230"},{"taxonomy":"product_tag","embeddable":true,"href":"https:\/\/ozlemozyasar.com\/en\/wp-json\/wp\/v2\/product_tag?post=29230"}],"curies":[{"name":"wp","href":"https:\/\/api.w.org\/{rel}","templated":true}]}}