{"id":29271,"date":"2025-09-23T10:22:11","date_gmt":"2025-09-23T10:22:11","guid":{"rendered":"https:\/\/ozlemozyasar.com\/?post_type=product&#038;p=29271"},"modified":"2025-09-23T10:22:13","modified_gmt":"2025-09-23T10:22:13","slug":"onu-cepli-yirtmacli-krem-kot-etek","status":"publish","type":"product","link":"https:\/\/ozlemozyasar.com\/en\/product\/onu-cepli-yirtmacli-krem-kot-etek\/","title":{"rendered":"\u00d6n\u00fc Cepli Y\u0131rtma\u00e7l\u0131 Krem Kot Etek"},"content":{"rendered":"","protected":false},"excerpt":{"rendered":"","protected":false},"featured_media":29260,"comment_status":"open","ping_status":"closed","template":"","meta":{"_uf_show_specific_survey":0,"_uf_disable_surveys":false},"product_brand":[],"product_cat":[284,295,318,15,269],"product_tag":[],"class_list":{"0":"post-29271","1":"product","2":"type-product","3":"status-publish","4":"has-post-thumbnail","6":"product_cat-giyim","7":"product_cat-alt-giyim","8":"product_cat-etek-alt-giyim","9":"product_cat-tumurunler","10":"product_cat-yeni-sezon","12":"first","13":"instock","14":"taxable","15":"shipping-taxable","16":"purchasable","17":"product-type-variable"},"_links":{"self":[{"href":"https:\/\/ozlemozyasar.com\/en\/wp-json\/wp\/v2\/product\/29271","targetHints":{"allow":["GET"]}}],"collection":[{"href":"https:\/\/ozlemozyasar.com\/en\/wp-json\/wp\/v2\/product"}],"about":[{"href":"https:\/\/ozlemozyasar.com\/en\/wp-json\/wp\/v2\/types\/product"}],"replies":[{"embeddable":true,"href":"https:\/\/ozlemozyasar.com\/en\/wp-json\/wp\/v2\/comments?post=29271"}],"version-history":[{"count":1,"href":"https:\/\/ozlemozyasar.com\/en\/wp-json\/wp\/v2\/product\/29271\/revisions"}],"predecessor-version":[{"id":29273,"href":"https:\/\/ozlemozyasar.com\/en\/wp-json\/wp\/v2\/product\/29271\/revisions\/29273"}],"wp:featuredmedia":[{"embeddable":true,"href":"https:\/\/ozlemozyasar.com\/en\/wp-json\/wp\/v2\/media\/29260"}],"wp:attachment":[{"href":"https:\/\/ozlemozyasar.com\/en\/wp-json\/wp\/v2\/media?parent=29271"}],"wp:term":[{"taxonomy":"product_brand","embeddable":true,"href":"https:\/\/ozlemozyasar.com\/en\/wp-json\/wp\/v2\/product_brand?post=29271"},{"taxonomy":"product_cat","embeddable":true,"href":"https:\/\/ozlemozyasar.com\/en\/wp-json\/wp\/v2\/product_cat?post=29271"},{"taxonomy":"product_tag","embeddable":true,"href":"https:\/\/ozlemozyasar.com\/en\/wp-json\/wp\/v2\/product_tag?post=29271"}],"curies":[{"name":"wp","href":"https:\/\/api.w.org\/{rel}","templated":true}]}}