{"id":29342,"date":"2025-09-23T14:42:52","date_gmt":"2025-09-23T14:42:52","guid":{"rendered":"https:\/\/ozlemozyasar.com\/?post_type=product&#038;p=29342"},"modified":"2025-09-27T09:04:14","modified_gmt":"2025-09-27T09:04:14","slug":"cicek-dugme-detayli-siyah-gomlek","status":"publish","type":"product","link":"https:\/\/ozlemozyasar.com\/en\/product\/cicek-dugme-detayli-siyah-gomlek\/","title":{"rendered":"\u00c7i\u00e7ek D\u00fc\u011fme Detayl\u0131 Siyah G\u00f6mlek"},"content":{"rendered":"","protected":false},"excerpt":{"rendered":"","protected":false},"featured_media":29339,"comment_status":"open","ping_status":"closed","template":"","meta":{"_uf_show_specific_survey":0,"_uf_disable_surveys":false},"product_brand":[],"product_cat":[284,314,15,294,269],"product_tag":[],"class_list":{"0":"post-29342","1":"product","2":"type-product","3":"status-publish","4":"has-post-thumbnail","6":"product_cat-giyim","7":"product_cat-gomlek-bluz","8":"product_cat-tumurunler","9":"product_cat-ust-giyim","10":"product_cat-yeni-sezon","12":"first","13":"instock","14":"taxable","15":"shipping-taxable","16":"purchasable","17":"product-type-variable"},"_links":{"self":[{"href":"https:\/\/ozlemozyasar.com\/en\/wp-json\/wp\/v2\/product\/29342","targetHints":{"allow":["GET"]}}],"collection":[{"href":"https:\/\/ozlemozyasar.com\/en\/wp-json\/wp\/v2\/product"}],"about":[{"href":"https:\/\/ozlemozyasar.com\/en\/wp-json\/wp\/v2\/types\/product"}],"replies":[{"embeddable":true,"href":"https:\/\/ozlemozyasar.com\/en\/wp-json\/wp\/v2\/comments?post=29342"}],"version-history":[{"count":1,"href":"https:\/\/ozlemozyasar.com\/en\/wp-json\/wp\/v2\/product\/29342\/revisions"}],"predecessor-version":[{"id":29344,"href":"https:\/\/ozlemozyasar.com\/en\/wp-json\/wp\/v2\/product\/29342\/revisions\/29344"}],"wp:featuredmedia":[{"embeddable":true,"href":"https:\/\/ozlemozyasar.com\/en\/wp-json\/wp\/v2\/media\/29339"}],"wp:attachment":[{"href":"https:\/\/ozlemozyasar.com\/en\/wp-json\/wp\/v2\/media?parent=29342"}],"wp:term":[{"taxonomy":"product_brand","embeddable":true,"href":"https:\/\/ozlemozyasar.com\/en\/wp-json\/wp\/v2\/product_brand?post=29342"},{"taxonomy":"product_cat","embeddable":true,"href":"https:\/\/ozlemozyasar.com\/en\/wp-json\/wp\/v2\/product_cat?post=29342"},{"taxonomy":"product_tag","embeddable":true,"href":"https:\/\/ozlemozyasar.com\/en\/wp-json\/wp\/v2\/product_tag?post=29342"}],"curies":[{"name":"wp","href":"https:\/\/api.w.org\/{rel}","templated":true}]}}