{"id":29393,"date":"2025-09-27T10:42:50","date_gmt":"2025-09-27T10:42:50","guid":{"rendered":"https:\/\/ozlemozyasar.com\/?post_type=product&#038;p=29393"},"modified":"2025-09-27T10:42:51","modified_gmt":"2025-09-27T10:42:51","slug":"dugme-detayli-rahat-kesimli-triko-elbise","status":"publish","type":"product","link":"https:\/\/ozlemozyasar.com\/en\/product\/dugme-detayli-rahat-kesimli-triko-elbise\/","title":{"rendered":"D\u00fc\u011fme Detayl\u0131 Rahat Kesimli Triko Elbise"},"content":{"rendered":"","protected":false},"excerpt":{"rendered":"","protected":false},"featured_media":29396,"comment_status":"open","ping_status":"closed","template":"","meta":{"_uf_show_specific_survey":0,"_uf_disable_surveys":false},"product_brand":[],"product_cat":[284,288,311,15,269],"product_tag":[],"class_list":{"0":"post-29393","1":"product","2":"type-product","3":"status-publish","4":"has-post-thumbnail","6":"product_cat-giyim","7":"product_cat-elbise","8":"product_cat-gunluk-elbise-elbise","9":"product_cat-tumurunler","10":"product_cat-yeni-sezon","12":"first","13":"instock","14":"taxable","15":"shipping-taxable","16":"purchasable","17":"product-type-variable"},"_links":{"self":[{"href":"https:\/\/ozlemozyasar.com\/en\/wp-json\/wp\/v2\/product\/29393","targetHints":{"allow":["GET"]}}],"collection":[{"href":"https:\/\/ozlemozyasar.com\/en\/wp-json\/wp\/v2\/product"}],"about":[{"href":"https:\/\/ozlemozyasar.com\/en\/wp-json\/wp\/v2\/types\/product"}],"replies":[{"embeddable":true,"href":"https:\/\/ozlemozyasar.com\/en\/wp-json\/wp\/v2\/comments?post=29393"}],"version-history":[{"count":1,"href":"https:\/\/ozlemozyasar.com\/en\/wp-json\/wp\/v2\/product\/29393\/revisions"}],"predecessor-version":[{"id":29397,"href":"https:\/\/ozlemozyasar.com\/en\/wp-json\/wp\/v2\/product\/29393\/revisions\/29397"}],"wp:featuredmedia":[{"embeddable":true,"href":"https:\/\/ozlemozyasar.com\/en\/wp-json\/wp\/v2\/media\/29396"}],"wp:attachment":[{"href":"https:\/\/ozlemozyasar.com\/en\/wp-json\/wp\/v2\/media?parent=29393"}],"wp:term":[{"taxonomy":"product_brand","embeddable":true,"href":"https:\/\/ozlemozyasar.com\/en\/wp-json\/wp\/v2\/product_brand?post=29393"},{"taxonomy":"product_cat","embeddable":true,"href":"https:\/\/ozlemozyasar.com\/en\/wp-json\/wp\/v2\/product_cat?post=29393"},{"taxonomy":"product_tag","embeddable":true,"href":"https:\/\/ozlemozyasar.com\/en\/wp-json\/wp\/v2\/product_tag?post=29393"}],"curies":[{"name":"wp","href":"https:\/\/api.w.org\/{rel}","templated":true}]}}